{"id":13263,"date":"2023-01-18T10:38:30","date_gmt":"2023-01-18T10:38:30","guid":{"rendered":"https:\/\/drkorkmaz.com\/esthetique-corporelle\/"},"modified":"2024-12-16T11:46:31","modified_gmt":"2024-12-16T11:46:31","slug":"esthetique-corporelle","status":"publish","type":"page","link":"https:\/\/drkorkmaz.com\/fr\/esthetique-corporelle\/","title":{"rendered":"Esth\u00e9tique corporelle"},"content":{"rendered":"<p>[vc_row][vc_column][vc_single_image image=&#8221;10641&#8243; img_size=&#8221;full&#8221; css=&#8221;.vc_custom_1679993089004{margin-top: 40px !important;}&#8221;][vc_column_text]Dans la soci\u00e9t\u00e9 actuelle, l&#8217;apparence physique joue un r\u00f4le important dans la confiance en soi et la fa\u00e7on dont nous nous pr\u00e9sentons au monde. Les interventions d&#8217;esth\u00e9tique corporelle sont de plus en plus populaires comme moyen d&#8217;am\u00e9liorer l&#8217;apparence physique et de renforcer la confiance en soi. Les interventions d&#8217;esth\u00e9tique corporelle peuvent concerner diff\u00e9rentes parties du corps, notamment les bras, les cuisses, l&#8217;abdomen, les fesses et les seins.  <\/p>\n<p>&nbsp;<\/p>\n<p>Les interventions d&#8217;esth\u00e9tique corporelle visent \u00e0 am\u00e9liorer l&#8217;aspect g\u00e9n\u00e9ral du corps en \u00e9liminant l&#8217;exc\u00e8s de peau, de graisse et de cellulite. Il existe plusieurs types d&#8217;interventions esth\u00e9tiques corporelles, chacune \u00e9tant con\u00e7ue pour r\u00e9pondre \u00e0 des pr\u00e9occupations diff\u00e9rentes et obtenir des r\u00e9sultats sp\u00e9cifiques. <\/p>\n<p>&nbsp;<\/p>\n<p>La liposuccion est l&#8217;une des interventions esth\u00e9tiques corporelles les plus populaires. Elle consiste \u00e0 \u00e9liminer l&#8217;exc\u00e8s de graisse dans des zones telles que l&#8217;abdomen, les hanches et les cuisses. Cette intervention est id\u00e9ale pour les personnes qui ont essay\u00e9 de perdre du poids en suivant un r\u00e9gime et en faisant de l&#8217;exercice, mais qui n&#8217;ont pas obtenu les r\u00e9sultats souhait\u00e9s. La liposuccion peut \u00e9galement contribuer \u00e0 remodeler le corps et \u00e0 lui donner une apparence plus sculpt\u00e9e et plus tonique.  <\/p>\n<p>&nbsp;<\/p>\n<p>La plastie abdominale, \u00e9galement appel\u00e9e abdominoplastie, est une autre intervention esth\u00e9tique corporelle tr\u00e8s pris\u00e9e. Cette intervention vise \u00e0 \u00e9liminer l&#8217;exc\u00e8s de peau et de graisse dans la r\u00e9gion abdominale, afin de rendre le ventre plus plat et plus tonique. La plastie abdominale est souvent recommand\u00e9e aux personnes qui ont perdu beaucoup de poids ou qui ont subi plusieurs grossesses, ce qui leur laisse un exc\u00e8s de peau et des muscles abdominaux \u00e9tir\u00e9s.  <\/p>\n<p>&nbsp;<\/p>\n<p>L&#8217;augmentation mammaire est une autre intervention esth\u00e9tique corporelle populaire, qui consiste \u00e0 ins\u00e9rer des implants pour am\u00e9liorer la taille et la forme des seins. Cette intervention est id\u00e9ale pour les femmes qui se sentent g\u00ean\u00e9es par la taille ou la forme de leurs seins ou qui ont perdu du volume en raison d&#8217;une perte de poids ou de l&#8217;allaitement. <\/p>\n<p>&nbsp;<\/p>\n<p>Les proc\u00e9dures d&#8217;esth\u00e9tique corporelle ne sont pas r\u00e9serv\u00e9es aux femmes. Les hommes peuvent \u00e9galement en b\u00e9n\u00e9ficier, la r\u00e9duction mammaire et le remodelage du corps devenant de plus en plus populaires. La r\u00e9duction mammaire masculine consiste \u00e0 retirer l&#8217;exc\u00e8s de tissu mammaire afin de rendre la poitrine plus plate et plus masculine, tandis que le remodelage du corps permet d&#8217;\u00e9liminer l&#8217;exc\u00e8s de graisse et de peau au niveau de l&#8217;abdomen et de la poitrine, ce qui donne une apparence plus tonique et mieux d\u00e9finie.  <\/p>\n<p>&nbsp;<\/p>\n<p>Les avantages des proc\u00e9dures d&#8217;esth\u00e9tique corporelle vont au-del\u00e0 de l&#8217;apparence physique. De nombreuses personnes qui subissent ces interventions font \u00e9tat d&#8217;une am\u00e9lioration de leur confiance en soi et de leur estime de soi, ce qui peut avoir un impact positif sur leur vie personnelle et professionnelle. <\/p>\n<p>&nbsp;<\/p>\n<p>Si vous envisagez une intervention d&#8217;esth\u00e9tique corporelle, il est essentiel de consulter un chirurgien plasticien qualifi\u00e9 et exp\u00e9riment\u00e9. Une consultation vous permettra de discuter de vos objectifs et de vos pr\u00e9occupations, et votre chirurgien pourra vous recommander la meilleure proc\u00e9dure pour obtenir les r\u00e9sultats souhait\u00e9s. <\/p>\n<p>&nbsp;<\/p>\n<p>En conclusion, les interventions d&#8217;esth\u00e9tique corporelle peuvent am\u00e9liorer votre apparence physique et renforcer votre confiance en vous. Gr\u00e2ce \u00e0 l&#8217;\u00e9ventail des proc\u00e9dures disponibles, il existe une solution pour r\u00e9pondre \u00e0 n&#8217;importe quel probl\u00e8me et obtenir des r\u00e9sultats sp\u00e9cifiques. Consultez un chirurgien plasticien qualifi\u00e9 pour d\u00e9terminer l&#8217;intervention qui vous convient le mieux et faire le premier pas vers l&#8217;esth\u00e9tique corporelle que vous souhaitez.  <\/p>\n<p>&nbsp;<\/p>\n<p>Les traitements d&#8217;esth\u00e9tique corporelle peuvent aider les individus \u00e0 obtenir la forme et les contours corporels souhait\u00e9s en ciblant les zones qui r\u00e9sistent aux r\u00e9gimes et \u00e0 l&#8217;exercice. Gr\u00e2ce aux progr\u00e8s de la technologie et des techniques m\u00e9dicales, il existe aujourd&#8217;hui plusieurs options de traitement esth\u00e9tique du corps qui sont \u00e0 la fois s\u00fbres et efficaces. <\/p>\n<p>&nbsp;<\/p>\n<p>Les traitements d&#8217;esth\u00e9tique corporelle comprennent des proc\u00e9dures telles que la liposuccion, l&#8217;abdominoplastie, l&#8217;augmentation mammaire et bien d&#8217;autres encore. Ces proc\u00e9dures peuvent am\u00e9liorer la forme du corps, r\u00e9duire le rel\u00e2chement de la peau et am\u00e9liorer l&#8217;apparence g\u00e9n\u00e9rale. En fonction de ses objectifs et de ses besoins, chaque personne peut choisir le traitement esth\u00e9tique corporel qui lui convient le mieux.  <\/p>\n<p>&nbsp;<\/p>\n<p>La liposuccion est un traitement esth\u00e9tique corporel populaire qui consiste \u00e0 \u00e9liminer l&#8217;exc\u00e8s de graisse dans des zones sp\u00e9cifiques du corps telles que l&#8217;abdomen, les hanches, les cuisses, les bras et le cou. Cette proc\u00e9dure peut \u00eatre r\u00e9alis\u00e9e \u00e0 l&#8217;aide de diff\u00e9rentes techniques telles que la liposuccion traditionnelle, la liposuccion assist\u00e9e par laser et la liposuccion assist\u00e9e par ultrasons. <\/p>\n<p>&nbsp;<\/p>\n<p>L&#8217;abdominoplastie, \u00e9galement connue sous le nom de plastie abdominale, est une intervention chirurgicale qui permet d&#8217;\u00e9liminer l&#8217;exc\u00e8s de peau et de graisse dans la r\u00e9gion abdominale. Cette intervention est id\u00e9ale pour les personnes qui ont perdu beaucoup de poids et qui pr\u00e9sentent un exc\u00e8s de peau ou un rel\u00e2chement musculaire dans la r\u00e9gion abdominale. <\/p>\n<p>&nbsp;<\/p>\n<p>L&#8217;augmentation mammaire est un autre traitement esth\u00e9tique corporel populaire qui implique l&#8217;utilisation d&#8217;implants pour am\u00e9liorer la taille et la forme des seins. Cette intervention est id\u00e9ale pour les femmes qui ne sont pas satisfaites de la taille ou de la forme de leurs seins, ou pour celles qui ont perdu du volume en raison d&#8217;une perte de poids, d&#8217;une grossesse ou du vieillissement. <\/p>\n<p>&nbsp;<\/p>\n<p>Outre ces proc\u00e9dures, plusieurs traitements esth\u00e9tiques corporels non chirurgicaux sont \u00e9galement disponibles. Il s&#8217;agit notamment de CoolSculpting, du resserrement de la peau par radiofr\u00e9quence et des traitements de r\u00e9duction de la cellulite. <\/p>\n<p>&nbsp;<\/p>\n<p>CoolSculpting est un traitement non chirurgical de remodelage du corps qui utilise des temp\u00e9ratures de cong\u00e9lation pour cibler et d\u00e9truire les cellules adipeuses dans des zones sp\u00e9cifiques du corps. Ce traitement est id\u00e9al pour les personnes qui ont des poches de graisse tenaces qui r\u00e9sistent aux r\u00e9gimes et \u00e0 l&#8217;exercice. <\/p>\n<p>&nbsp;<\/p>\n<p>Le resserrement cutan\u00e9 par radiofr\u00e9quence est une proc\u00e9dure non invasive qui utilise l&#8217;\u00e9nergie de la radiofr\u00e9quence pour stimuler la production de collag\u00e8ne et resserrer la peau rel\u00e2ch\u00e9e. Ce traitement est id\u00e9al pour les personnes dont la peau se rel\u00e2che dans des zones telles que le visage, le cou, les bras et l&#8217;abdomen. Les traitements de r\u00e9duction de la cellulite sont des proc\u00e9dures non invasives qui utilisent diverses techniques telles que le massage, la chaleur et l&#8217;aspiration pour am\u00e9liorer l&#8217;apparence de la cellulite. Ces traitements peuvent contribuer \u00e0 lisser la peau et \u00e0 r\u00e9duire l&#8217;aspect capitonn\u00e9 de la cellulite. <\/p>\n<p>&nbsp;<\/p>\n<p>En conclusion, les traitements d&#8217;esth\u00e9tique corporelle peuvent aider les individus \u00e0 obtenir la forme et les contours du corps qu&#8217;ils souhaitent. Que vous recherchiez un traitement chirurgical ou non chirurgical, de nombreuses options sont disponibles pour vous aider \u00e0 atteindre vos objectifs. Il est important de consulter un professionnel de l&#8217;esth\u00e9tique qualifi\u00e9 et exp\u00e9riment\u00e9 pour d\u00e9terminer le traitement qui vous convient.  [\/vc_column_text][\/vc_column][\/vc_row]<\/p>\n","protected":false},"excerpt":{"rendered":"<p>[vc_row][vc_column][vc_single_image image=&#8221;10641&#8243; img_size=&#8221;full&#8221; css=&#8221;.vc_custom_1679993089004{margin-top: 40px !important;}&#8221;][vc_column_text]Dans la soci\u00e9t\u00e9 actuelle, l&#8217;apparence physique joue un r\u00f4le important dans la confiance en soi et la fa\u00e7on dont nous nous pr\u00e9sentons au monde. Les interventions d&#8217;esth\u00e9tique corporelle sont de plus en plus populaires comme moyen d&#8217;am\u00e9liorer l&#8217;apparence physique et de renforcer la confiance en soi. Les interventions d&#8217;esth\u00e9tique corporelle [&hellip;]<\/p>\n","protected":false},"author":1,"featured_media":0,"parent":0,"menu_order":0,"comment_status":"closed","ping_status":"closed","template":"","meta":{"footnotes":""},"class_list":["post-13263","page","type-page","status-publish","hentry"],"rankMath":{"parentDomain":"drkorkmaz.com","noFollowDomains":[],"noFollowExcludeDomains":[],"noFollowExternalLinks":true,"featuredImageNotice":"L\u2019image en vedette devrait \u00eatre au moins 200 par 200 pixels pour \u00eatre utilis\u00e9 par Facebook et d\u2019autres sites de m\u00e9dias sociaux.","pluginReviewed":false,"postSettings":{"linkSuggestions":true,"useFocusKeyword":false},"frontEndScore":false,"postName":"esthetique-corporelle","permalinkFormat":"https:\/\/drkorkmaz.com\/fr\/%pagename%\/","showLockModifiedDate":true,"assessor":{"focusKeywordLink":"https:\/\/drkorkmaz.com\/wp-admin\/edit.php?focus_keyword=%focus_keyword%&post_type=%post_type%","hasTOCPlugin":false,"primaryTaxonomy":false,"serpData":{"title":"","description":"Les proc\u00e9dures d'esth\u00e9tique corporelle sont de plus en plus populaires pour am\u00e9liorer l'apparence physique et renforcer la confiance en soi.","focusKeywords":"Esth\u00e9tique corporelle","pillarContent":false,"canonicalUrl":"","breadcrumbTitle":"","advancedRobots":{"max-snippet":"-1","max-video-preview":"-1","max-image-preview":"large"},"facebookTitle":"","facebookDescription":"","facebookImage":"","facebookImageID":"","facebookHasOverlay":false,"facebookImageOverlay":"","facebookAuthor":"","twitterCardType":"","twitterUseFacebook":true,"twitterTitle":"","twitterDescription":"","twitterImage":"","twitterImageID":"","twitterHasOverlay":false,"twitterImageOverlay":"","twitterPlayerUrl":"","twitterPlayerSize":"","twitterPlayerStream":"","twitterPlayerStreamCtype":"","twitterAppDescription":"","twitterAppIphoneName":"","twitterAppIphoneID":"","twitterAppIphoneUrl":"","twitterAppIpadName":"","twitterAppIpadID":"","twitterAppIpadUrl":"","twitterAppGoogleplayName":"","twitterAppGoogleplayID":"","twitterAppGoogleplayUrl":"","twitterAppCountry":"","robots":{"index":true},"twitterAuthor":"identifiant","primaryTerm":0,"authorName":"admin","titleTemplate":"%title% %page% %sep% %sitename%","descriptionTemplate":"%excerpt%","showScoreFrontend":true,"lockModifiedDate":false},"powerWords":["absolument","amazement","astonishing","authentique","beau","bien-\u00eatre","brillant","captivant","charismatique","choc","clair","compl\u00e8tement","confidentiel","confiance","cons\u00e9quent","cr\u00e9atif","d\u00e9finitivement","d\u00e9licieux","d\u00e9montrer","d\u00e9p\u00eachez-vous","d\u00e9termin\u00e9","digne","dynamique","\u00e9blouissant","\u00e9clatant","\u00e9conomique","\u00e9fficace","\u00e9l\u00e9gant","\u00e9motionnel","\u00e9nergique","\u00e9norme","\u00e9poustouflant","essentiel","\u00e9tonnant","exclusif","exp\u00e9rience","fabuleux","fantastique","formidable","fort","garanti","g\u00e9ant","g\u00e9n\u00e9reux","grandiose","gratuit","habile","harmonieux","historique","hors pair","important","incroyable","indispensable","inoubliable","inspirant","innovant","intense","invention","irr\u00e9sistible","l\u00e9gendaire","lumineux","luxe","magique","magnifique","majestueux","marquant","merveilleux","miraculeux","motivant","n\u00e9cessaire","nouvelle","officiel","parfait","passionn\u00e9","persuasif","ph\u00e9nom\u00e9nal","plaisir","populaire","pouvoir","prestigieux","prodigieux","profond","prosp\u00e8re","puissant","qualit\u00e9","radieux","rapide","r\u00e9ussi","r\u00e9volutionnaire","satisfait","s\u00e9curit\u00e9","sensationnel","serein","somptueux","splendide","sublime","surprenant","talentueux","terrifiant","unique","valeur","vibrant","victorieux","vif","vraiment","z\u00e9l\u00e9"],"diacritics":{"A":"[\\u0041\\u24B6\\uFF21\\u00C0\\u00C1\\u00C2\\u1EA6\\u1EA4\\u1EAA\\u1EA8\\u00C3\\u0100\\u0102\\u1EB0\\u1EAE\\u1EB4\\u1EB2\\u0226\\u01E0\\u00C4\\u01DE\\u1EA2\\u00C5\\u01FA\\u01CD\\u0200\\u0202\\u1EA0\\u1EAC\\u1EB6\\u1E00\\u0104\\u023A\\u2C6F]","AA":"[\\uA732]","AE":"[\\u00C6\\u01FC\\u01E2]","AO":"[\\uA734]","AU":"[\\uA736]","AV":"[\\uA738\\uA73A]","AY":"[\\uA73C]","B":"[\\u0042\\u24B7\\uFF22\\u1E02\\u1E04\\u1E06\\u0243\\u0182\\u0181]","C":"[\\u0043\\u24B8\\uFF23\\u0106\\u0108\\u010A\\u010C\\u00C7\\u1E08\\u0187\\u023B\\uA73E]","D":"[\\u0044\\u24B9\\uFF24\\u1E0A\\u010E\\u1E0C\\u1E10\\u1E12\\u1E0E\\u0110\\u018B\\u018A\\u0189\\uA779]","DZ":"[\\u01F1\\u01C4]","Dz":"[\\u01F2\\u01C5]","E":"[\\u0045\\u24BA\\uFF25\\u00C8\\u00C9\\u00CA\\u1EC0\\u1EBE\\u1EC4\\u1EC2\\u1EBC\\u0112\\u1E14\\u1E16\\u0114\\u0116\\u00CB\\u1EBA\\u011A\\u0204\\u0206\\u1EB8\\u1EC6\\u0228\\u1E1C\\u0118\\u1E18\\u1E1A\\u0190\\u018E]","F":"[\\u0046\\u24BB\\uFF26\\u1E1E\\u0191\\uA77B]","G":"[\\u0047\\u24BC\\uFF27\\u01F4\\u011C\\u1E20\\u011E\\u0120\\u01E6\\u0122\\u01E4\\u0193\\uA7A0\\uA77D\\uA77E]","H":"[\\u0048\\u24BD\\uFF28\\u0124\\u1E22\\u1E26\\u021E\\u1E24\\u1E28\\u1E2A\\u0126\\u2C67\\u2C75\\uA78D]","I":"[\\u0049\\u24BE\\uFF29\\u00CC\\u00CD\\u00CE\\u0128\\u012A\\u012C\\u0130\\u00CF\\u1E2E\\u1EC8\\u01CF\\u0208\\u020A\\u1ECA\\u012E\\u1E2C\\u0197]","J":"[\\u004A\\u24BF\\uFF2A\\u0134\\u0248]","K":"[\\u004B\\u24C0\\uFF2B\\u1E30\\u01E8\\u1E32\\u0136\\u1E34\\u0198\\u2C69\\uA740\\uA742\\uA744\\uA7A2]","L":"[\\u004C\\u24C1\\uFF2C\\u013F\\u0139\\u013D\\u1E36\\u1E38\\u013B\\u1E3C\\u1E3A\\u0141\\u023D\\u2C62\\u2C60\\uA748\\uA746\\uA780]","LJ":"[\\u01C7]","Lj":"[\\u01C8]","M":"[\\u004D\\u24C2\\uFF2D\\u1E3E\\u1E40\\u1E42\\u2C6E\\u019C]","N":"[\\u004E\\u24C3\\uFF2E\\u01F8\\u0143\\u00D1\\u1E44\\u0147\\u1E46\\u0145\\u1E4A\\u1E48\\u0220\\u019D\\uA790\\uA7A4]","NJ":"[\\u01CA]","Nj":"[\\u01CB]","O":"[\\u004F\\u24C4\\uFF2F\\u00D2\\u00D3\\u00D4\\u1ED2\\u1ED0\\u1ED6\\u1ED4\\u00D5\\u1E4C\\u022C\\u1E4E\\u014C\\u1E50\\u1E52\\u014E\\u022E\\u0230\\u00D6\\u022A\\u1ECE\\u0150\\u01D1\\u020C\\u020E\\u01A0\\u1EDC\\u1EDA\\u1EE0\\u1EDE\\u1EE2\\u1ECC\\u1ED8\\u01EA\\u01EC\\u00D8\\u01FE\\u0186\\u019F\\uA74A\\uA74C]","OI":"[\\u01A2]","OO":"[\\uA74E]","OU":"[\\u0222]","P":"[\\u0050\\u24C5\\uFF30\\u1E54\\u1E56\\u01A4\\u2C63\\uA750\\uA752\\uA754]","Q":"[\\u0051\\u24C6\\uFF31\\uA756\\uA758\\u024A]","R":"[\\u0052\\u24C7\\uFF32\\u0154\\u1E58\\u0158\\u0210\\u0212\\u1E5A\\u1E5C\\u0156\\u1E5E\\u024C\\u2C64\\uA75A\\uA7A6\\uA782]","S":"[\\u0053\\u24C8\\uFF33\\u1E9E\\u015A\\u1E64\\u015C\\u1E60\\u0160\\u1E66\\u1E62\\u1E68\\u0218\\u015E\\u2C7E\\uA7A8\\uA784]","T":"[\\u0054\\u24C9\\uFF34\\u1E6A\\u0164\\u1E6C\\u021A\\u0162\\u1E70\\u1E6E\\u0166\\u01AC\\u01AE\\u023E\\uA786]","TZ":"[\\uA728]","U":"[\\u0055\\u24CA\\uFF35\\u00D9\\u00DA\\u00DB\\u0168\\u1E78\\u016A\\u1E7A\\u016C\\u00DC\\u01DB\\u01D7\\u01D5\\u01D9\\u1EE6\\u016E\\u0170\\u01D3\\u0214\\u0216\\u01AF\\u1EEA\\u1EE8\\u1EEE\\u1EEC\\u1EF0\\u1EE4\\u1E72\\u0172\\u1E76\\u1E74\\u0244]","V":"[\\u0056\\u24CB\\uFF36\\u1E7C\\u1E7E\\u01B2\\uA75E\\u0245]","VY":"[\\uA760]","W":"[\\u0057\\u24CC\\uFF37\\u1E80\\u1E82\\u0174\\u1E86\\u1E84\\u1E88\\u2C72]","X":"[\\u0058\\u24CD\\uFF38\\u1E8A\\u1E8C]","Y":"[\\u0059\\u24CE\\uFF39\\u1EF2\\u00DD\\u0176\\u1EF8\\u0232\\u1E8E\\u0178\\u1EF6\\u1EF4\\u01B3\\u024E\\u1EFE]","Z":"[\\u005A\\u24CF\\uFF3A\\u0179\\u1E90\\u017B\\u017D\\u1E92\\u1E94\\u01B5\\u0224\\u2C7F\\u2C6B\\uA762]","a":"[\\u0061\\u24D0\\uFF41\\u1E9A\\u00E0\\u00E1\\u00E2\\u1EA7\\u1EA5\\u1EAB\\u1EA9\\u00E3\\u0101\\u0103\\u1EB1\\u1EAF\\u1EB5\\u1EB3\\u0227\\u01E1\\u00E4\\u01DF\\u1EA3\\u00E5\\u01FB\\u01CE\\u0201\\u0203\\u1EA1\\u1EAD\\u1EB7\\u1E01\\u0105\\u2C65\\u0250]","aa":"[\\uA733]","ae":"[\\u00E6\\u01FD\\u01E3]","ao":"[\\uA735]","au":"[\\uA737]","av":"[\\uA739\\uA73B]","ay":"[\\uA73D]","b":"[\\u0062\\u24D1\\uFF42\\u1E03\\u1E05\\u1E07\\u0180\\u0183\\u0253]","c":"[\\u0063\\u24D2\\uFF43\\u0107\\u0109\\u010B\\u010D\\u00E7\\u1E09\\u0188\\u023C\\uA73F\\u2184]","d":"[\\u0064\\u24D3\\uFF44\\u1E0B\\u010F\\u1E0D\\u1E11\\u1E13\\u1E0F\\u0111\\u018C\\u0256\\u0257\\uA77A]","dz":"[\\u01F3\\u01C6]","e":"[\\u0065\\u24D4\\uFF45\\u00E8\\u00E9\\u00EA\\u1EC1\\u1EBF\\u1EC5\\u1EC3\\u1EBD\\u0113\\u1E15\\u1E17\\u0115\\u0117\\u00EB\\u1EBB\\u011B\\u0205\\u0207\\u1EB9\\u1EC7\\u0229\\u1E1D\\u0119\\u1E19\\u1E1B\\u0247\\u025B\\u01DD]","f":"[\\u0066\\u24D5\\uFF46\\u1E1F\\u0192\\uA77C]","g":"[\\u0067\\u24D6\\uFF47\\u01F5\\u011D\\u1E21\\u011F\\u0121\\u01E7\\u0123\\u01E5\\u0260\\uA7A1\\u1D79\\uA77F]","h":"[\\u0068\\u24D7\\uFF48\\u0125\\u1E23\\u1E27\\u021F\\u1E25\\u1E29\\u1E2B\\u1E96\\u0127\\u2C68\\u2C76\\u0265]","hv":"[\\u0195]","i":"[\\u0069\\u24D8\\uFF49\\u00EC\\u00ED\\u00EE\\u0129\\u012B\\u012D\\u00EF\\u1E2F\\u1EC9\\u01D0\\u0209\\u020B\\u1ECB\\u012F\\u1E2D\\u0268\\u0131]","j":"[\\u006A\\u24D9\\uFF4A\\u0135\\u01F0\\u0249]","k":"[\\u006B\\u24DA\\uFF4B\\u1E31\\u01E9\\u1E33\\u0137\\u1E35\\u0199\\u2C6A\\uA741\\uA743\\uA745\\uA7A3]","l":"[\\u006C\\u24DB\\uFF4C\\u0140\\u013A\\u013E\\u1E37\\u1E39\\u013C\\u1E3D\\u1E3B\\u017F\\u0142\\u019A\\u026B\\u2C61\\uA749\\uA781\\uA747]","lj":"[\\u01C9]","m":"[\\u006D\\u24DC\\uFF4D\\u1E3F\\u1E41\\u1E43\\u0271\\u026F]","n":"[\\u006E\\u24DD\\uFF4E\\u01F9\\u0144\\u00F1\\u1E45\\u0148\\u1E47\\u0146\\u1E4B\\u1E49\\u019E\\u0272\\u0149\\uA791\\uA7A5]","nj":"[\\u01CC]","o":"[\\u006F\\u24DE\\uFF4F\\u00F2\\u00F3\\u00F4\\u1ED3\\u1ED1\\u1ED7\\u1ED5\\u00F5\\u1E4D\\u022D\\u1E4F\\u014D\\u1E51\\u1E53\\u014F\\u022F\\u0231\\u00F6\\u022B\\u1ECF\\u0151\\u01D2\\u020D\\u020F\\u01A1\\u1EDD\\u1EDB\\u1EE1\\u1EDF\\u1EE3\\u1ECD\\u1ED9\\u01EB\\u01ED\\u00F8\\u01FF\\u0254\\uA74B\\uA74D\\u0275]","oi":"[\\u01A3]","ou":"[\\u0223]","oo":"[\\uA74F]","p":"[\\u0070\\u24DF\\uFF50\\u1E55\\u1E57\\u01A5\\u1D7D\\uA751\\uA753\\uA755]","q":"[\\u0071\\u24E0\\uFF51\\u024B\\uA757\\uA759]","r":"[\\u0072\\u24E1\\uFF52\\u0155\\u1E59\\u0159\\u0211\\u0213\\u1E5B\\u1E5D\\u0157\\u1E5F\\u024D\\u027D\\uA75B\\uA7A7\\uA783]","s":"[\\u0073\\u24E2\\uFF53\\u015B\\u1E65\\u015D\\u1E61\\u0161\\u1E67\\u1E63\\u1E69\\u0219\\u015F\\u023F\\uA7A9\\uA785\\u1E9B]","ss":"[\\u00DF]","t":"[\\u0074\\u24E3\\uFF54\\u1E6B\\u1E97\\u0165\\u1E6D\\u021B\\u0163\\u1E71\\u1E6F\\u0167\\u01AD\\u0288\\u2C66\\uA787]","tz":"[\\uA729]","u":"[\\u0075\\u24E4\\uFF55\\u00F9\\u00FA\\u00FB\\u0169\\u1E79\\u016B\\u1E7B\\u016D\\u00FC\\u01DC\\u01D8\\u01D6\\u01DA\\u1EE7\\u016F\\u0171\\u01D4\\u0215\\u0217\\u01B0\\u1EEB\\u1EE9\\u1EEF\\u1EED\\u1EF1\\u1EE5\\u1E73\\u0173\\u1E77\\u1E75\\u0289]","v":"[\\u0076\\u24E5\\uFF56\\u1E7D\\u1E7F\\u028B\\uA75F\\u028C]","vy":"[\\uA761]","w":"[\\u0077\\u24E6\\uFF57\\u1E81\\u1E83\\u0175\\u1E87\\u1E85\\u1E98\\u1E89\\u2C73]","x":"[\\u0078\\u24E7\\uFF58\\u1E8B\\u1E8D]","y":"[\\u0079\\u24E8\\uFF59\\u1EF3\\u00FD\\u0177\\u1EF9\\u0233\\u1E8F\\u00FF\\u1EF7\\u1E99\\u1EF5\\u01B4\\u024F\\u1EFF]","z":"[\\u007A\\u24E9\\uFF5A\\u017A\\u1E91\\u017C\\u017E\\u1E93\\u1E95\\u01B6\\u0225\\u0240\\u2C6C\\uA763]"},"researchesTests":["contentHasTOC","contentHasShortParagraphs","contentHasAssets","keywordInTitle","keywordInMetaDescription","keywordInPermalink","keywordIn10Percent","keywordInContent","keywordInSubheadings","keywordInImageAlt","keywordDensity","keywordNotUsed","lengthContent","lengthPermalink","linksHasInternal","linksHasExternals","linksNotAllExternals","titleStartWithKeyword","titleSentiment","titleHasPowerWords","titleHasNumber","hasContentAI"],"hasRedirection":true,"hasBreadcrumb":true},"homeUrl":"https:\/\/drkorkmaz.com\/fr\/","objectID":13263,"objectType":"post","locale":"fr","localeFull":"fr_FR","overlayImages":{"play":{"name":"Ic\u00f4ne de lecture","url":"https:\/\/drkorkmaz.com\/wp-content\/plugins\/seo-by-rank-math\/assets\/admin\/img\/icon-play.png","path":"\/home\/drkorkmaz\/public_html\/wp-content\/plugins\/seo-by-rank-math\/assets\/admin\/img\/icon-play.png","position":"middle_center"},"gif":{"name":"Ic\u00f4ne GIF","url":"https:\/\/drkorkmaz.com\/wp-content\/plugins\/seo-by-rank-math\/assets\/admin\/img\/icon-gif.png","path":"\/home\/drkorkmaz\/public_html\/wp-content\/plugins\/seo-by-rank-math\/assets\/admin\/img\/icon-gif.png","position":"middle_center"}},"defautOgImage":"https:\/\/drkorkmaz.com\/wp-content\/plugins\/seo-by-rank-math\/assets\/admin\/img\/social-placeholder.jpg","customPermalinks":true,"isUserRegistered":true,"autoSuggestKeywords":true,"connectSiteUrl":"https:\/\/rankmath.com\/auth?site=https%3A%2F%2Fdrkorkmaz.com%2Ffr%2F&r=https%3A%2F%2Fdrkorkmaz.com%2Ffr%2Fwp-json%2Fwp%2Fv2%2Fpages%2F13263%3Fnonce%3D5c013c5e49&pro=1","maxTags":100,"trendsIcon":"<svg viewBox=\"0 0 610 610\"><path d=\"M18.85,446,174.32,290.48l58.08,58.08L76.93,504a14.54,14.54,0,0,1-20.55,0L18.83,466.48a14.54,14.54,0,0,1,0-20.55Z\" style=\"fill:#4285f4\"\/><path d=\"M242.65,242.66,377.59,377.6l-47.75,47.75a14.54,14.54,0,0,1-20.55,0L174.37,290.43l47.75-47.75A14.52,14.52,0,0,1,242.65,242.66Z\" style=\"fill:#ea4335\"\/><polygon points=\"319.53 319.53 479.26 159.8 537.34 217.88 377.61 377.62 319.53 319.53\" style=\"fill:#fabb05\"\/><path d=\"M594.26,262.73V118.61h0a16.94,16.94,0,0,0-16.94-16.94H433.2a16.94,16.94,0,0,0-12,28.92L565.34,274.71h0a16.94,16.94,0,0,0,28.92-12Z\" style=\"fill:#34a853\"\/><rect width=\"610\" height=\"610\" style=\"fill:none\"\/><\/svg>","showScore":true,"siteFavIcon":"https:\/\/drkorkmaz.com\/wp-content\/uploads\/2023\/02\/cropped-favicon-1-32x32.png","canUser":{"general":false,"advanced":false,"snippet":false,"social":false,"analysis":false,"analytics":false,"content_ai":false},"isPro":true,"is_front_page":false,"trendsUpgradeLink":"https:\/\/rankmath.com\/pricing\/?utm_source=Plugin&utm_medium=CE%20General%20Tab%20Trends&utm_campaign=WP","trendsUpgradeLabel":"Mettre \u00e0 niveau","trendsPreviewImage":"https:\/\/drkorkmaz.com\/wp-content\/plugins\/seo-by-rank-math\/assets\/admin\/img\/trends-preview.jpg","currentEditor":false,"homepageData":{"assessor":{"powerWords":["absolument","amazement","astonishing","authentique","beau","bien-\u00eatre","brillant","captivant","charismatique","choc","clair","compl\u00e8tement","confidentiel","confiance","cons\u00e9quent","cr\u00e9atif","d\u00e9finitivement","d\u00e9licieux","d\u00e9montrer","d\u00e9p\u00eachez-vous","d\u00e9termin\u00e9","digne","dynamique","\u00e9blouissant","\u00e9clatant","\u00e9conomique","\u00e9fficace","\u00e9l\u00e9gant","\u00e9motionnel","\u00e9nergique","\u00e9norme","\u00e9poustouflant","essentiel","\u00e9tonnant","exclusif","exp\u00e9rience","fabuleux","fantastique","formidable","fort","garanti","g\u00e9ant","g\u00e9n\u00e9reux","grandiose","gratuit","habile","harmonieux","historique","hors pair","important","incroyable","indispensable","inoubliable","inspirant","innovant","intense","invention","irr\u00e9sistible","l\u00e9gendaire","lumineux","luxe","magique","magnifique","majestueux","marquant","merveilleux","miraculeux","motivant","n\u00e9cessaire","nouvelle","officiel","parfait","passionn\u00e9","persuasif","ph\u00e9nom\u00e9nal","plaisir","populaire","pouvoir","prestigieux","prodigieux","profond","prosp\u00e8re","puissant","qualit\u00e9","radieux","rapide","r\u00e9ussi","r\u00e9volutionnaire","satisfait","s\u00e9curit\u00e9","sensationnel","serein","somptueux","splendide","sublime","surprenant","talentueux","terrifiant","unique","valeur","vibrant","victorieux","vif","vraiment","z\u00e9l\u00e9"],"diacritics":true,"researchesTests":["contentHasTOC","contentHasShortParagraphs","contentHasAssets","keywordInTitle","keywordInMetaDescription","keywordInPermalink","keywordIn10Percent","keywordInContent","keywordInSubheadings","keywordInImageAlt","keywordDensity","keywordNotUsed","lengthContent","lengthPermalink","linksHasInternal","linksHasExternals","linksNotAllExternals","titleStartWithKeyword","titleSentiment","titleHasPowerWords","titleHasNumber","hasContentAI"],"hasBreadcrumb":true,"serpData":{"title":"%sitename% %page% %sep% %sitedesc%","description":"","titleTemplate":"%sitename% %page% %sep% %sitedesc%","descriptionTemplate":"","focusKeywords":"","breadcrumbTitle":"Home Page","robots":{"index":true},"advancedRobots":{"max-snippet":"-1","max-video-preview":"-1","max-image-preview":"large"},"facebookTitle":"","facebookDescription":"","facebookImage":"","facebookImageID":""}}},"tocTitle":"Table of Contents","tocExcludeHeadings":[],"listStyle":"ul"},"_links":{"self":[{"href":"https:\/\/drkorkmaz.com\/fr\/wp-json\/wp\/v2\/pages\/13263","targetHints":{"allow":["GET"]}}],"collection":[{"href":"https:\/\/drkorkmaz.com\/fr\/wp-json\/wp\/v2\/pages"}],"about":[{"href":"https:\/\/drkorkmaz.com\/fr\/wp-json\/wp\/v2\/types\/page"}],"author":[{"embeddable":true,"href":"https:\/\/drkorkmaz.com\/fr\/wp-json\/wp\/v2\/users\/1"}],"replies":[{"embeddable":true,"href":"https:\/\/drkorkmaz.com\/fr\/wp-json\/wp\/v2\/comments?post=13263"}],"version-history":[{"count":2,"href":"https:\/\/drkorkmaz.com\/fr\/wp-json\/wp\/v2\/pages\/13263\/revisions"}],"predecessor-version":[{"id":13265,"href":"https:\/\/drkorkmaz.com\/fr\/wp-json\/wp\/v2\/pages\/13263\/revisions\/13265"}],"wp:attachment":[{"href":"https:\/\/drkorkmaz.com\/fr\/wp-json\/wp\/v2\/media?parent=13263"}],"curies":[{"name":"wp","href":"https:\/\/api.w.org\/{rel}","templated":true}]}}