{"id":11908,"date":"2018-07-13T04:28:31","date_gmt":"2018-07-13T04:28:31","guid":{"rendered":"https:\/\/drkorkmaz.com\/hakkimizda\/"},"modified":"2025-10-27T12:40:10","modified_gmt":"2025-10-27T12:40:10","slug":"hakkimizda","status":"publish","type":"page","link":"https:\/\/drkorkmaz.com\/tr\/hakkimizda\/","title":{"rendered":"Hakk\u0131m\u0131zda"},"content":{"rendered":"<p>[vc_section full_width=&#8221;stretch_row&#8221; css=&#8221;.vc_custom_1532150644338{margin-top: 0px !important;margin-bottom: 0px !important;padding-top: 63px !important;padding-bottom: 63px !important;background-position: center !important;background-repeat: no-repeat !important;background-size: cover !important;}&#8221;][vc_row full_width=&#8221;stretch_row&#8221; equal_height=&#8221;yes&#8221; content_placement=&#8221;middle&#8221; css=&#8221;.vc_custom_1530183490640{margin-top: 0px !important;margin-bottom: 0px !important;padding-top: 0px !important;padding-bottom: 0px !important;}&#8221;][vc_column width=&#8221;1\/2&#8243; css=&#8221;.vc_custom_1530182115348{margin-top: 0px !important;margin-bottom: 0px !important;padding-top: 0px !important;padding-bottom: 0px !important;}&#8221;][vc_single_image image=&#8221;10383&#8243; img_size=&#8221;full&#8221; css=&#8221;.vc_custom_1676546205546{margin-top: 0px !important;margin-bottom: 0px !important;padding-top: 0px !important;padding-bottom: 0px !important;}&#8221;][\/vc_column][vc_column width=&#8221;1\/2&#8243;][vc_column_text]<\/p>\n<h2>Op. Dr. Nazl\u0131 Korkmaz<\/h2>\n<p>Kad\u0131n Hastal\u0131klar\u0131 ve Do\u011fum Uzman\u0131<br \/>\nFonksiyonel &amp; Estetik Genital Cerrahi \u2022 IVF &amp; Su Do\u011fumu \u2022 Rejeneratif Kad\u0131n Sa\u011fl\u0131\u011f\u0131 \u2022 Jinekolojik Cerrah<\/p>\n<p>Kad\u0131n\u0131n bedeni, ya\u015fam\u0131n kendisini ta\u015f\u0131r. Benim yolculu\u011fum da, bu bedene duydu\u011fum sonsuz sayg\u0131 ve hayranl\u0131kla ba\u015flad\u0131.<\/p>\n<p>T\u0131p fak\u00fcltesinden mezun olduktan sonra, kad\u0131n hastal\u0131klar\u0131 ve do\u011fum ihtisas\u0131m\u0131 tamamlayarak, uzun y\u0131llar boyunca \u0130stanbul\u2019un referans sa\u011fl\u0131k kurumlar\u0131ndan biri olan Florence Nightingale Hastanesi\u2019nde binlerce kad\u0131n\u0131n hik\u00e2yesine \u015fahitlik ettim. Sadece cerrahi tekniklerde de\u011fil, kad\u0131n\u0131 anlamakta da derinle\u015ftim.<\/p>\n<p>Bug\u00fcn, bu birikimi \u0130stanbul Etiler\u2019de kurdu\u011fum, VIP ayr\u0131cal\u0131klarla donat\u0131lm\u0131\u015f \u00f6zel klini\u011fimde, uluslararas\u0131 standartlarda ama yerel bir zarafetle sunmaya devam ediyorum.<\/p>\n<h2>Kad\u0131na \u00d6zel, Kad\u0131n \u0130\u00e7in Tasarlanm\u0131\u015f Bir Klinik<\/h2>\n<p>Etiler\u2019in merkezinde yer alan klini\u011fimiz, kad\u0131n sa\u011fl\u0131\u011f\u0131na adanm\u0131\u015f bir ya\u015fam alan\u0131 niteli\u011findedir.<br \/>\nBurada sadece tedavi de\u011fil; anlay\u0131\u015f, mahremiyet, zarafet ve bilim bir arada sunulur.<\/p>\n<ul>\n<li>\u00d6zel otopark imk\u00e2n\u0131 ile \u015fehir i\u00e7i ula\u015f\u0131m kolayl\u0131\u011f\u0131<\/li>\n<li>Uluslararas\u0131 hastalar i\u00e7in transfer ve konaklama organizasyonu<\/li>\n<li>Kad\u0131n ekibimizle sa\u011flanan g\u00fcvenli, samimi ve sayg\u0131l\u0131 ileti\u015fim ortam\u0131<\/li>\n<li>Her hastaya \u00f6zel planlanan VIP muayene ve tedavi hizmetleri<\/li>\n<\/ul>\n<p>[\/vc_column_text][\/vc_column][\/vc_row][\/vc_section][vc_section full_width=&#8221;stretch_row&#8221; css=&#8221;.vc_custom_1530186140594{margin-top: 0px !important;margin-bottom: 0px !important;padding-top: 1px !important;padding-bottom: 84px !important;background-image: url(https:\/\/ornekwebsite.tk\/wp-content\/uploads\/2018\/06\/background-image5.jpg?id=7844) !important;background-position: 0 0 !important;background-repeat: no-repeat !important;}&#8221;][vc_row full_width=&#8221;stretch_row&#8221; gap=&#8221;30&#8243; css=&#8221;.vc_custom_1530186861562{margin-top: 0px !important;margin-bottom: 0px !important;padding-top: 16px !important;padding-bottom: 0px !important;}&#8221;][vc_column width=&#8221;7\/12&#8243; css=&#8221;.vc_custom_1532152257297{margin-top: 17px !important;margin-bottom: 0px !important;padding-top: 0px !important;padding-right: 0px !important;padding-bottom: 0px !important;padding-left: 0px !important;}&#8221; el_class=&#8221;icon-hover&#8221;][vc_column_text]<\/p>\n<h2>Uzmanl\u0131k Alanlar\u0131m;<\/h2>\n<h2>Genital Estetik Cerrahi ve Fonksiyonel G\u00fczellik<\/h2>\n<p>T\u00fcrkiye\u2019de bu alanda \u00f6nc\u00fc isimlerden biri olarak, kad\u0131nlar\u0131n mahremiyetine sayg\u0131l\u0131, kal\u0131c\u0131 ve estetik \u00e7\u00f6z\u00fcmler sunuyorum:<\/p>\n<ul>\n<li>Labioplasti<\/li>\n<li>Vajinoplasti<\/li>\n<li>Klitoral hudoplasti<\/li>\n<li>Barbie vajina tasar\u0131m\u0131<\/li>\n<li>Do\u011fum sonras\u0131 estetik ve fonksiyonel onar\u0131mlar<\/li>\n<\/ul>\n<p>Bu i\u015flemler yaln\u0131zca g\u00f6r\u00fcn\u00fcm\u00fc de\u011fil; \u00f6zg\u00fcveni, cinselli\u011fi ve kad\u0131n kimli\u011fini de onar\u0131r.<\/p>\n<h2>T\u00fcp Bebek (IVF) &amp; Yumurtal\u0131k Yenilenmesi<\/h2>\n<ul>\n<li>AMH d\u00fc\u015f\u00fckl\u00fc\u011f\u00fc, erken menopoz, d\u00fc\u015f\u00fck yumurta rezervi gibi zorluklarda; PRP, k\u00f6k h\u00fccre, eksozom ve ileri laboratuvar deste\u011fiyle ki\u015fiselle\u015ftirilmi\u015f tedavi protokolleri<\/li>\n<li>Klasik IVF, ICSI ve minimal stim\u00fclasyon protokolleri<\/li>\n<\/ul>\n<h2>Do\u011fal Do\u011fum &amp; Su Do\u011fumu<\/h2>\n<ul>\n<li>Annelik yolculu\u011funun en kutsal an\u0131na e\u015flik ederken; epizyotomisiz, \u015fefkatli, huzurlu do\u011fumlar<\/li>\n<li>Su do\u011fumu alanlar\u0131m\u0131zda, anne ve bebe\u011fin do\u011faya uyumlu bulu\u015fmas\u0131<\/li>\n<\/ul>\n<h2>\u0130drar Ka\u00e7\u0131rma Tedavileri<\/h2>\n<ul>\n<li>Lazer tedavisi, PRP, mezoterapi ve ileri seviye cerrahilerle ya\u015fam kalitesini y\u00fckseltiyoruz.<\/li>\n<li>Postmenopozal idrar ka\u00e7\u0131rmalar, do\u011fum sonras\u0131 pelvik gev\u015fekliklerde etkili \u00e7\u00f6z\u00fcmler<\/li>\n<\/ul>\n<h2>Vajinismus ve Cinsel Terapiler<\/h2>\n<ul>\n<li>Utan\u00e7s\u0131z, su\u00e7lamas\u0131z, anlay\u0131\u015fl\u0131 bir ortamda k\u0131sa s\u00fcrede kal\u0131c\u0131 \u00e7\u00f6z\u00fcmler<\/li>\n<li>Gerekirse kombine tekniklerle PRP, lazer ve hipnoterapi destekli yakla\u015f\u0131mlar<\/li>\n<\/ul>\n<h2>K\u00f6k H\u00fccre ve Eksozom ile Vajinal Rejenerasyon &amp; Anti-aging<\/h2>\n<ul>\n<li>Menopoz, kuruluk, elastikiyet kayb\u0131 ve cinsel fonksiyon sorunlar\u0131nda<\/li>\n<li>Rejeneratif t\u0131bb\u0131n kad\u0131n sa\u011fl\u0131\u011f\u0131na sundu\u011fu en g\u00fcncel y\u00f6ntemlerle; \u201c\u0130\u00e7ten d\u0131\u015fa gen\u00e7le\u015fme\u201d<\/li>\n<\/ul>\n<h2>Myom \u2013 Kist \u2013 Jinekolojik Cerrahi<\/h2>\n<ul>\n<li>Kapal\u0131 (laparoskopik) veya a\u00e7\u0131k y\u00f6ntemle myomektomi, kistektomi, rahim al\u0131nmas\u0131 (histerektomi) gibi i\u015flemler<\/li>\n<li>T\u00fcm\u00f6r \u015f\u00fcphesi olan kitlelerde ileri de\u011ferlendirme ve y\u00f6nlendirme<\/li>\n<li>A\u011fr\u0131l\u0131 regl, d\u00fczensiz kanama, k\u0131s\u0131rl\u0131k gibi nedenlere y\u00f6nelik cerrahi \u00e7\u00f6z\u00fcmler<\/li>\n<\/ul>\n<h2>Uluslararas\u0131 Hasta Deneyimi<\/h2>\n<p>Yurt d\u0131\u015f\u0131ndan gelen hastalar\u0131m\u0131z i\u00e7in \u00f6zel olarak tasarlanm\u0131\u015f:<\/p>\n<ul>\n<li>\u0130ngilizce, Frans\u0131zca, Almanca ve Arap\u00e7a destekli dan\u0131\u015fmanl\u0131k<\/li>\n<li>\u0130stanbul\u2019da VIP transfer, konaklama ve tedavi planlamas\u0131<\/li>\n<li>Online \u00f6n g\u00f6r\u00fc\u015fme ve dosya haz\u0131rl\u0131\u011f\u0131 ile zaman kayb\u0131 olmadan planlama<\/li>\n<li>Hem estetik, hem fonksiyonel hem de do\u011furganl\u0131k alanlar\u0131nda uluslararas\u0131 standartlarda tedavi<\/li>\n<\/ul>\n<h2>Neden Biz?<\/h2>\n<p>\u2714 \u00c7\u00fcnk\u00fc her kad\u0131n \u00f6zeldir.<\/p>\n<p>\u2714 \u00c7\u00fcnk\u00fc sadece tedavi etmiyoruz; duyuyor, empati kuruyor ve birlikte \u00e7\u00f6z\u00fcyoruz.<\/p>\n<p>\u2714 \u00c7\u00fcnk\u00fc mahremiyet, zarafet ve bilim bizim temel ta\u015flar\u0131m\u0131zd\u0131r.<\/p>\n<p>\u2714 \u00c7\u00fcnk\u00fc bir kad\u0131n\u0131 en iyi bir kad\u0131n anlar.<\/p>\n<h2>S\u00f6z\u00fcm\u00fcz Var\u2026<\/h2>\n<p>Kad\u0131n olmak, bazen sabretmek, bazen do\u011furmak, bazen yeniden ba\u015flamak demek.<\/p>\n<p>Benim i\u015fim, kad\u0131n\u0131n her h\u00e2lini anlamak; ona hem bilimin g\u00fcc\u00fcyle, hem de kalbin \u015fefkatiyle e\u015flik etmek.<\/p>\n<p><a href=\"https:\/\/www.instagram.com\/p\/DONdO6jjMK9\" rel=\"nofollow noopener\" target=\"_blank\">https:\/\/www.instagram.com\/p\/DONdO6jjMK9<\/a><\/p>\n<p><a href=\"https:\/\/www.instagram.com\/p\/DONcXctDDG9\" rel=\"nofollow noopener\" target=\"_blank\">https:\/\/www.instagram.com\/p\/DONcXctDDG9<\/a>[\/vc_column_text][\/vc_column][vc_column width=&#8221;5\/12&#8243; css=&#8221;.vc_custom_1532152081406{margin-top: 0px !important;margin-bottom: 0px !important;padding-top: 0px !important;padding-right: 0px !important;padding-bottom: 0px !important;padding-left: 0px !important;}&#8221;][vc_single_image image=&#8221;11323&#8243; img_size=&#8221;full&#8221; css=&#8221;.vc_custom_1719219104974{margin-top: 0px !important;margin-bottom: 0px !important;padding-top: 0px !important;padding-bottom: 0px !important;}&#8221;][\/vc_column][\/vc_row][\/vc_section]<\/p>\n","protected":false},"excerpt":{"rendered":"<p>[vc_section full_width=&#8221;stretch_row&#8221; css=&#8221;.vc_custom_1532150644338{margin-top: 0px !important;margin-bottom: 0px !important;padding-top: 63px !important;padding-bottom: 63px !important;background-position: center !important;background-repeat: no-repeat !important;background-size: cover !important;}&#8221;][vc_row full_width=&#8221;stretch_row&#8221; equal_height=&#8221;yes&#8221; content_placement=&#8221;middle&#8221; css=&#8221;.vc_custom_1530183490640{margin-top: 0px !important;margin-bottom: 0px !important;padding-top: 0px !important;padding-bottom: 0px !important;}&#8221;][vc_column width=&#8221;1\/2&#8243; css=&#8221;.vc_custom_1530182115348{margin-top: 0px !important;margin-bottom: 0px !important;padding-top: 0px !important;padding-bottom: 0px !important;}&#8221;][vc_single_image image=&#8221;10383&#8243; img_size=&#8221;full&#8221; css=&#8221;.vc_custom_1676546205546{margin-top: 0px !important;margin-bottom: 0px !important;padding-top: 0px !important;padding-bottom: 0px !important;}&#8221;][\/vc_column][vc_column width=&#8221;1\/2&#8243;][vc_column_text] Op. Dr. Nazl\u0131 Korkmaz [&hellip;]<\/p>\n","protected":false},"author":1,"featured_media":0,"parent":0,"menu_order":0,"comment_status":"closed","ping_status":"closed","template":"","meta":{"footnotes":""},"class_list":["post-11908","page","type-page","status-publish","hentry"],"rankMath":{"parentDomain":"drkorkmaz.com","noFollowDomains":[],"noFollowExcludeDomains":[],"noFollowExternalLinks":true,"featuredImageNotice":"\u00d6ne \u00e7\u0131kan g\u00f6rsel, Facebook ve di\u011fer sosyal medya siteleri taraf\u0131ndan al\u0131nabilmesi i\u00e7in en az 200 x 200 piksel olmal\u0131d\u0131r.","pluginReviewed":false,"postSettings":{"linkSuggestions":true,"useFocusKeyword":false},"frontEndScore":false,"postName":"hakkimizda","permalinkFormat":"https:\/\/drkorkmaz.com\/tr\/%pagename%\/","showLockModifiedDate":true,"assessor":{"focusKeywordLink":"https:\/\/drkorkmaz.com\/wp-admin\/edit.php?focus_keyword=%focus_keyword%&post_type=%post_type%","hasTOCPlugin":false,"primaryTaxonomy":false,"serpData":{"title":"","description":"","focusKeywords":"Time Of Esthetic,hakk\u0131m\u0131zda,timeofesthetic","pillarContent":false,"canonicalUrl":"","breadcrumbTitle":"","advancedRobots":{"max-snippet":"-1","max-video-preview":"-1","max-image-preview":"large"},"facebookTitle":"","facebookDescription":"","facebookImage":"","facebookImageID":"","facebookHasOverlay":false,"facebookImageOverlay":"","facebookAuthor":"","twitterCardType":"","twitterUseFacebook":true,"twitterTitle":"","twitterDescription":"","twitterImage":"","twitterImageID":"","twitterHasOverlay":false,"twitterImageOverlay":"","twitterPlayerUrl":"","twitterPlayerSize":"","twitterPlayerStream":"","twitterPlayerStreamCtype":"","twitterAppDescription":"","twitterAppIphoneName":"","twitterAppIphoneID":"","twitterAppIphoneUrl":"","twitterAppIpadName":"","twitterAppIpadID":"","twitterAppIpadUrl":"","twitterAppGoogleplayName":"","twitterAppGoogleplayID":"","twitterAppGoogleplayUrl":"","twitterAppCountry":"","robots":{"index":true},"twitterAuthor":"kullan\u0131c\u0131 ad\u0131","primaryTerm":0,"authorName":"admin","titleTemplate":"%title% %page% %sep% %sitename%","descriptionTemplate":"%excerpt%","showScoreFrontend":true,"lockModifiedDate":false},"powerWords":[],"diacritics":{"A":"[\\u0041\\u24B6\\uFF21\\u00C0\\u00C1\\u00C2\\u1EA6\\u1EA4\\u1EAA\\u1EA8\\u00C3\\u0100\\u0102\\u1EB0\\u1EAE\\u1EB4\\u1EB2\\u0226\\u01E0\\u00C4\\u01DE\\u1EA2\\u00C5\\u01FA\\u01CD\\u0200\\u0202\\u1EA0\\u1EAC\\u1EB6\\u1E00\\u0104\\u023A\\u2C6F]","AA":"[\\uA732]","AE":"[\\u00C6\\u01FC\\u01E2]","AO":"[\\uA734]","AU":"[\\uA736]","AV":"[\\uA738\\uA73A]","AY":"[\\uA73C]","B":"[\\u0042\\u24B7\\uFF22\\u1E02\\u1E04\\u1E06\\u0243\\u0182\\u0181]","C":"[\\u0043\\u24B8\\uFF23\\u0106\\u0108\\u010A\\u010C\\u00C7\\u1E08\\u0187\\u023B\\uA73E]","D":"[\\u0044\\u24B9\\uFF24\\u1E0A\\u010E\\u1E0C\\u1E10\\u1E12\\u1E0E\\u0110\\u018B\\u018A\\u0189\\uA779]","DZ":"[\\u01F1\\u01C4]","Dz":"[\\u01F2\\u01C5]","E":"[\\u0045\\u24BA\\uFF25\\u00C8\\u00C9\\u00CA\\u1EC0\\u1EBE\\u1EC4\\u1EC2\\u1EBC\\u0112\\u1E14\\u1E16\\u0114\\u0116\\u00CB\\u1EBA\\u011A\\u0204\\u0206\\u1EB8\\u1EC6\\u0228\\u1E1C\\u0118\\u1E18\\u1E1A\\u0190\\u018E]","F":"[\\u0046\\u24BB\\uFF26\\u1E1E\\u0191\\uA77B]","G":"[\\u0047\\u24BC\\uFF27\\u01F4\\u011C\\u1E20\\u011E\\u0120\\u01E6\\u0122\\u01E4\\u0193\\uA7A0\\uA77D\\uA77E]","H":"[\\u0048\\u24BD\\uFF28\\u0124\\u1E22\\u1E26\\u021E\\u1E24\\u1E28\\u1E2A\\u0126\\u2C67\\u2C75\\uA78D]","I":"[\\u0049\\u24BE\\uFF29\\u00CC\\u00CD\\u00CE\\u0128\\u012A\\u012C\\u0130\\u00CF\\u1E2E\\u1EC8\\u01CF\\u0208\\u020A\\u1ECA\\u012E\\u1E2C\\u0197]","J":"[\\u004A\\u24BF\\uFF2A\\u0134\\u0248]","K":"[\\u004B\\u24C0\\uFF2B\\u1E30\\u01E8\\u1E32\\u0136\\u1E34\\u0198\\u2C69\\uA740\\uA742\\uA744\\uA7A2]","L":"[\\u004C\\u24C1\\uFF2C\\u013F\\u0139\\u013D\\u1E36\\u1E38\\u013B\\u1E3C\\u1E3A\\u0141\\u023D\\u2C62\\u2C60\\uA748\\uA746\\uA780]","LJ":"[\\u01C7]","Lj":"[\\u01C8]","M":"[\\u004D\\u24C2\\uFF2D\\u1E3E\\u1E40\\u1E42\\u2C6E\\u019C]","N":"[\\u004E\\u24C3\\uFF2E\\u01F8\\u0143\\u00D1\\u1E44\\u0147\\u1E46\\u0145\\u1E4A\\u1E48\\u0220\\u019D\\uA790\\uA7A4]","NJ":"[\\u01CA]","Nj":"[\\u01CB]","O":"[\\u004F\\u24C4\\uFF2F\\u00D2\\u00D3\\u00D4\\u1ED2\\u1ED0\\u1ED6\\u1ED4\\u00D5\\u1E4C\\u022C\\u1E4E\\u014C\\u1E50\\u1E52\\u014E\\u022E\\u0230\\u00D6\\u022A\\u1ECE\\u0150\\u01D1\\u020C\\u020E\\u01A0\\u1EDC\\u1EDA\\u1EE0\\u1EDE\\u1EE2\\u1ECC\\u1ED8\\u01EA\\u01EC\\u00D8\\u01FE\\u0186\\u019F\\uA74A\\uA74C]","OI":"[\\u01A2]","OO":"[\\uA74E]","OU":"[\\u0222]","P":"[\\u0050\\u24C5\\uFF30\\u1E54\\u1E56\\u01A4\\u2C63\\uA750\\uA752\\uA754]","Q":"[\\u0051\\u24C6\\uFF31\\uA756\\uA758\\u024A]","R":"[\\u0052\\u24C7\\uFF32\\u0154\\u1E58\\u0158\\u0210\\u0212\\u1E5A\\u1E5C\\u0156\\u1E5E\\u024C\\u2C64\\uA75A\\uA7A6\\uA782]","S":"[\\u0053\\u24C8\\uFF33\\u1E9E\\u015A\\u1E64\\u015C\\u1E60\\u0160\\u1E66\\u1E62\\u1E68\\u0218\\u015E\\u2C7E\\uA7A8\\uA784]","T":"[\\u0054\\u24C9\\uFF34\\u1E6A\\u0164\\u1E6C\\u021A\\u0162\\u1E70\\u1E6E\\u0166\\u01AC\\u01AE\\u023E\\uA786]","TZ":"[\\uA728]","U":"[\\u0055\\u24CA\\uFF35\\u00D9\\u00DA\\u00DB\\u0168\\u1E78\\u016A\\u1E7A\\u016C\\u00DC\\u01DB\\u01D7\\u01D5\\u01D9\\u1EE6\\u016E\\u0170\\u01D3\\u0214\\u0216\\u01AF\\u1EEA\\u1EE8\\u1EEE\\u1EEC\\u1EF0\\u1EE4\\u1E72\\u0172\\u1E76\\u1E74\\u0244]","V":"[\\u0056\\u24CB\\uFF36\\u1E7C\\u1E7E\\u01B2\\uA75E\\u0245]","VY":"[\\uA760]","W":"[\\u0057\\u24CC\\uFF37\\u1E80\\u1E82\\u0174\\u1E86\\u1E84\\u1E88\\u2C72]","X":"[\\u0058\\u24CD\\uFF38\\u1E8A\\u1E8C]","Y":"[\\u0059\\u24CE\\uFF39\\u1EF2\\u00DD\\u0176\\u1EF8\\u0232\\u1E8E\\u0178\\u1EF6\\u1EF4\\u01B3\\u024E\\u1EFE]","Z":"[\\u005A\\u24CF\\uFF3A\\u0179\\u1E90\\u017B\\u017D\\u1E92\\u1E94\\u01B5\\u0224\\u2C7F\\u2C6B\\uA762]","a":"[\\u0061\\u24D0\\uFF41\\u1E9A\\u00E0\\u00E1\\u00E2\\u1EA7\\u1EA5\\u1EAB\\u1EA9\\u00E3\\u0101\\u0103\\u1EB1\\u1EAF\\u1EB5\\u1EB3\\u0227\\u01E1\\u00E4\\u01DF\\u1EA3\\u00E5\\u01FB\\u01CE\\u0201\\u0203\\u1EA1\\u1EAD\\u1EB7\\u1E01\\u0105\\u2C65\\u0250]","aa":"[\\uA733]","ae":"[\\u00E6\\u01FD\\u01E3]","ao":"[\\uA735]","au":"[\\uA737]","av":"[\\uA739\\uA73B]","ay":"[\\uA73D]","b":"[\\u0062\\u24D1\\uFF42\\u1E03\\u1E05\\u1E07\\u0180\\u0183\\u0253]","c":"[\\u0063\\u24D2\\uFF43\\u0107\\u0109\\u010B\\u010D\\u00E7\\u1E09\\u0188\\u023C\\uA73F\\u2184]","d":"[\\u0064\\u24D3\\uFF44\\u1E0B\\u010F\\u1E0D\\u1E11\\u1E13\\u1E0F\\u0111\\u018C\\u0256\\u0257\\uA77A]","dz":"[\\u01F3\\u01C6]","e":"[\\u0065\\u24D4\\uFF45\\u00E8\\u00E9\\u00EA\\u1EC1\\u1EBF\\u1EC5\\u1EC3\\u1EBD\\u0113\\u1E15\\u1E17\\u0115\\u0117\\u00EB\\u1EBB\\u011B\\u0205\\u0207\\u1EB9\\u1EC7\\u0229\\u1E1D\\u0119\\u1E19\\u1E1B\\u0247\\u025B\\u01DD]","f":"[\\u0066\\u24D5\\uFF46\\u1E1F\\u0192\\uA77C]","g":"[\\u0067\\u24D6\\uFF47\\u01F5\\u011D\\u1E21\\u011F\\u0121\\u01E7\\u0123\\u01E5\\u0260\\uA7A1\\u1D79\\uA77F]","h":"[\\u0068\\u24D7\\uFF48\\u0125\\u1E23\\u1E27\\u021F\\u1E25\\u1E29\\u1E2B\\u1E96\\u0127\\u2C68\\u2C76\\u0265]","hv":"[\\u0195]","i":"[\\u0069\\u24D8\\uFF49\\u00EC\\u00ED\\u00EE\\u0129\\u012B\\u012D\\u00EF\\u1E2F\\u1EC9\\u01D0\\u0209\\u020B\\u1ECB\\u012F\\u1E2D\\u0268\\u0131]","j":"[\\u006A\\u24D9\\uFF4A\\u0135\\u01F0\\u0249]","k":"[\\u006B\\u24DA\\uFF4B\\u1E31\\u01E9\\u1E33\\u0137\\u1E35\\u0199\\u2C6A\\uA741\\uA743\\uA745\\uA7A3]","l":"[\\u006C\\u24DB\\uFF4C\\u0140\\u013A\\u013E\\u1E37\\u1E39\\u013C\\u1E3D\\u1E3B\\u017F\\u0142\\u019A\\u026B\\u2C61\\uA749\\uA781\\uA747]","lj":"[\\u01C9]","m":"[\\u006D\\u24DC\\uFF4D\\u1E3F\\u1E41\\u1E43\\u0271\\u026F]","n":"[\\u006E\\u24DD\\uFF4E\\u01F9\\u0144\\u00F1\\u1E45\\u0148\\u1E47\\u0146\\u1E4B\\u1E49\\u019E\\u0272\\u0149\\uA791\\uA7A5]","nj":"[\\u01CC]","o":"[\\u006F\\u24DE\\uFF4F\\u00F2\\u00F3\\u00F4\\u1ED3\\u1ED1\\u1ED7\\u1ED5\\u00F5\\u1E4D\\u022D\\u1E4F\\u014D\\u1E51\\u1E53\\u014F\\u022F\\u0231\\u00F6\\u022B\\u1ECF\\u0151\\u01D2\\u020D\\u020F\\u01A1\\u1EDD\\u1EDB\\u1EE1\\u1EDF\\u1EE3\\u1ECD\\u1ED9\\u01EB\\u01ED\\u00F8\\u01FF\\u0254\\uA74B\\uA74D\\u0275]","oi":"[\\u01A3]","ou":"[\\u0223]","oo":"[\\uA74F]","p":"[\\u0070\\u24DF\\uFF50\\u1E55\\u1E57\\u01A5\\u1D7D\\uA751\\uA753\\uA755]","q":"[\\u0071\\u24E0\\uFF51\\u024B\\uA757\\uA759]","r":"[\\u0072\\u24E1\\uFF52\\u0155\\u1E59\\u0159\\u0211\\u0213\\u1E5B\\u1E5D\\u0157\\u1E5F\\u024D\\u027D\\uA75B\\uA7A7\\uA783]","s":"[\\u0073\\u24E2\\uFF53\\u015B\\u1E65\\u015D\\u1E61\\u0161\\u1E67\\u1E63\\u1E69\\u0219\\u015F\\u023F\\uA7A9\\uA785\\u1E9B]","ss":"[\\u00DF]","t":"[\\u0074\\u24E3\\uFF54\\u1E6B\\u1E97\\u0165\\u1E6D\\u021B\\u0163\\u1E71\\u1E6F\\u0167\\u01AD\\u0288\\u2C66\\uA787]","tz":"[\\uA729]","u":"[\\u0075\\u24E4\\uFF55\\u00F9\\u00FA\\u00FB\\u0169\\u1E79\\u016B\\u1E7B\\u016D\\u00FC\\u01DC\\u01D8\\u01D6\\u01DA\\u1EE7\\u016F\\u0171\\u01D4\\u0215\\u0217\\u01B0\\u1EEB\\u1EE9\\u1EEF\\u1EED\\u1EF1\\u1EE5\\u1E73\\u0173\\u1E77\\u1E75\\u0289]","v":"[\\u0076\\u24E5\\uFF56\\u1E7D\\u1E7F\\u028B\\uA75F\\u028C]","vy":"[\\uA761]","w":"[\\u0077\\u24E6\\uFF57\\u1E81\\u1E83\\u0175\\u1E87\\u1E85\\u1E98\\u1E89\\u2C73]","x":"[\\u0078\\u24E7\\uFF58\\u1E8B\\u1E8D]","y":"[\\u0079\\u24E8\\uFF59\\u1EF3\\u00FD\\u0177\\u1EF9\\u0233\\u1E8F\\u00FF\\u1EF7\\u1E99\\u1EF5\\u01B4\\u024F\\u1EFF]","z":"[\\u007A\\u24E9\\uFF5A\\u017A\\u1E91\\u017C\\u017E\\u1E93\\u1E95\\u01B6\\u0225\\u0240\\u2C6C\\uA763]"},"researchesTests":["contentHasTOC","contentHasShortParagraphs","contentHasAssets","keywordInTitle","keywordInMetaDescription","keywordInPermalink","keywordIn10Percent","keywordInContent","keywordInSubheadings","keywordInImageAlt","keywordDensity","keywordNotUsed","lengthContent","lengthPermalink","linksHasInternal","linksHasExternals","linksNotAllExternals","titleStartWithKeyword","titleSentiment","titleHasPowerWords","titleHasNumber","hasContentAI"],"hasRedirection":true,"hasBreadcrumb":true},"homeUrl":"https:\/\/drkorkmaz.com\/tr\/","objectID":11908,"objectType":"post","locale":"tr","localeFull":"tr_TR","overlayImages":{"play":{"name":"Oynatma simgesi","url":"https:\/\/drkorkmaz.com\/wp-content\/plugins\/seo-by-rank-math\/assets\/admin\/img\/icon-play.png","path":"\/home\/drkorkmaz\/public_html\/wp-content\/plugins\/seo-by-rank-math\/assets\/admin\/img\/icon-play.png","position":"middle_center"},"gif":{"name":"GIF simgesi","url":"https:\/\/drkorkmaz.com\/wp-content\/plugins\/seo-by-rank-math\/assets\/admin\/img\/icon-gif.png","path":"\/home\/drkorkmaz\/public_html\/wp-content\/plugins\/seo-by-rank-math\/assets\/admin\/img\/icon-gif.png","position":"middle_center"}},"defautOgImage":"https:\/\/drkorkmaz.com\/wp-content\/plugins\/seo-by-rank-math\/assets\/admin\/img\/social-placeholder.jpg","customPermalinks":true,"isUserRegistered":true,"autoSuggestKeywords":true,"connectSiteUrl":"https:\/\/rankmath.com\/auth?site=https%3A%2F%2Fdrkorkmaz.com%2Ftr%2F&r=https%3A%2F%2Fdrkorkmaz.com%2Ftr%2Fwp-json%2Fwp%2Fv2%2Fpages%2F11908%3Fnonce%3D5c013c5e49&pro=1","maxTags":100,"trendsIcon":"<svg viewBox=\"0 0 610 610\"><path d=\"M18.85,446,174.32,290.48l58.08,58.08L76.93,504a14.54,14.54,0,0,1-20.55,0L18.83,466.48a14.54,14.54,0,0,1,0-20.55Z\" style=\"fill:#4285f4\"\/><path d=\"M242.65,242.66,377.59,377.6l-47.75,47.75a14.54,14.54,0,0,1-20.55,0L174.37,290.43l47.75-47.75A14.52,14.52,0,0,1,242.65,242.66Z\" style=\"fill:#ea4335\"\/><polygon points=\"319.53 319.53 479.26 159.8 537.34 217.88 377.61 377.62 319.53 319.53\" style=\"fill:#fabb05\"\/><path d=\"M594.26,262.73V118.61h0a16.94,16.94,0,0,0-16.94-16.94H433.2a16.94,16.94,0,0,0-12,28.92L565.34,274.71h0a16.94,16.94,0,0,0,28.92-12Z\" style=\"fill:#34a853\"\/><rect width=\"610\" height=\"610\" style=\"fill:none\"\/><\/svg>","showScore":true,"siteFavIcon":"https:\/\/drkorkmaz.com\/wp-content\/uploads\/2023\/02\/cropped-favicon-1-32x32.png","canUser":{"general":false,"advanced":false,"snippet":false,"social":false,"analysis":false,"analytics":false,"content_ai":false},"isPro":true,"is_front_page":false,"trendsUpgradeLink":"https:\/\/rankmath.com\/pricing\/?utm_source=Plugin&utm_medium=CE%20General%20Tab%20Trends&utm_campaign=WP","trendsUpgradeLabel":"Y\u00fckseltin","trendsPreviewImage":"https:\/\/drkorkmaz.com\/wp-content\/plugins\/seo-by-rank-math\/assets\/admin\/img\/trends-preview.jpg","currentEditor":false,"homepageData":{"assessor":{"powerWords":[],"diacritics":true,"researchesTests":["contentHasTOC","contentHasShortParagraphs","contentHasAssets","keywordInTitle","keywordInMetaDescription","keywordInPermalink","keywordIn10Percent","keywordInContent","keywordInSubheadings","keywordInImageAlt","keywordDensity","keywordNotUsed","lengthContent","lengthPermalink","linksHasInternal","linksHasExternals","linksNotAllExternals","titleStartWithKeyword","titleSentiment","titleHasPowerWords","titleHasNumber","hasContentAI"],"hasBreadcrumb":true,"serpData":{"title":"%sitename% %page% %sep% %sitedesc%","description":"","titleTemplate":"%sitename% %page% %sep% %sitedesc%","descriptionTemplate":"","focusKeywords":"","breadcrumbTitle":"Home Page","robots":{"index":true},"advancedRobots":{"max-snippet":"-1","max-video-preview":"-1","max-image-preview":"large"},"facebookTitle":"","facebookDescription":"","facebookImage":"","facebookImageID":""}}},"tocTitle":"Table of Contents","tocExcludeHeadings":[],"listStyle":"ul"},"_links":{"self":[{"href":"https:\/\/drkorkmaz.com\/tr\/wp-json\/wp\/v2\/pages\/11908","targetHints":{"allow":["GET"]}}],"collection":[{"href":"https:\/\/drkorkmaz.com\/tr\/wp-json\/wp\/v2\/pages"}],"about":[{"href":"https:\/\/drkorkmaz.com\/tr\/wp-json\/wp\/v2\/types\/page"}],"author":[{"embeddable":true,"href":"https:\/\/drkorkmaz.com\/tr\/wp-json\/wp\/v2\/users\/1"}],"replies":[{"embeddable":true,"href":"https:\/\/drkorkmaz.com\/tr\/wp-json\/wp\/v2\/comments?post=11908"}],"version-history":[{"count":5,"href":"https:\/\/drkorkmaz.com\/tr\/wp-json\/wp\/v2\/pages\/11908\/revisions"}],"predecessor-version":[{"id":15063,"href":"https:\/\/drkorkmaz.com\/tr\/wp-json\/wp\/v2\/pages\/11908\/revisions\/15063"}],"wp:attachment":[{"href":"https:\/\/drkorkmaz.com\/tr\/wp-json\/wp\/v2\/media?parent=11908"}],"curies":[{"name":"wp","href":"https:\/\/api.w.org\/{rel}","templated":true}]}}