{"id":13501,"date":"2023-01-27T07:43:57","date_gmt":"2023-01-27T07:43:57","guid":{"rendered":"https:\/\/drkorkmaz.com\/hymenoplasti\/"},"modified":"2024-12-19T10:56:49","modified_gmt":"2024-12-19T10:56:49","slug":"hymenoplasti","status":"publish","type":"page","link":"https:\/\/drkorkmaz.com\/tr\/hymenoplasti\/","title":{"rendered":"Hymenoplasti"},"content":{"rendered":"<p>[vc_row css=&#8221;.vc_custom_1680170092936{margin-top: 40px !important;}&#8221;][vc_column width=&#8221;2\/3&#8243; css=&#8221;.vc_custom_1680164320919{margin-top: 40px !important;}&#8221;][vc_column_text]K\u0131zl\u0131k zar\u0131 onar\u0131m\u0131 ameliyat\u0131 olarak da bilinen <strong>hymenoplasti<\/strong>, vajinal a\u00e7\u0131kl\u0131\u011f\u0131 k\u0131smen \u00f6rten ince bir zar olan k\u0131zl\u0131k zar\u0131n\u0131 eski haline getirmeyi veya onarmay\u0131 ama\u00e7layan kozmetik bir cerrahi prosed\u00fcrd\u00fcr. K\u0131zl\u0131k zar\u0131 cinsel ili\u015fki, tampon kullan\u0131m\u0131 veya fiziksel aktivite gibi faaliyetler s\u0131ras\u0131nda do\u011fal olarak y\u0131rt\u0131labilir veya esneyebilirken, baz\u0131 kad\u0131nlar k\u00fclt\u00fcrel, dini veya ki\u015fisel nedenlerle k\u0131zl\u0131k zar\u0131 esteti\u011fi yapt\u0131rmay\u0131 tercih etmektedir. \u00d6zellikle etnik hymenoplasti, farkl\u0131 etnik k\u00f6kenlerden gelen kad\u0131nlar\u0131n benzersiz anatomik \u00f6zelliklerine hitap etmek i\u00e7in \u00f6zel olarak tasarlanm\u0131\u015f bir prosed\u00fcr \u00e7e\u015fididir. \u0130\u015fte etnik hymenoplasti hakk\u0131nda bilmeniz gerekenler. <\/p>\n<h2>Etnik K\u0131zl\u0131k Zar\u0131n\u0131 Anlamak<\/h2>\n<p>K\u0131zl\u0131k zar\u0131, vajinal a\u00e7\u0131kl\u0131\u011f\u0131 k\u0131smen \u00f6rten ince, elastik bir zard\u0131r. Vajinal a\u00e7\u0131kl\u0131\u011f\u0131n yakla\u015f\u0131k bir ila iki santimetre i\u00e7inde bulunur ve boyut, \u015fekil ve kal\u0131nl\u0131k bak\u0131m\u0131ndan de\u011fi\u015fiklik g\u00f6sterebilir. K\u0131zl\u0131k zar\u0131 genellikle bekaretle ili\u015fkilendirilse de cinsel ili\u015fki, tampon kullan\u0131m\u0131, fiziksel aktivite veya yaralanma gibi \u00e7e\u015fitli aktiviteler s\u0131ras\u0131nda y\u0131rt\u0131labilir veya esneyebilir. Farkl\u0131 etnik k\u00f6kenlerden gelen kad\u0131nlar, farkl\u0131 cerrahi teknikler gerektirebilecek benzersiz k\u0131zl\u0131k zar\u0131 \u00f6zelliklerine sahip olabilir. \u00d6rne\u011fin, baz\u0131 kad\u0131nlar onar\u0131m i\u015flemi s\u0131ras\u0131nda ek diki\u015f veya greftleme gerektirebilecek daha kal\u0131n veya daha elastik bir k\u0131zl\u0131k zar\u0131na sahip olabilir. Ayr\u0131ca, belirli k\u00fclt\u00fcrel veya dini uygulamalar, istenen sonuca ula\u015fmak i\u00e7in daha \u00f6zel prosed\u00fcrler gerektirebilir.  <\/p>\n<h2>Etnik Hymenoplasti Prosed\u00fcr\u00fc<\/h2>\n<p>Etnik hymenoplasti prosed\u00fcr\u00fc, geleneksel hymenoplasti prosed\u00fcr\u00fcne benzer; temel fark, hastan\u0131n benzersiz anatomik \u00f6zelliklerine ve k\u00fclt\u00fcrel veya dini gereksinimlerine uyacak \u015fekilde \u00f6zelle\u015ftirilmesidir. Prosed\u00fcr tipik olarak lokal anestezi alt\u0131nda ayakta tedavi baz\u0131nda ger\u00e7ekle\u015ftirilir ve prosed\u00fcr\u00fcn s\u00fcresi gerekli onar\u0131m\u0131n kapsam\u0131na ba\u011fl\u0131 olarak de\u011fi\u015febilir. Prosed\u00fcr s\u0131ras\u0131nda cerrah, do\u011fal bir g\u00f6r\u00fcn\u00fcm ve minimum yara izi sa\u011flamak i\u00e7in \u00f6zel teknikler kullanarak kalan k\u0131zl\u0131k zar\u0131 dokusunun kenarlar\u0131n\u0131 dikkatlice birbirine dikecektir. Baz\u0131 durumlarda cerrah, mevcut dokuyu desteklemek ve daha ger\u00e7ek\u00e7i bir g\u00f6r\u00fcn\u00fcm olu\u015fturmak i\u00e7in doku greftleri veya ba\u015fka malzemeler kullanabilir. <\/p>\n<h2>\u0130yile\u015fme ve Bak\u0131m Sonras\u0131<\/h2>\n<p>\u0130\u015flemden sonra hastalar a\u011fr\u0131 kesici ila\u00e7lar ve buz paketleri ile y\u00f6netilebilecek bir miktar rahats\u0131zl\u0131k ve \u015fi\u015flik bekleyebilirler. D\u00fczg\u00fcn iyile\u015fmeye olanak tan\u0131mak i\u00e7in prosed\u00fcr\u00fc takip eden birka\u00e7 hafta boyunca cinsel ili\u015fkiden, tampon kullan\u0131m\u0131ndan ve yorucu fiziksel aktivitelerden ka\u00e7\u0131nmak \u00f6nemlidir. Cerrah, uygun hijyen, takip randevular\u0131 ve dikkat edilmesi gereken olas\u0131 komplikasyonlar hakk\u0131nda bilgiler de dahil olmak \u00fczere ayr\u0131nt\u0131l\u0131 bak\u0131m sonras\u0131 talimatlar sa\u011flayacakt\u0131r.  <\/p>\n<h2>Etnik Hymenoplasti i\u00e7in Sa\u011flay\u0131c\u0131 Se\u00e7imi<\/h2>\n<p>Etnik hymenoplasti i\u00e7in bir sa\u011flay\u0131c\u0131 se\u00e7mek, dikkatli bir de\u011ferlendirme gerektiren \u00f6nemli bir karard\u0131r. Prosed\u00fcr\u00fc ger\u00e7ekle\u015ftirme konusunda uzmanl\u0131\u011fa sahip ve hastan\u0131n benzersiz ihtiya\u00e7lar\u0131n\u0131 ve k\u00fclt\u00fcrel veya dini gerekliliklerini dikkate alan ki\u015fiselle\u015ftirilmi\u015f bak\u0131m sa\u011flayabilecek nitelikli ve deneyimli bir cerrah se\u00e7mek \u00f6nemlidir. Bir sa\u011flay\u0131c\u0131 se\u00e7erken, cerrah\u0131n nitelikleri, deneyimi ve itibar\u0131 gibi fakt\u00f6rleri g\u00f6z \u00f6n\u00fcnde bulundurun. \u00d6nceki hastalar\u0131n \u00f6ncesi ve sonras\u0131 foto\u011fraflar\u0131n\u0131 incelemek ve prosed\u00fcrden ve ald\u0131klar\u0131 bak\u0131m d\u00fczeyinden memnuniyetlerini \u00f6l\u00e7mek i\u00e7in ge\u00e7mi\u015f hastalar\u0131n yorumlar\u0131n\u0131 okumak da \u00f6nemlidir. Sonu\u00e7 olarak, etnik hymenoplasti, farkl\u0131 etnik k\u00f6kenlerden kad\u0131nlar\u0131n arzu ettikleri kozmetik hedeflere ula\u015fmalar\u0131na yard\u0131mc\u0131 olabilecek g\u00fcvenli ve etkili bir prosed\u00fcrd\u00fcr. Nitelikli ve deneyimli bir sa\u011flay\u0131c\u0131 se\u00e7erek, kad\u0131nlar prosed\u00fcr\u00fc uygulama kararlar\u0131nda kendilerini g\u00fcvende ve g\u00fc\u00e7l\u00fc hissedebilir ve daha iyi bir ya\u015fam kalitesinin tad\u0131n\u0131 \u00e7\u0131karabilirler. <\/p>\n<h2>Potansiyel Riskler ve Dikkat Edilmesi Gerekenler<\/h2>\n<p>Her cerrahi prosed\u00fcr gibi, etnik hymenoplasti de baz\u0131 potansiyel riskler ve hususlar ta\u015f\u0131r. En yayg\u0131n risklerden baz\u0131lar\u0131 kanama, enfeksiyon, yara izi ve anesteziye ba\u011fl\u0131 komplikasyonlard\u0131r. Ek olarak, prosed\u00fcr t\u00fcm hastalar i\u00e7in, \u00f6zellikle altta yatan t\u0131bbi rahats\u0131zl\u0131klar\u0131 olanlar veya belirli ila\u00e7lar\u0131 kullananlar i\u00e7in uygun olmayabilir. Prosed\u00fcr\u00fc uygulamadan \u00f6nce cerrahla herhangi bir potansiyel risk veya endi\u015feyi tart\u0131\u015fmak \u00f6nemlidir. Cerrah, prosed\u00fcrle ili\u015fkili risklerin yan\u0131 s\u0131ra bu riskleri en aza indirmek ve optimal iyile\u015fmeyi desteklemek i\u00e7in at\u0131labilecek ad\u0131mlar hakk\u0131nda ayr\u0131nt\u0131l\u0131 bilgi sa\u011flayabilir.  <\/p>\n<h2>K\u00fclt\u00fcrel ve Dini Hususlar<\/h2>\n<p>Bir\u00e7ok kad\u0131n i\u00e7in k\u00fclt\u00fcrel ve dini hususlar, k\u0131zl\u0131k zar\u0131 dikimi yapt\u0131r\u0131p yapt\u0131rmamaya karar vermede \u00f6nemli bir fakt\u00f6rd\u00fcr. Baz\u0131 k\u00fclt\u00fcrler bekarete b\u00fcy\u00fck de\u011fer verir ve k\u0131zl\u0131k zar\u0131 onar\u0131m\u0131n\u0131 kad\u0131na ve ailesine onurunu veya sayg\u0131nl\u0131\u011f\u0131n\u0131 geri kazand\u0131rman\u0131n bir yolu olarak g\u00f6r\u00fcr. Benzer \u015fekilde, baz\u0131 dini gelenekler evlilik d\u0131\u015f\u0131 cinsel aktiviteyi g\u00fcnah olarak g\u00f6r\u00fcr ve kad\u0131nlar\u0131 safl\u0131klar\u0131n\u0131 geri kazanmak i\u00e7in k\u0131zl\u0131k zar\u0131 onar\u0131m\u0131 yapt\u0131rmaya te\u015fvik edebilir. Kad\u0131nlar\u0131n bu prosed\u00fcr\u00fc uygulay\u0131p uygulamamaya karar verirken ki\u015fisel inan\u00e7 ve de\u011ferlerini g\u00f6z \u00f6n\u00fcnde bulundurmalar\u0131 \u00f6nemlidir. Karar konusunda fikir ve tavsiye verebilecek g\u00fcvenilir dini veya k\u00fclt\u00fcrel liderlerden, aile \u00fcyelerinden veya arkada\u015flardan rehberlik ve destek almak da \u00f6nemlidir.  <\/p>\n<h2>Sonu\u00e7<\/h2>\n<p>Etnik hymenoplasti, farkl\u0131 etnik k\u00f6kenlerden kad\u0131nlar\u0131n k\u00fclt\u00fcrel, dini veya ki\u015fisel nedenlerle k\u0131zl\u0131k zarlar\u0131n\u0131 onarmalar\u0131na veya onarmalar\u0131na yard\u0131mc\u0131 olabilecek kozmetik bir cerrahi prosed\u00fcrd\u00fcr. Prosed\u00fcr, hastan\u0131n benzersiz ihtiya\u00e7lar\u0131na ki\u015fiselle\u015ftirilmi\u015f bak\u0131m ve ilgi sa\u011flayabilen nitelikli ve deneyimli bir cerrah taraf\u0131ndan ger\u00e7ekle\u015ftirildi\u011finde g\u00fcvenli ve etkilidir. Etnik k\u0131zl\u0131k zar\u0131 diktirmeyi d\u00fc\u015f\u00fcnen kad\u0131nlar, ki\u015fisel inan\u00e7 ve de\u011ferlerinin yan\u0131 s\u0131ra prosed\u00fcrle ili\u015fkili potansiyel riskleri veya komplikasyonlar\u0131 da dikkatle de\u011ferlendirmelidir. Bilin\u00e7li bir karar vererek ve nitelikli bir sa\u011flay\u0131c\u0131 se\u00e7erek, kad\u0131nlar daha fazla g\u00fcven, g\u00fc\u00e7lenme ve refah duygusunun tad\u0131n\u0131 \u00e7\u0131karabilirler. <\/p>\n<p> [\/vc_column_text][\/vc_column][vc_column width=&#8221;1\/3&#8243;][vc_column_text]<\/p>\n<h4 style=\"text-align: center;\">Hizmetlerimiz<\/h4>\n<p>[\/vc_column_text]<!-- radiantthemes-custom-menu --><div class=\"radiantthemes-custom-menu element-one rt116037898 \"    ><ul id=\"menu-genital-area-aesthetic-turkce\" class=\"menu rt-mega-menu-transition-default\"><li id=\"menu-item-14487\" class=\"menu-item menu-item-type-post_type menu-item-object-page menu-flyout rt-mega-menu-hover item-14487\"><a  href=\"https:\/\/drkorkmaz.com\/tr\/g-shot\/\">G-Shot<\/a><\/li>\n<li id=\"menu-item-14503\" class=\"menu-item menu-item-type-post_type menu-item-object-page menu-flyout rt-mega-menu-hover item-14503\"><a  href=\"https:\/\/drkorkmaz.com\/tr\/o-shot\/\">O-Shot<\/a><\/li>\n<li id=\"menu-item-14504\" class=\"menu-item menu-item-type-post_type menu-item-object-page menu-flyout rt-mega-menu-hover item-14504\"><a  href=\"https:\/\/drkorkmaz.com\/tr\/hymenoplasti\/\">Hymenoplasti<\/a><\/li>\n<li id=\"menu-item-14505\" class=\"menu-item menu-item-type-post_type menu-item-object-page menu-flyout rt-mega-menu-hover item-14505\"><a  href=\"https:\/\/drkorkmaz.com\/tr\/labioplasti\/\">Labioplasti<\/a><\/li>\n<li id=\"menu-item-14506\" class=\"menu-item menu-item-type-post_type menu-item-object-page menu-flyout rt-mega-menu-hover item-14506\"><a  href=\"https:\/\/drkorkmaz.com\/tr\/vajinoplasti\/\">Vajinoplasti<\/a><\/li>\n<li id=\"menu-item-14507\" class=\"menu-item menu-item-type-post_type menu-item-object-page menu-flyout rt-mega-menu-hover item-14507\"><a  href=\"https:\/\/drkorkmaz.com\/tr\/penis-buyutme\/\">Penis B\u00fcy\u00fctme<\/a><\/li>\n<\/ul><\/div>\r<!-- radiantthemes-custom-menu -->\r[\/vc_column][\/vc_row]<\/p>\n","protected":false},"excerpt":{"rendered":"<p>[vc_row css=&#8221;.vc_custom_1680170092936{margin-top: 40px !important;}&#8221;][vc_column width=&#8221;2\/3&#8243; css=&#8221;.vc_custom_1680164320919{margin-top: 40px !important;}&#8221;][vc_column_text]K\u0131zl\u0131k zar\u0131 onar\u0131m\u0131 ameliyat\u0131 olarak da bilinen hymenoplasti, vajinal a\u00e7\u0131kl\u0131\u011f\u0131 k\u0131smen \u00f6rten ince bir zar olan k\u0131zl\u0131k zar\u0131n\u0131 eski haline getirmeyi veya onarmay\u0131 ama\u00e7layan kozmetik bir cerrahi prosed\u00fcrd\u00fcr. K\u0131zl\u0131k zar\u0131 cinsel ili\u015fki, tampon kullan\u0131m\u0131 veya fiziksel aktivite gibi faaliyetler s\u0131ras\u0131nda do\u011fal olarak y\u0131rt\u0131labilir veya esneyebilirken, baz\u0131 kad\u0131nlar k\u00fclt\u00fcrel, [&hellip;]<\/p>\n","protected":false},"author":1,"featured_media":12873,"parent":0,"menu_order":0,"comment_status":"closed","ping_status":"closed","template":"","meta":{"footnotes":""},"class_list":["post-13501","page","type-page","status-publish","has-post-thumbnail","hentry"],"rankMath":{"parentDomain":"drkorkmaz.com","noFollowDomains":[],"noFollowExcludeDomains":[],"noFollowExternalLinks":true,"featuredImageNotice":"\u00d6ne \u00e7\u0131kan g\u00f6rsel, Facebook ve di\u011fer sosyal medya siteleri taraf\u0131ndan al\u0131nabilmesi i\u00e7in en az 200 x 200 piksel olmal\u0131d\u0131r.","pluginReviewed":false,"postSettings":{"linkSuggestions":true,"useFocusKeyword":false},"frontEndScore":false,"postName":"hymenoplasti","permalinkFormat":"https:\/\/drkorkmaz.com\/tr\/%pagename%\/","showLockModifiedDate":true,"assessor":{"focusKeywordLink":"https:\/\/drkorkmaz.com\/wp-admin\/edit.php?focus_keyword=%focus_keyword%&post_type=%post_type%","hasTOCPlugin":false,"primaryTaxonomy":false,"serpData":{"title":"%title% %page%\u0130stanbul'da %sep% %sitename%","description":"","focusKeywords":"Hymenoplasti","pillarContent":false,"canonicalUrl":"","breadcrumbTitle":"","advancedRobots":{"max-snippet":"-1","max-video-preview":"-1","max-image-preview":"large"},"facebookTitle":"","facebookDescription":"","facebookImage":"","facebookImageID":"","facebookHasOverlay":false,"facebookImageOverlay":"","facebookAuthor":"","twitterCardType":"","twitterUseFacebook":true,"twitterTitle":"","twitterDescription":"","twitterImage":"","twitterImageID":"","twitterHasOverlay":false,"twitterImageOverlay":"","twitterPlayerUrl":"","twitterPlayerSize":"","twitterPlayerStream":"","twitterPlayerStreamCtype":"","twitterAppDescription":"","twitterAppIphoneName":"","twitterAppIphoneID":"","twitterAppIphoneUrl":"","twitterAppIpadName":"","twitterAppIpadID":"","twitterAppIpadUrl":"","twitterAppGoogleplayName":"","twitterAppGoogleplayID":"","twitterAppGoogleplayUrl":"","twitterAppCountry":"","robots":{"index":true},"twitterAuthor":"kullan\u0131c\u0131 ad\u0131","primaryTerm":0,"authorName":"admin","titleTemplate":"%title% %page% %sep% %sitename%","descriptionTemplate":"%excerpt%","showScoreFrontend":true,"lockModifiedDate":false},"powerWords":[],"diacritics":{"A":"[\\u0041\\u24B6\\uFF21\\u00C0\\u00C1\\u00C2\\u1EA6\\u1EA4\\u1EAA\\u1EA8\\u00C3\\u0100\\u0102\\u1EB0\\u1EAE\\u1EB4\\u1EB2\\u0226\\u01E0\\u00C4\\u01DE\\u1EA2\\u00C5\\u01FA\\u01CD\\u0200\\u0202\\u1EA0\\u1EAC\\u1EB6\\u1E00\\u0104\\u023A\\u2C6F]","AA":"[\\uA732]","AE":"[\\u00C6\\u01FC\\u01E2]","AO":"[\\uA734]","AU":"[\\uA736]","AV":"[\\uA738\\uA73A]","AY":"[\\uA73C]","B":"[\\u0042\\u24B7\\uFF22\\u1E02\\u1E04\\u1E06\\u0243\\u0182\\u0181]","C":"[\\u0043\\u24B8\\uFF23\\u0106\\u0108\\u010A\\u010C\\u00C7\\u1E08\\u0187\\u023B\\uA73E]","D":"[\\u0044\\u24B9\\uFF24\\u1E0A\\u010E\\u1E0C\\u1E10\\u1E12\\u1E0E\\u0110\\u018B\\u018A\\u0189\\uA779]","DZ":"[\\u01F1\\u01C4]","Dz":"[\\u01F2\\u01C5]","E":"[\\u0045\\u24BA\\uFF25\\u00C8\\u00C9\\u00CA\\u1EC0\\u1EBE\\u1EC4\\u1EC2\\u1EBC\\u0112\\u1E14\\u1E16\\u0114\\u0116\\u00CB\\u1EBA\\u011A\\u0204\\u0206\\u1EB8\\u1EC6\\u0228\\u1E1C\\u0118\\u1E18\\u1E1A\\u0190\\u018E]","F":"[\\u0046\\u24BB\\uFF26\\u1E1E\\u0191\\uA77B]","G":"[\\u0047\\u24BC\\uFF27\\u01F4\\u011C\\u1E20\\u011E\\u0120\\u01E6\\u0122\\u01E4\\u0193\\uA7A0\\uA77D\\uA77E]","H":"[\\u0048\\u24BD\\uFF28\\u0124\\u1E22\\u1E26\\u021E\\u1E24\\u1E28\\u1E2A\\u0126\\u2C67\\u2C75\\uA78D]","I":"[\\u0049\\u24BE\\uFF29\\u00CC\\u00CD\\u00CE\\u0128\\u012A\\u012C\\u0130\\u00CF\\u1E2E\\u1EC8\\u01CF\\u0208\\u020A\\u1ECA\\u012E\\u1E2C\\u0197]","J":"[\\u004A\\u24BF\\uFF2A\\u0134\\u0248]","K":"[\\u004B\\u24C0\\uFF2B\\u1E30\\u01E8\\u1E32\\u0136\\u1E34\\u0198\\u2C69\\uA740\\uA742\\uA744\\uA7A2]","L":"[\\u004C\\u24C1\\uFF2C\\u013F\\u0139\\u013D\\u1E36\\u1E38\\u013B\\u1E3C\\u1E3A\\u0141\\u023D\\u2C62\\u2C60\\uA748\\uA746\\uA780]","LJ":"[\\u01C7]","Lj":"[\\u01C8]","M":"[\\u004D\\u24C2\\uFF2D\\u1E3E\\u1E40\\u1E42\\u2C6E\\u019C]","N":"[\\u004E\\u24C3\\uFF2E\\u01F8\\u0143\\u00D1\\u1E44\\u0147\\u1E46\\u0145\\u1E4A\\u1E48\\u0220\\u019D\\uA790\\uA7A4]","NJ":"[\\u01CA]","Nj":"[\\u01CB]","O":"[\\u004F\\u24C4\\uFF2F\\u00D2\\u00D3\\u00D4\\u1ED2\\u1ED0\\u1ED6\\u1ED4\\u00D5\\u1E4C\\u022C\\u1E4E\\u014C\\u1E50\\u1E52\\u014E\\u022E\\u0230\\u00D6\\u022A\\u1ECE\\u0150\\u01D1\\u020C\\u020E\\u01A0\\u1EDC\\u1EDA\\u1EE0\\u1EDE\\u1EE2\\u1ECC\\u1ED8\\u01EA\\u01EC\\u00D8\\u01FE\\u0186\\u019F\\uA74A\\uA74C]","OI":"[\\u01A2]","OO":"[\\uA74E]","OU":"[\\u0222]","P":"[\\u0050\\u24C5\\uFF30\\u1E54\\u1E56\\u01A4\\u2C63\\uA750\\uA752\\uA754]","Q":"[\\u0051\\u24C6\\uFF31\\uA756\\uA758\\u024A]","R":"[\\u0052\\u24C7\\uFF32\\u0154\\u1E58\\u0158\\u0210\\u0212\\u1E5A\\u1E5C\\u0156\\u1E5E\\u024C\\u2C64\\uA75A\\uA7A6\\uA782]","S":"[\\u0053\\u24C8\\uFF33\\u1E9E\\u015A\\u1E64\\u015C\\u1E60\\u0160\\u1E66\\u1E62\\u1E68\\u0218\\u015E\\u2C7E\\uA7A8\\uA784]","T":"[\\u0054\\u24C9\\uFF34\\u1E6A\\u0164\\u1E6C\\u021A\\u0162\\u1E70\\u1E6E\\u0166\\u01AC\\u01AE\\u023E\\uA786]","TZ":"[\\uA728]","U":"[\\u0055\\u24CA\\uFF35\\u00D9\\u00DA\\u00DB\\u0168\\u1E78\\u016A\\u1E7A\\u016C\\u00DC\\u01DB\\u01D7\\u01D5\\u01D9\\u1EE6\\u016E\\u0170\\u01D3\\u0214\\u0216\\u01AF\\u1EEA\\u1EE8\\u1EEE\\u1EEC\\u1EF0\\u1EE4\\u1E72\\u0172\\u1E76\\u1E74\\u0244]","V":"[\\u0056\\u24CB\\uFF36\\u1E7C\\u1E7E\\u01B2\\uA75E\\u0245]","VY":"[\\uA760]","W":"[\\u0057\\u24CC\\uFF37\\u1E80\\u1E82\\u0174\\u1E86\\u1E84\\u1E88\\u2C72]","X":"[\\u0058\\u24CD\\uFF38\\u1E8A\\u1E8C]","Y":"[\\u0059\\u24CE\\uFF39\\u1EF2\\u00DD\\u0176\\u1EF8\\u0232\\u1E8E\\u0178\\u1EF6\\u1EF4\\u01B3\\u024E\\u1EFE]","Z":"[\\u005A\\u24CF\\uFF3A\\u0179\\u1E90\\u017B\\u017D\\u1E92\\u1E94\\u01B5\\u0224\\u2C7F\\u2C6B\\uA762]","a":"[\\u0061\\u24D0\\uFF41\\u1E9A\\u00E0\\u00E1\\u00E2\\u1EA7\\u1EA5\\u1EAB\\u1EA9\\u00E3\\u0101\\u0103\\u1EB1\\u1EAF\\u1EB5\\u1EB3\\u0227\\u01E1\\u00E4\\u01DF\\u1EA3\\u00E5\\u01FB\\u01CE\\u0201\\u0203\\u1EA1\\u1EAD\\u1EB7\\u1E01\\u0105\\u2C65\\u0250]","aa":"[\\uA733]","ae":"[\\u00E6\\u01FD\\u01E3]","ao":"[\\uA735]","au":"[\\uA737]","av":"[\\uA739\\uA73B]","ay":"[\\uA73D]","b":"[\\u0062\\u24D1\\uFF42\\u1E03\\u1E05\\u1E07\\u0180\\u0183\\u0253]","c":"[\\u0063\\u24D2\\uFF43\\u0107\\u0109\\u010B\\u010D\\u00E7\\u1E09\\u0188\\u023C\\uA73F\\u2184]","d":"[\\u0064\\u24D3\\uFF44\\u1E0B\\u010F\\u1E0D\\u1E11\\u1E13\\u1E0F\\u0111\\u018C\\u0256\\u0257\\uA77A]","dz":"[\\u01F3\\u01C6]","e":"[\\u0065\\u24D4\\uFF45\\u00E8\\u00E9\\u00EA\\u1EC1\\u1EBF\\u1EC5\\u1EC3\\u1EBD\\u0113\\u1E15\\u1E17\\u0115\\u0117\\u00EB\\u1EBB\\u011B\\u0205\\u0207\\u1EB9\\u1EC7\\u0229\\u1E1D\\u0119\\u1E19\\u1E1B\\u0247\\u025B\\u01DD]","f":"[\\u0066\\u24D5\\uFF46\\u1E1F\\u0192\\uA77C]","g":"[\\u0067\\u24D6\\uFF47\\u01F5\\u011D\\u1E21\\u011F\\u0121\\u01E7\\u0123\\u01E5\\u0260\\uA7A1\\u1D79\\uA77F]","h":"[\\u0068\\u24D7\\uFF48\\u0125\\u1E23\\u1E27\\u021F\\u1E25\\u1E29\\u1E2B\\u1E96\\u0127\\u2C68\\u2C76\\u0265]","hv":"[\\u0195]","i":"[\\u0069\\u24D8\\uFF49\\u00EC\\u00ED\\u00EE\\u0129\\u012B\\u012D\\u00EF\\u1E2F\\u1EC9\\u01D0\\u0209\\u020B\\u1ECB\\u012F\\u1E2D\\u0268\\u0131]","j":"[\\u006A\\u24D9\\uFF4A\\u0135\\u01F0\\u0249]","k":"[\\u006B\\u24DA\\uFF4B\\u1E31\\u01E9\\u1E33\\u0137\\u1E35\\u0199\\u2C6A\\uA741\\uA743\\uA745\\uA7A3]","l":"[\\u006C\\u24DB\\uFF4C\\u0140\\u013A\\u013E\\u1E37\\u1E39\\u013C\\u1E3D\\u1E3B\\u017F\\u0142\\u019A\\u026B\\u2C61\\uA749\\uA781\\uA747]","lj":"[\\u01C9]","m":"[\\u006D\\u24DC\\uFF4D\\u1E3F\\u1E41\\u1E43\\u0271\\u026F]","n":"[\\u006E\\u24DD\\uFF4E\\u01F9\\u0144\\u00F1\\u1E45\\u0148\\u1E47\\u0146\\u1E4B\\u1E49\\u019E\\u0272\\u0149\\uA791\\uA7A5]","nj":"[\\u01CC]","o":"[\\u006F\\u24DE\\uFF4F\\u00F2\\u00F3\\u00F4\\u1ED3\\u1ED1\\u1ED7\\u1ED5\\u00F5\\u1E4D\\u022D\\u1E4F\\u014D\\u1E51\\u1E53\\u014F\\u022F\\u0231\\u00F6\\u022B\\u1ECF\\u0151\\u01D2\\u020D\\u020F\\u01A1\\u1EDD\\u1EDB\\u1EE1\\u1EDF\\u1EE3\\u1ECD\\u1ED9\\u01EB\\u01ED\\u00F8\\u01FF\\u0254\\uA74B\\uA74D\\u0275]","oi":"[\\u01A3]","ou":"[\\u0223]","oo":"[\\uA74F]","p":"[\\u0070\\u24DF\\uFF50\\u1E55\\u1E57\\u01A5\\u1D7D\\uA751\\uA753\\uA755]","q":"[\\u0071\\u24E0\\uFF51\\u024B\\uA757\\uA759]","r":"[\\u0072\\u24E1\\uFF52\\u0155\\u1E59\\u0159\\u0211\\u0213\\u1E5B\\u1E5D\\u0157\\u1E5F\\u024D\\u027D\\uA75B\\uA7A7\\uA783]","s":"[\\u0073\\u24E2\\uFF53\\u015B\\u1E65\\u015D\\u1E61\\u0161\\u1E67\\u1E63\\u1E69\\u0219\\u015F\\u023F\\uA7A9\\uA785\\u1E9B]","ss":"[\\u00DF]","t":"[\\u0074\\u24E3\\uFF54\\u1E6B\\u1E97\\u0165\\u1E6D\\u021B\\u0163\\u1E71\\u1E6F\\u0167\\u01AD\\u0288\\u2C66\\uA787]","tz":"[\\uA729]","u":"[\\u0075\\u24E4\\uFF55\\u00F9\\u00FA\\u00FB\\u0169\\u1E79\\u016B\\u1E7B\\u016D\\u00FC\\u01DC\\u01D8\\u01D6\\u01DA\\u1EE7\\u016F\\u0171\\u01D4\\u0215\\u0217\\u01B0\\u1EEB\\u1EE9\\u1EEF\\u1EED\\u1EF1\\u1EE5\\u1E73\\u0173\\u1E77\\u1E75\\u0289]","v":"[\\u0076\\u24E5\\uFF56\\u1E7D\\u1E7F\\u028B\\uA75F\\u028C]","vy":"[\\uA761]","w":"[\\u0077\\u24E6\\uFF57\\u1E81\\u1E83\\u0175\\u1E87\\u1E85\\u1E98\\u1E89\\u2C73]","x":"[\\u0078\\u24E7\\uFF58\\u1E8B\\u1E8D]","y":"[\\u0079\\u24E8\\uFF59\\u1EF3\\u00FD\\u0177\\u1EF9\\u0233\\u1E8F\\u00FF\\u1EF7\\u1E99\\u1EF5\\u01B4\\u024F\\u1EFF]","z":"[\\u007A\\u24E9\\uFF5A\\u017A\\u1E91\\u017C\\u017E\\u1E93\\u1E95\\u01B6\\u0225\\u0240\\u2C6C\\uA763]"},"researchesTests":["contentHasTOC","contentHasShortParagraphs","contentHasAssets","keywordInTitle","keywordInMetaDescription","keywordInPermalink","keywordIn10Percent","keywordInContent","keywordInSubheadings","keywordInImageAlt","keywordDensity","keywordNotUsed","lengthContent","lengthPermalink","linksHasInternal","linksHasExternals","linksNotAllExternals","titleStartWithKeyword","titleSentiment","titleHasPowerWords","titleHasNumber","hasContentAI"],"hasRedirection":true,"hasBreadcrumb":true},"homeUrl":"https:\/\/drkorkmaz.com\/tr\/","objectID":13501,"objectType":"post","locale":"tr","localeFull":"tr_TR","overlayImages":{"play":{"name":"Oynatma simgesi","url":"https:\/\/drkorkmaz.com\/wp-content\/plugins\/seo-by-rank-math\/assets\/admin\/img\/icon-play.png","path":"\/home\/drkorkmaz\/public_html\/wp-content\/plugins\/seo-by-rank-math\/assets\/admin\/img\/icon-play.png","position":"middle_center"},"gif":{"name":"GIF simgesi","url":"https:\/\/drkorkmaz.com\/wp-content\/plugins\/seo-by-rank-math\/assets\/admin\/img\/icon-gif.png","path":"\/home\/drkorkmaz\/public_html\/wp-content\/plugins\/seo-by-rank-math\/assets\/admin\/img\/icon-gif.png","position":"middle_center"}},"defautOgImage":"https:\/\/drkorkmaz.com\/wp-content\/plugins\/seo-by-rank-math\/assets\/admin\/img\/social-placeholder.jpg","customPermalinks":true,"isUserRegistered":true,"autoSuggestKeywords":true,"connectSiteUrl":"https:\/\/rankmath.com\/auth?site=https%3A%2F%2Fdrkorkmaz.com%2Ftr%2F&r=https%3A%2F%2Fdrkorkmaz.com%2Ftr%2Fwp-json%2Fwp%2Fv2%2Fpages%2F13501%3Fnonce%3D5c013c5e49&pro=1","maxTags":100,"trendsIcon":"<svg viewBox=\"0 0 610 610\"><path d=\"M18.85,446,174.32,290.48l58.08,58.08L76.93,504a14.54,14.54,0,0,1-20.55,0L18.83,466.48a14.54,14.54,0,0,1,0-20.55Z\" style=\"fill:#4285f4\"\/><path d=\"M242.65,242.66,377.59,377.6l-47.75,47.75a14.54,14.54,0,0,1-20.55,0L174.37,290.43l47.75-47.75A14.52,14.52,0,0,1,242.65,242.66Z\" style=\"fill:#ea4335\"\/><polygon points=\"319.53 319.53 479.26 159.8 537.34 217.88 377.61 377.62 319.53 319.53\" style=\"fill:#fabb05\"\/><path d=\"M594.26,262.73V118.61h0a16.94,16.94,0,0,0-16.94-16.94H433.2a16.94,16.94,0,0,0-12,28.92L565.34,274.71h0a16.94,16.94,0,0,0,28.92-12Z\" style=\"fill:#34a853\"\/><rect width=\"610\" height=\"610\" style=\"fill:none\"\/><\/svg>","showScore":true,"siteFavIcon":"https:\/\/drkorkmaz.com\/wp-content\/uploads\/2023\/02\/cropped-favicon-1-32x32.png","canUser":{"general":false,"advanced":false,"snippet":false,"social":false,"analysis":false,"analytics":false,"content_ai":false},"isPro":true,"is_front_page":false,"trendsUpgradeLink":"https:\/\/rankmath.com\/pricing\/?utm_source=Plugin&utm_medium=CE%20General%20Tab%20Trends&utm_campaign=WP","trendsUpgradeLabel":"Y\u00fckseltin","trendsPreviewImage":"https:\/\/drkorkmaz.com\/wp-content\/plugins\/seo-by-rank-math\/assets\/admin\/img\/trends-preview.jpg","currentEditor":false,"homepageData":{"assessor":{"powerWords":[],"diacritics":true,"researchesTests":["contentHasTOC","contentHasShortParagraphs","contentHasAssets","keywordInTitle","keywordInMetaDescription","keywordInPermalink","keywordIn10Percent","keywordInContent","keywordInSubheadings","keywordInImageAlt","keywordDensity","keywordNotUsed","lengthContent","lengthPermalink","linksHasInternal","linksHasExternals","linksNotAllExternals","titleStartWithKeyword","titleSentiment","titleHasPowerWords","titleHasNumber","hasContentAI"],"hasBreadcrumb":true,"serpData":{"title":"%sitename% %page% %sep% %sitedesc%","description":"","titleTemplate":"%sitename% %page% %sep% %sitedesc%","descriptionTemplate":"","focusKeywords":"","breadcrumbTitle":"Home Page","robots":{"index":true},"advancedRobots":{"max-snippet":"-1","max-video-preview":"-1","max-image-preview":"large"},"facebookTitle":"","facebookDescription":"","facebookImage":"","facebookImageID":""}}},"tocTitle":"Table of Contents","tocExcludeHeadings":[],"listStyle":"ul"},"_links":{"self":[{"href":"https:\/\/drkorkmaz.com\/tr\/wp-json\/wp\/v2\/pages\/13501","targetHints":{"allow":["GET"]}}],"collection":[{"href":"https:\/\/drkorkmaz.com\/tr\/wp-json\/wp\/v2\/pages"}],"about":[{"href":"https:\/\/drkorkmaz.com\/tr\/wp-json\/wp\/v2\/types\/page"}],"author":[{"embeddable":true,"href":"https:\/\/drkorkmaz.com\/tr\/wp-json\/wp\/v2\/users\/1"}],"replies":[{"embeddable":true,"href":"https:\/\/drkorkmaz.com\/tr\/wp-json\/wp\/v2\/comments?post=13501"}],"version-history":[{"count":6,"href":"https:\/\/drkorkmaz.com\/tr\/wp-json\/wp\/v2\/pages\/13501\/revisions"}],"predecessor-version":[{"id":13519,"href":"https:\/\/drkorkmaz.com\/tr\/wp-json\/wp\/v2\/pages\/13501\/revisions\/13519"}],"wp:featuredmedia":[{"embeddable":true,"href":"https:\/\/drkorkmaz.com\/tr\/wp-json\/wp\/v2\/media\/12873"}],"wp:attachment":[{"href":"https:\/\/drkorkmaz.com\/tr\/wp-json\/wp\/v2\/media?parent=13501"}],"curies":[{"name":"wp","href":"https:\/\/api.w.org\/{rel}","templated":true}]}}