{"id":13595,"date":"2023-01-18T10:22:11","date_gmt":"2023-01-18T10:22:11","guid":{"rendered":"https:\/\/drkorkmaz.com\/koruyucu-dis-hekimligi\/"},"modified":"2024-12-20T08:56:32","modified_gmt":"2024-12-20T08:56:32","slug":"koruyucu-dis-hekimligi","status":"publish","type":"page","link":"https:\/\/drkorkmaz.com\/tr\/koruyucu-dis-hekimligi\/","title":{"rendered":"Koruyucu Di\u015f Hekimli\u011fi"},"content":{"rendered":"<p>[vc_row css=&#8221;.vc_custom_1674471057351{margin-top: 40px !important;}&#8221;][vc_column width=&#8221;3\/4&#8243;][vc_column_text]Koruyucu di\u015f hekimli\u011fi, di\u015f sorunlar\u0131n\u0131n \u00f6nlenmesi i\u00e7in a\u011f\u0131z sa\u011fl\u0131\u011f\u0131n\u0131n korunmas\u0131na odaklanan di\u015f hekimli\u011fi dal\u0131d\u0131r. D\u00fczenli di\u015f muayenelerini, g\u00fcnl\u00fck a\u011f\u0131z hijyeni uygulamalar\u0131n\u0131 ve di\u015f sa\u011fl\u0131\u011f\u0131n\u0131 geli\u015ftiren ya\u015fam tarz\u0131 al\u0131\u015fkanl\u0131klar\u0131n\u0131 i\u00e7erir. \u00c7\u00fcr\u00fck, di\u015f eti hastal\u0131\u011f\u0131 ve di\u015f kayb\u0131 gibi di\u015f sorunlar\u0131n\u0131n \u00f6nlenmesinde koruyucu di\u015f hekimli\u011fi \u00e7ok \u00f6nemlidir. Etkili koruyucu di\u015f hekimli\u011fi i\u00e7in be\u015f basit ipucu:<\/p>\n<p>   <\/p>\n<ol>\n<li><strong>Di\u015flerinizi g\u00fcnde iki kez f\u0131r\u00e7alay\u0131n<\/strong><\/li>\n<\/ol>\n<p>Di\u015flerinizi g\u00fcnde iki kez flor\u00fcrl\u00fc di\u015f macunuyla f\u0131r\u00e7alamak di\u015f problemlerini \u00f6nlemenin en etkili yollar\u0131ndan biridir. F\u0131r\u00e7alama, di\u015flerde ve di\u015f etlerinde olu\u015fan, \u00e7\u00fcr\u00fcklere ve di\u015f eti hastal\u0131klar\u0131na neden olabilen yap\u0131\u015fkan bir bakteri tabakas\u0131 olan pla\u011f\u0131 temizler.<\/p>\n<p> <\/p>\n<ol start=\"2\">\n<li><strong>G\u00fcnl\u00fck di\u015f ipi<\/strong><\/li>\n<\/ol>\n<p>Di\u015f ipi kullanmak, di\u015fler ve di\u015f etleri aras\u0131na s\u0131k\u0131\u015fan plak ve yiyecek art\u0131klar\u0131n\u0131n temizlenmesine yard\u0131mc\u0131 olur. Di\u015f ipi kullan\u0131m\u0131, tedavi edilmedi\u011fi takdirde di\u015f kayb\u0131na yol a\u00e7abilecek di\u015f eti hastal\u0131\u011f\u0131n\u0131 \u00f6nlemek i\u00e7in \u00e7ok \u00f6nemlidir.<\/p>\n<p> <\/p>\n<ol start=\"3\">\n<li><strong>Sa\u011fl\u0131kl\u0131 bir diyet yiyin<br \/><\/strong><\/li>\n<\/ol>\n<p>\u0130yi bir a\u011f\u0131z sa\u011fl\u0131\u011f\u0131 i\u00e7in sa\u011fl\u0131kl\u0131 bir beslenme \u015fartt\u0131r. \u015eeker ve karbonhidrat oran\u0131 y\u00fcksek besinler \u00e7\u00fcr\u00fcklere neden olabilirken, vitamin ve mineral bak\u0131m\u0131ndan zengin besinler di\u015f sa\u011fl\u0131\u011f\u0131n\u0131 destekler. Bol miktarda meyve ve sebze i\u00e7eren dengeli bir beslenme, di\u015f problemlerini \u00f6nlemeye yard\u0131mc\u0131 olabilir.<\/p>\n<p>  <\/p>\n<ol start=\"4\">\n<li><strong>Sigara i\u00e7me<br \/><\/strong><\/li>\n<\/ol>\n<p>Sigara i\u00e7mek sadece genel sa\u011fl\u0131\u011f\u0131n\u0131z i\u00e7in de\u011fil, ayn\u0131 zamanda a\u011f\u0131z sa\u011fl\u0131\u011f\u0131n\u0131z i\u00e7in de k\u00f6t\u00fcd\u00fcr. Sigara i\u00e7mek di\u015f eti hastal\u0131\u011f\u0131na, di\u015f kayb\u0131na ve a\u011f\u0131z kanserine neden olabilir. Sigaray\u0131 b\u0131rakmak a\u011f\u0131z sa\u011fl\u0131\u011f\u0131n\u0131z i\u00e7in yapabilece\u011finiz en iyi \u015feylerden biridir.<\/p>\n<p>  <\/p>\n<ol start=\"5\">\n<li><strong>Di\u015f hekiminizi d\u00fczenli olarak ziyaret edin<\/strong><\/li>\n<\/ol>\n<p>Di\u015f problemlerinin \u00f6nlenmesi i\u00e7in d\u00fczenli di\u015f muayenesi \u015fartt\u0131r. Di\u015f hekiminiz di\u015f problemlerini daha ciddi hale gelmeden erken tespit edip tedavi edebilir. D\u00fczenli kontroller ayn\u0131 zamanda tek ba\u015f\u0131na f\u0131r\u00e7alama ve di\u015f ipi kullan\u0131m\u0131yla giderilemeyen plak ve di\u015f ta\u015flar\u0131n\u0131 ortadan kald\u0131ran profesyonel temizli\u011fi de i\u00e7erir. Sonu\u00e7 olarak koruyucu di\u015f hekimli\u011fi a\u011f\u0131z sa\u011fl\u0131\u011f\u0131n\u0131n korunmas\u0131nda \u00f6nemli bir rol oynar. Bu basit ipu\u00e7lar\u0131n\u0131 takip ederek di\u015f problemlerini \u00f6nleyebilir, di\u015flerinizi ve di\u015f etlerinizi sa\u011fl\u0131kl\u0131 tutabilirsiniz. Unutmay\u0131n, \u00f6nleme her zaman tedavi etmekten daha iyidir.<\/p>\n<p>[\/vc_column_text][vc_single_image image=&#8221;9991&#8243; img_size=&#8221;full&#8221;][vc_column_text]Koruyucu di\u015f hekimli\u011fi, di\u015flerinizi sa\u011fl\u0131kl\u0131 tutmak i\u00e7in onlara bak\u0131m yapma uygulamas\u0131d\u0131r. Di\u015f problemlerini daha ciddi hale gelmeden tespit etmek ve \u00f6nlemek i\u00e7in d\u00fczenli di\u015f kontrollerini, temizli\u011fi ve r\u00f6ntgenleri i\u00e7erir. Koruyucu di\u015f hekimli\u011finin amac\u0131 di\u015flerinizi sa\u011fl\u0131kl\u0131 tutmak ve ya\u015fam\u0131n\u0131z boyunca a\u011f\u0131z sa\u011fl\u0131\u011f\u0131n\u0131z\u0131 koruman\u0131za yard\u0131mc\u0131 olmakt\u0131r.<\/p>\n<p>  <\/p>\n<h2>D\u00fczenli Di\u015f Kontrolleri<br \/><\/h2>\n<p>A\u011f\u0131z sa\u011fl\u0131\u011f\u0131n\u0131n korunmas\u0131 i\u00e7in d\u00fczenli di\u015f muayenesi \u015fartt\u0131r. Bu kontroller s\u0131ras\u0131nda di\u015f hekiminiz di\u015flerinizi ve di\u015f etlerinizi inceleyerek \u00e7\u00fcr\u00fck, di\u015f eti hastal\u0131\u011f\u0131 veya a\u011f\u0131z kanseri gibi di\u015f problemlerinin belirtilerini kontrol edecektir. Di\u015f hekiminiz ayr\u0131ca g\u00f6rsel muayene s\u0131ras\u0131nda g\u00f6r\u00fclemeyen gizli di\u015f problemlerini kontrol etmek i\u00e7in r\u00f6ntgen de \u00e7ekebilir.<\/p>\n<p>  <\/p>\n<h2>Profesyonel Di\u015f Temizli\u011fi<\/h2>\n<p>Profesyonel di\u015f temizli\u011fi, di\u015flerinizden plak ve tartar\u0131n uzakla\u015ft\u0131r\u0131lmas\u0131 a\u00e7\u0131s\u0131ndan \u00f6nemlidir. Plak, di\u015flerinizin \u00fczerinde olu\u015fan yap\u0131\u015fkan bir filmdir ve \u00e7\u0131kar\u0131lmad\u0131\u011f\u0131 takdirde \u00e7\u00fcr\u00fcklere ve di\u015f eti hastal\u0131klar\u0131na yol a\u00e7abilir. Tartar, di\u015flerinizin \u00fczerinde olu\u015fan ve yaln\u0131zca di\u015f hekimi taraf\u0131ndan temizlenebilen sert, mineralli bir tortudur.<\/p>\n<p>  <\/p>\n<h2>Flor\u00fcr Tedavisi<\/h2>\n<p>Flor\u00fcr, di\u015f minesini g\u00fc\u00e7lendirerek di\u015f \u00e7\u00fcr\u00fcmelerini \u00f6nlemeye yard\u0131mc\u0131 olan bir mineraldir. Bir\u00e7ok di\u015f macunu ve gargara \u00fcr\u00fcn\u00fcnde bulunur ancak di\u015f hekiminiz, di\u015f muayeneniz s\u0131ras\u0131nda flor\u00fcr tedavisi de \u00f6nerebilir. A\u011f\u0131z Sa\u011fl\u0131\u011f\u0131 E\u011fitimi Di\u015f hekiminiz, di\u015f f\u0131r\u00e7alama ve di\u015f ipi kullanma teknikleri gibi uygun a\u011f\u0131z hijyeni al\u0131\u015fkanl\u0131klar\u0131 konusunda e\u011fitim verebilir ve a\u011f\u0131z sa\u011fl\u0131\u011f\u0131n\u0131z\u0131 etkileyebilecek diyet ve ya\u015fam tarz\u0131 se\u00e7imleri konusunda tavsiyelerde bulunabilir. E\u011fitim, a\u011f\u0131z sa\u011fl\u0131\u011f\u0131n\u0131z\u0131 kontrol alt\u0131na alman\u0131za ve di\u015f problemlerini ortaya \u00e7\u0131kmadan \u00f6nlemenize yard\u0131mc\u0131 olabilir. Sonu\u00e7 olarak, koruyucu di\u015f hekimli\u011fi a\u011f\u0131z sa\u011fl\u0131\u011f\u0131n\u0131 korumak i\u00e7in \u00e7ok \u00f6nemlidir. D\u00fczenli di\u015f muayeneleri, profesyonel di\u015f temizli\u011fi, flor\u00fcr tedavileri ve a\u011f\u0131z sa\u011fl\u0131\u011f\u0131 e\u011fitimi, di\u015f sorunlar\u0131n\u0131n daha ciddi ve tedavisi pahal\u0131 hale gelmeden \u00f6nlenmesine yard\u0131mc\u0131 olabilir. \u0130yi a\u011f\u0131z hijyeni al\u0131\u015fkanl\u0131klar\u0131 uygulayarak ve di\u015f hekiminizi d\u00fczenli olarak ziyaret ederek, y\u0131llar boyunca sa\u011fl\u0131kl\u0131 ve g\u00fczel bir g\u00fcl\u00fcmsemeyi koruyabilirsiniz.<\/p>\n<p>[\/vc_column_text][\/vc_column][vc_column width=&#8221;1\/4&#8243;][vc_column_text]<\/p>\n<h4 style=\"text-align: center;\">Hizmetlerimiz<\/h4>\n<p>[\/vc_column_text]<!-- radiantthemes-custom-menu --><div class=\"radiantthemes-custom-menu element-one rt2814878430 \"    ><ul id=\"menu-dis-tedavileri-menu-turkce\" class=\"menu rt-mega-menu-transition-default\"><li id=\"menu-item-14220\" class=\"menu-item menu-item-type-post_type menu-item-object-page menu-flyout rt-mega-menu-hover item-14220\"><a  href=\"https:\/\/drkorkmaz.com\/tr\/estetik-dis-hekimligi\/\">Estetik Di\u015f Hekimli\u011fi<\/a><\/li>\n<li id=\"menu-item-14221\" class=\"menu-item menu-item-type-post_type menu-item-object-page menu-flyout rt-mega-menu-hover item-14221\"><a  href=\"https:\/\/drkorkmaz.com\/tr\/koruyucu-dis-hekimligi\/\">Koruyucu Di\u015f Hekimli\u011fi<\/a><\/li>\n<li id=\"menu-item-14222\" class=\"menu-item menu-item-type-post_type menu-item-object-page menu-flyout rt-mega-menu-hover item-14222\"><a  href=\"https:\/\/drkorkmaz.com\/tr\/restoratif-dis-hekimligi\/\">Restoratif Di\u015f Hekimli\u011fi<br><\/a><\/li>\n<li id=\"menu-item-14223\" class=\"menu-item menu-item-type-post_type menu-item-object-page menu-flyout rt-mega-menu-hover item-14223\"><a  href=\"https:\/\/drkorkmaz.com\/tr\/dis-beyazlatma\/\">Di\u015f Beyazlatma<br><\/a><\/li>\n<\/ul><\/div>\r<!-- radiantthemes-custom-menu -->\r[\/vc_column][\/vc_row]<\/p>\n","protected":false},"excerpt":{"rendered":"<p>[vc_row css=&#8221;.vc_custom_1674471057351{margin-top: 40px !important;}&#8221;][vc_column width=&#8221;3\/4&#8243;][vc_column_text]Koruyucu di\u015f hekimli\u011fi, di\u015f sorunlar\u0131n\u0131n \u00f6nlenmesi i\u00e7in a\u011f\u0131z sa\u011fl\u0131\u011f\u0131n\u0131n korunmas\u0131na odaklanan di\u015f hekimli\u011fi dal\u0131d\u0131r. D\u00fczenli di\u015f muayenelerini, g\u00fcnl\u00fck a\u011f\u0131z hijyeni uygulamalar\u0131n\u0131 ve di\u015f sa\u011fl\u0131\u011f\u0131n\u0131 geli\u015ftiren ya\u015fam tarz\u0131 al\u0131\u015fkanl\u0131klar\u0131n\u0131 i\u00e7erir. \u00c7\u00fcr\u00fck, di\u015f eti hastal\u0131\u011f\u0131 ve di\u015f kayb\u0131 gibi di\u015f sorunlar\u0131n\u0131n \u00f6nlenmesinde koruyucu di\u015f hekimli\u011fi \u00e7ok \u00f6nemlidir. Etkili koruyucu di\u015f hekimli\u011fi i\u00e7in be\u015f [&hellip;]<\/p>\n","protected":false},"author":1,"featured_media":12725,"parent":0,"menu_order":0,"comment_status":"closed","ping_status":"closed","template":"","meta":{"footnotes":""},"class_list":["post-13595","page","type-page","status-publish","has-post-thumbnail","hentry"],"rankMath":{"parentDomain":"drkorkmaz.com","noFollowDomains":[],"noFollowExcludeDomains":[],"noFollowExternalLinks":true,"featuredImageNotice":"\u00d6ne \u00e7\u0131kan g\u00f6rsel, Facebook ve di\u011fer sosyal medya siteleri taraf\u0131ndan al\u0131nabilmesi i\u00e7in en az 200 x 200 piksel olmal\u0131d\u0131r.","pluginReviewed":false,"postSettings":{"linkSuggestions":true,"useFocusKeyword":false},"frontEndScore":false,"postName":"koruyucu-dis-hekimligi","permalinkFormat":"https:\/\/drkorkmaz.com\/tr\/%pagename%\/","showLockModifiedDate":true,"assessor":{"focusKeywordLink":"https:\/\/drkorkmaz.com\/wp-admin\/edit.php?focus_keyword=%focus_keyword%&post_type=%post_type%","hasTOCPlugin":false,"primaryTaxonomy":false,"serpData":{"title":"%title% in Turkey %page% %sep% %sitename%","description":"","focusKeywords":"Koruyucu Di\u015f Hekimli\u011fi","pillarContent":false,"canonicalUrl":"","breadcrumbTitle":"","advancedRobots":{"max-snippet":"-1","max-video-preview":"-1","max-image-preview":"large"},"facebookTitle":"","facebookDescription":"","facebookImage":"","facebookImageID":"","facebookHasOverlay":false,"facebookImageOverlay":"","facebookAuthor":"","twitterCardType":"","twitterUseFacebook":true,"twitterTitle":"","twitterDescription":"","twitterImage":"","twitterImageID":"","twitterHasOverlay":false,"twitterImageOverlay":"","twitterPlayerUrl":"","twitterPlayerSize":"","twitterPlayerStream":"","twitterPlayerStreamCtype":"","twitterAppDescription":"","twitterAppIphoneName":"","twitterAppIphoneID":"","twitterAppIphoneUrl":"","twitterAppIpadName":"","twitterAppIpadID":"","twitterAppIpadUrl":"","twitterAppGoogleplayName":"","twitterAppGoogleplayID":"","twitterAppGoogleplayUrl":"","twitterAppCountry":"","robots":{"index":true},"twitterAuthor":"kullan\u0131c\u0131 ad\u0131","primaryTerm":0,"authorName":"admin","titleTemplate":"%title% %page% %sep% %sitename%","descriptionTemplate":"%excerpt%","showScoreFrontend":true,"lockModifiedDate":false},"powerWords":[],"diacritics":{"A":"[\\u0041\\u24B6\\uFF21\\u00C0\\u00C1\\u00C2\\u1EA6\\u1EA4\\u1EAA\\u1EA8\\u00C3\\u0100\\u0102\\u1EB0\\u1EAE\\u1EB4\\u1EB2\\u0226\\u01E0\\u00C4\\u01DE\\u1EA2\\u00C5\\u01FA\\u01CD\\u0200\\u0202\\u1EA0\\u1EAC\\u1EB6\\u1E00\\u0104\\u023A\\u2C6F]","AA":"[\\uA732]","AE":"[\\u00C6\\u01FC\\u01E2]","AO":"[\\uA734]","AU":"[\\uA736]","AV":"[\\uA738\\uA73A]","AY":"[\\uA73C]","B":"[\\u0042\\u24B7\\uFF22\\u1E02\\u1E04\\u1E06\\u0243\\u0182\\u0181]","C":"[\\u0043\\u24B8\\uFF23\\u0106\\u0108\\u010A\\u010C\\u00C7\\u1E08\\u0187\\u023B\\uA73E]","D":"[\\u0044\\u24B9\\uFF24\\u1E0A\\u010E\\u1E0C\\u1E10\\u1E12\\u1E0E\\u0110\\u018B\\u018A\\u0189\\uA779]","DZ":"[\\u01F1\\u01C4]","Dz":"[\\u01F2\\u01C5]","E":"[\\u0045\\u24BA\\uFF25\\u00C8\\u00C9\\u00CA\\u1EC0\\u1EBE\\u1EC4\\u1EC2\\u1EBC\\u0112\\u1E14\\u1E16\\u0114\\u0116\\u00CB\\u1EBA\\u011A\\u0204\\u0206\\u1EB8\\u1EC6\\u0228\\u1E1C\\u0118\\u1E18\\u1E1A\\u0190\\u018E]","F":"[\\u0046\\u24BB\\uFF26\\u1E1E\\u0191\\uA77B]","G":"[\\u0047\\u24BC\\uFF27\\u01F4\\u011C\\u1E20\\u011E\\u0120\\u01E6\\u0122\\u01E4\\u0193\\uA7A0\\uA77D\\uA77E]","H":"[\\u0048\\u24BD\\uFF28\\u0124\\u1E22\\u1E26\\u021E\\u1E24\\u1E28\\u1E2A\\u0126\\u2C67\\u2C75\\uA78D]","I":"[\\u0049\\u24BE\\uFF29\\u00CC\\u00CD\\u00CE\\u0128\\u012A\\u012C\\u0130\\u00CF\\u1E2E\\u1EC8\\u01CF\\u0208\\u020A\\u1ECA\\u012E\\u1E2C\\u0197]","J":"[\\u004A\\u24BF\\uFF2A\\u0134\\u0248]","K":"[\\u004B\\u24C0\\uFF2B\\u1E30\\u01E8\\u1E32\\u0136\\u1E34\\u0198\\u2C69\\uA740\\uA742\\uA744\\uA7A2]","L":"[\\u004C\\u24C1\\uFF2C\\u013F\\u0139\\u013D\\u1E36\\u1E38\\u013B\\u1E3C\\u1E3A\\u0141\\u023D\\u2C62\\u2C60\\uA748\\uA746\\uA780]","LJ":"[\\u01C7]","Lj":"[\\u01C8]","M":"[\\u004D\\u24C2\\uFF2D\\u1E3E\\u1E40\\u1E42\\u2C6E\\u019C]","N":"[\\u004E\\u24C3\\uFF2E\\u01F8\\u0143\\u00D1\\u1E44\\u0147\\u1E46\\u0145\\u1E4A\\u1E48\\u0220\\u019D\\uA790\\uA7A4]","NJ":"[\\u01CA]","Nj":"[\\u01CB]","O":"[\\u004F\\u24C4\\uFF2F\\u00D2\\u00D3\\u00D4\\u1ED2\\u1ED0\\u1ED6\\u1ED4\\u00D5\\u1E4C\\u022C\\u1E4E\\u014C\\u1E50\\u1E52\\u014E\\u022E\\u0230\\u00D6\\u022A\\u1ECE\\u0150\\u01D1\\u020C\\u020E\\u01A0\\u1EDC\\u1EDA\\u1EE0\\u1EDE\\u1EE2\\u1ECC\\u1ED8\\u01EA\\u01EC\\u00D8\\u01FE\\u0186\\u019F\\uA74A\\uA74C]","OI":"[\\u01A2]","OO":"[\\uA74E]","OU":"[\\u0222]","P":"[\\u0050\\u24C5\\uFF30\\u1E54\\u1E56\\u01A4\\u2C63\\uA750\\uA752\\uA754]","Q":"[\\u0051\\u24C6\\uFF31\\uA756\\uA758\\u024A]","R":"[\\u0052\\u24C7\\uFF32\\u0154\\u1E58\\u0158\\u0210\\u0212\\u1E5A\\u1E5C\\u0156\\u1E5E\\u024C\\u2C64\\uA75A\\uA7A6\\uA782]","S":"[\\u0053\\u24C8\\uFF33\\u1E9E\\u015A\\u1E64\\u015C\\u1E60\\u0160\\u1E66\\u1E62\\u1E68\\u0218\\u015E\\u2C7E\\uA7A8\\uA784]","T":"[\\u0054\\u24C9\\uFF34\\u1E6A\\u0164\\u1E6C\\u021A\\u0162\\u1E70\\u1E6E\\u0166\\u01AC\\u01AE\\u023E\\uA786]","TZ":"[\\uA728]","U":"[\\u0055\\u24CA\\uFF35\\u00D9\\u00DA\\u00DB\\u0168\\u1E78\\u016A\\u1E7A\\u016C\\u00DC\\u01DB\\u01D7\\u01D5\\u01D9\\u1EE6\\u016E\\u0170\\u01D3\\u0214\\u0216\\u01AF\\u1EEA\\u1EE8\\u1EEE\\u1EEC\\u1EF0\\u1EE4\\u1E72\\u0172\\u1E76\\u1E74\\u0244]","V":"[\\u0056\\u24CB\\uFF36\\u1E7C\\u1E7E\\u01B2\\uA75E\\u0245]","VY":"[\\uA760]","W":"[\\u0057\\u24CC\\uFF37\\u1E80\\u1E82\\u0174\\u1E86\\u1E84\\u1E88\\u2C72]","X":"[\\u0058\\u24CD\\uFF38\\u1E8A\\u1E8C]","Y":"[\\u0059\\u24CE\\uFF39\\u1EF2\\u00DD\\u0176\\u1EF8\\u0232\\u1E8E\\u0178\\u1EF6\\u1EF4\\u01B3\\u024E\\u1EFE]","Z":"[\\u005A\\u24CF\\uFF3A\\u0179\\u1E90\\u017B\\u017D\\u1E92\\u1E94\\u01B5\\u0224\\u2C7F\\u2C6B\\uA762]","a":"[\\u0061\\u24D0\\uFF41\\u1E9A\\u00E0\\u00E1\\u00E2\\u1EA7\\u1EA5\\u1EAB\\u1EA9\\u00E3\\u0101\\u0103\\u1EB1\\u1EAF\\u1EB5\\u1EB3\\u0227\\u01E1\\u00E4\\u01DF\\u1EA3\\u00E5\\u01FB\\u01CE\\u0201\\u0203\\u1EA1\\u1EAD\\u1EB7\\u1E01\\u0105\\u2C65\\u0250]","aa":"[\\uA733]","ae":"[\\u00E6\\u01FD\\u01E3]","ao":"[\\uA735]","au":"[\\uA737]","av":"[\\uA739\\uA73B]","ay":"[\\uA73D]","b":"[\\u0062\\u24D1\\uFF42\\u1E03\\u1E05\\u1E07\\u0180\\u0183\\u0253]","c":"[\\u0063\\u24D2\\uFF43\\u0107\\u0109\\u010B\\u010D\\u00E7\\u1E09\\u0188\\u023C\\uA73F\\u2184]","d":"[\\u0064\\u24D3\\uFF44\\u1E0B\\u010F\\u1E0D\\u1E11\\u1E13\\u1E0F\\u0111\\u018C\\u0256\\u0257\\uA77A]","dz":"[\\u01F3\\u01C6]","e":"[\\u0065\\u24D4\\uFF45\\u00E8\\u00E9\\u00EA\\u1EC1\\u1EBF\\u1EC5\\u1EC3\\u1EBD\\u0113\\u1E15\\u1E17\\u0115\\u0117\\u00EB\\u1EBB\\u011B\\u0205\\u0207\\u1EB9\\u1EC7\\u0229\\u1E1D\\u0119\\u1E19\\u1E1B\\u0247\\u025B\\u01DD]","f":"[\\u0066\\u24D5\\uFF46\\u1E1F\\u0192\\uA77C]","g":"[\\u0067\\u24D6\\uFF47\\u01F5\\u011D\\u1E21\\u011F\\u0121\\u01E7\\u0123\\u01E5\\u0260\\uA7A1\\u1D79\\uA77F]","h":"[\\u0068\\u24D7\\uFF48\\u0125\\u1E23\\u1E27\\u021F\\u1E25\\u1E29\\u1E2B\\u1E96\\u0127\\u2C68\\u2C76\\u0265]","hv":"[\\u0195]","i":"[\\u0069\\u24D8\\uFF49\\u00EC\\u00ED\\u00EE\\u0129\\u012B\\u012D\\u00EF\\u1E2F\\u1EC9\\u01D0\\u0209\\u020B\\u1ECB\\u012F\\u1E2D\\u0268\\u0131]","j":"[\\u006A\\u24D9\\uFF4A\\u0135\\u01F0\\u0249]","k":"[\\u006B\\u24DA\\uFF4B\\u1E31\\u01E9\\u1E33\\u0137\\u1E35\\u0199\\u2C6A\\uA741\\uA743\\uA745\\uA7A3]","l":"[\\u006C\\u24DB\\uFF4C\\u0140\\u013A\\u013E\\u1E37\\u1E39\\u013C\\u1E3D\\u1E3B\\u017F\\u0142\\u019A\\u026B\\u2C61\\uA749\\uA781\\uA747]","lj":"[\\u01C9]","m":"[\\u006D\\u24DC\\uFF4D\\u1E3F\\u1E41\\u1E43\\u0271\\u026F]","n":"[\\u006E\\u24DD\\uFF4E\\u01F9\\u0144\\u00F1\\u1E45\\u0148\\u1E47\\u0146\\u1E4B\\u1E49\\u019E\\u0272\\u0149\\uA791\\uA7A5]","nj":"[\\u01CC]","o":"[\\u006F\\u24DE\\uFF4F\\u00F2\\u00F3\\u00F4\\u1ED3\\u1ED1\\u1ED7\\u1ED5\\u00F5\\u1E4D\\u022D\\u1E4F\\u014D\\u1E51\\u1E53\\u014F\\u022F\\u0231\\u00F6\\u022B\\u1ECF\\u0151\\u01D2\\u020D\\u020F\\u01A1\\u1EDD\\u1EDB\\u1EE1\\u1EDF\\u1EE3\\u1ECD\\u1ED9\\u01EB\\u01ED\\u00F8\\u01FF\\u0254\\uA74B\\uA74D\\u0275]","oi":"[\\u01A3]","ou":"[\\u0223]","oo":"[\\uA74F]","p":"[\\u0070\\u24DF\\uFF50\\u1E55\\u1E57\\u01A5\\u1D7D\\uA751\\uA753\\uA755]","q":"[\\u0071\\u24E0\\uFF51\\u024B\\uA757\\uA759]","r":"[\\u0072\\u24E1\\uFF52\\u0155\\u1E59\\u0159\\u0211\\u0213\\u1E5B\\u1E5D\\u0157\\u1E5F\\u024D\\u027D\\uA75B\\uA7A7\\uA783]","s":"[\\u0073\\u24E2\\uFF53\\u015B\\u1E65\\u015D\\u1E61\\u0161\\u1E67\\u1E63\\u1E69\\u0219\\u015F\\u023F\\uA7A9\\uA785\\u1E9B]","ss":"[\\u00DF]","t":"[\\u0074\\u24E3\\uFF54\\u1E6B\\u1E97\\u0165\\u1E6D\\u021B\\u0163\\u1E71\\u1E6F\\u0167\\u01AD\\u0288\\u2C66\\uA787]","tz":"[\\uA729]","u":"[\\u0075\\u24E4\\uFF55\\u00F9\\u00FA\\u00FB\\u0169\\u1E79\\u016B\\u1E7B\\u016D\\u00FC\\u01DC\\u01D8\\u01D6\\u01DA\\u1EE7\\u016F\\u0171\\u01D4\\u0215\\u0217\\u01B0\\u1EEB\\u1EE9\\u1EEF\\u1EED\\u1EF1\\u1EE5\\u1E73\\u0173\\u1E77\\u1E75\\u0289]","v":"[\\u0076\\u24E5\\uFF56\\u1E7D\\u1E7F\\u028B\\uA75F\\u028C]","vy":"[\\uA761]","w":"[\\u0077\\u24E6\\uFF57\\u1E81\\u1E83\\u0175\\u1E87\\u1E85\\u1E98\\u1E89\\u2C73]","x":"[\\u0078\\u24E7\\uFF58\\u1E8B\\u1E8D]","y":"[\\u0079\\u24E8\\uFF59\\u1EF3\\u00FD\\u0177\\u1EF9\\u0233\\u1E8F\\u00FF\\u1EF7\\u1E99\\u1EF5\\u01B4\\u024F\\u1EFF]","z":"[\\u007A\\u24E9\\uFF5A\\u017A\\u1E91\\u017C\\u017E\\u1E93\\u1E95\\u01B6\\u0225\\u0240\\u2C6C\\uA763]"},"researchesTests":["contentHasTOC","contentHasShortParagraphs","contentHasAssets","keywordInTitle","keywordInMetaDescription","keywordInPermalink","keywordIn10Percent","keywordInContent","keywordInSubheadings","keywordInImageAlt","keywordDensity","keywordNotUsed","lengthContent","lengthPermalink","linksHasInternal","linksHasExternals","linksNotAllExternals","titleStartWithKeyword","titleSentiment","titleHasPowerWords","titleHasNumber","hasContentAI"],"hasRedirection":true,"hasBreadcrumb":true},"homeUrl":"https:\/\/drkorkmaz.com\/tr\/","objectID":13595,"objectType":"post","locale":"tr","localeFull":"tr_TR","overlayImages":{"play":{"name":"Oynatma simgesi","url":"https:\/\/drkorkmaz.com\/wp-content\/plugins\/seo-by-rank-math\/assets\/admin\/img\/icon-play.png","path":"\/home\/drkorkmaz\/public_html\/wp-content\/plugins\/seo-by-rank-math\/assets\/admin\/img\/icon-play.png","position":"middle_center"},"gif":{"name":"GIF simgesi","url":"https:\/\/drkorkmaz.com\/wp-content\/plugins\/seo-by-rank-math\/assets\/admin\/img\/icon-gif.png","path":"\/home\/drkorkmaz\/public_html\/wp-content\/plugins\/seo-by-rank-math\/assets\/admin\/img\/icon-gif.png","position":"middle_center"}},"defautOgImage":"https:\/\/drkorkmaz.com\/wp-content\/plugins\/seo-by-rank-math\/assets\/admin\/img\/social-placeholder.jpg","customPermalinks":true,"isUserRegistered":true,"autoSuggestKeywords":true,"connectSiteUrl":"https:\/\/rankmath.com\/auth?site=https%3A%2F%2Fdrkorkmaz.com%2Ftr%2F&r=https%3A%2F%2Fdrkorkmaz.com%2Ftr%2Fwp-json%2Fwp%2Fv2%2Fpages%2F13595%3Fnonce%3D5c013c5e49&pro=1","maxTags":100,"trendsIcon":"<svg viewBox=\"0 0 610 610\"><path d=\"M18.85,446,174.32,290.48l58.08,58.08L76.93,504a14.54,14.54,0,0,1-20.55,0L18.83,466.48a14.54,14.54,0,0,1,0-20.55Z\" style=\"fill:#4285f4\"\/><path d=\"M242.65,242.66,377.59,377.6l-47.75,47.75a14.54,14.54,0,0,1-20.55,0L174.37,290.43l47.75-47.75A14.52,14.52,0,0,1,242.65,242.66Z\" style=\"fill:#ea4335\"\/><polygon points=\"319.53 319.53 479.26 159.8 537.34 217.88 377.61 377.62 319.53 319.53\" style=\"fill:#fabb05\"\/><path d=\"M594.26,262.73V118.61h0a16.94,16.94,0,0,0-16.94-16.94H433.2a16.94,16.94,0,0,0-12,28.92L565.34,274.71h0a16.94,16.94,0,0,0,28.92-12Z\" style=\"fill:#34a853\"\/><rect width=\"610\" height=\"610\" style=\"fill:none\"\/><\/svg>","showScore":true,"siteFavIcon":"https:\/\/drkorkmaz.com\/wp-content\/uploads\/2023\/02\/cropped-favicon-1-32x32.png","canUser":{"general":false,"advanced":false,"snippet":false,"social":false,"analysis":false,"analytics":false,"content_ai":false},"isPro":true,"is_front_page":false,"trendsUpgradeLink":"https:\/\/rankmath.com\/pricing\/?utm_source=Plugin&utm_medium=CE%20General%20Tab%20Trends&utm_campaign=WP","trendsUpgradeLabel":"Y\u00fckseltin","trendsPreviewImage":"https:\/\/drkorkmaz.com\/wp-content\/plugins\/seo-by-rank-math\/assets\/admin\/img\/trends-preview.jpg","currentEditor":false,"homepageData":{"assessor":{"powerWords":[],"diacritics":true,"researchesTests":["contentHasTOC","contentHasShortParagraphs","contentHasAssets","keywordInTitle","keywordInMetaDescription","keywordInPermalink","keywordIn10Percent","keywordInContent","keywordInSubheadings","keywordInImageAlt","keywordDensity","keywordNotUsed","lengthContent","lengthPermalink","linksHasInternal","linksHasExternals","linksNotAllExternals","titleStartWithKeyword","titleSentiment","titleHasPowerWords","titleHasNumber","hasContentAI"],"hasBreadcrumb":true,"serpData":{"title":"%sitename% %page% %sep% %sitedesc%","description":"","titleTemplate":"%sitename% %page% %sep% %sitedesc%","descriptionTemplate":"","focusKeywords":"","breadcrumbTitle":"Home Page","robots":{"index":true},"advancedRobots":{"max-snippet":"-1","max-video-preview":"-1","max-image-preview":"large"},"facebookTitle":"","facebookDescription":"","facebookImage":"","facebookImageID":""}}},"tocTitle":"Table of Contents","tocExcludeHeadings":[],"listStyle":"ul"},"_links":{"self":[{"href":"https:\/\/drkorkmaz.com\/tr\/wp-json\/wp\/v2\/pages\/13595","targetHints":{"allow":["GET"]}}],"collection":[{"href":"https:\/\/drkorkmaz.com\/tr\/wp-json\/wp\/v2\/pages"}],"about":[{"href":"https:\/\/drkorkmaz.com\/tr\/wp-json\/wp\/v2\/types\/page"}],"author":[{"embeddable":true,"href":"https:\/\/drkorkmaz.com\/tr\/wp-json\/wp\/v2\/users\/1"}],"replies":[{"embeddable":true,"href":"https:\/\/drkorkmaz.com\/tr\/wp-json\/wp\/v2\/comments?post=13595"}],"version-history":[{"count":2,"href":"https:\/\/drkorkmaz.com\/tr\/wp-json\/wp\/v2\/pages\/13595\/revisions"}],"predecessor-version":[{"id":13597,"href":"https:\/\/drkorkmaz.com\/tr\/wp-json\/wp\/v2\/pages\/13595\/revisions\/13597"}],"wp:featuredmedia":[{"embeddable":true,"href":"https:\/\/drkorkmaz.com\/tr\/wp-json\/wp\/v2\/media\/12725"}],"wp:attachment":[{"href":"https:\/\/drkorkmaz.com\/tr\/wp-json\/wp\/v2\/media?parent=13595"}],"curies":[{"name":"wp","href":"https:\/\/api.w.org\/{rel}","templated":true}]}}