{"id":13622,"date":"2023-01-27T07:51:49","date_gmt":"2023-01-27T07:51:49","guid":{"rendered":"https:\/\/drkorkmaz.com\/vajinoplasti\/"},"modified":"2024-12-20T22:07:15","modified_gmt":"2024-12-20T22:07:15","slug":"vajinoplasti","status":"publish","type":"page","link":"https:\/\/drkorkmaz.com\/tr\/vajinoplasti\/","title":{"rendered":"Vajinoplasti"},"content":{"rendered":"<p>[vc_row css=&#8221;.vc_custom_1680170257858{margin-top: 40px !important;}&#8221;][vc_column width=&#8221;2\/3&#8243;][vc_single_image image=&#8221;10637&#8243; img_size=&#8221;full&#8221;][vc_column_text]Vajinoplasti, vajinay\u0131 s\u0131k\u0131la\u015ft\u0131rmak ve kas tonusunu ve g\u00fcc\u00fcn\u00fc art\u0131rmak i\u00e7in tasarlanm\u0131\u015f cerrahi bir prosed\u00fcrd\u00fcr. Do\u011fum, ya\u015flanma veya di\u011fer fakt\u00f6rler nedeniyle vajinal gev\u015feklik ya\u015fayan kad\u0131nlar i\u00e7in yayg\u0131n bir prosed\u00fcrd\u00fcr. Bu makalede, vajinoplasti hakk\u0131nda bilmeniz gerekenleri, faydalar\u0131, riskleri, iyile\u015fmesi ve uzun vadeli g\u00f6r\u00fcn\u00fcm\u00fc de dahil olmak \u00fczere tart\u0131\u015faca\u011f\u0131z. <\/p>\n<h2>Vajinoplastinin Faydalar\u0131<\/h2>\n<p>Vajinoplastinin ana faydas\u0131 vajinal ton ve fonksiyonun iyile\u015ftirilmesidir. Prosed\u00fcr vajinal kaslar\u0131 s\u0131k\u0131la\u015ft\u0131rabilir, bu da hem hasta hem de partnerleri i\u00e7in cinsel hissi ve zevki art\u0131rabilir. Ayr\u0131ca idrar kontrol\u00fcn\u00fc iyile\u015ftirebilir ve inkontinans riskini azaltabilir. \u0130\u015flevsel faydalara ek olarak, vajinoplasti estetik iyile\u015ftirmeler de sa\u011flayabilir. Vajinal gev\u015feklik ya\u015fayan kad\u0131nlar vajinalar\u0131n\u0131n g\u00f6r\u00fcn\u00fcm\u00fc konusunda kendilerini bilin\u00e7li hissedebilirler ve vajinoplasti \u00f6zg\u00fcvenlerini ve \u00f6z sayg\u0131lar\u0131n\u0131 geri kazanmalar\u0131na yard\u0131mc\u0131 olabilir.  <\/p>\n<h2>Vajinoplastinin Riskleri<\/h2>\n<p>Her cerrahi prosed\u00fcr gibi vajinoplasti de baz\u0131 riskler ve potansiyel komplikasyonlar ta\u015f\u0131r. Bunlar aras\u0131nda kanama, enfeksiyon, yara izi ve cinsel ili\u015fki s\u0131ras\u0131nda his veya a\u011fr\u0131 de\u011fi\u015fiklikleri yer alabilir. Hastalar ayr\u0131ca tipik olarak birka\u00e7 hafta s\u00fcren iyile\u015fme d\u00f6neminde bir miktar rahats\u0131zl\u0131k veya a\u011fr\u0131 ya\u015fayabilirler. Ancak, nitelikli ve deneyimli bir cerrah se\u00e7erek ve t\u00fcm ameliyat \u00f6ncesi ve sonras\u0131 talimatlar\u0131 dikkatle takip ederek bu riskler en aza indirilebilir. <\/p>\n<h2>\u0130yile\u015fme ve Bak\u0131m Sonras\u0131<\/h2>\n<p>Vajinoplastiden sonra, b\u00f6lgenin d\u00fczg\u00fcn bir \u015fekilde iyile\u015fmesine izin vermek i\u00e7in hastalar\u0131n bir s\u00fcre dinlenmeleri ve fiziksel aktiviteden ka\u00e7\u0131nmalar\u0131 gerekecektir. Hastalar b\u00f6lgede bir miktar a\u011fr\u0131, \u015fi\u015flik veya morarma ya\u015fayabilir, bu durum genellikle a\u011fr\u0131 kesici ila\u00e7lar ve buz paketleri ile y\u00f6netilebilir. Hastalar\u0131n ayr\u0131ca b\u00f6lgenin d\u00fczg\u00fcn bir \u015fekilde iyile\u015fmesine izin vermek i\u00e7in tipik olarak alt\u0131 ila sekiz hafta gibi bir s\u00fcre boyunca cinsel aktiviteden ka\u00e7\u0131nmalar\u0131 gerekecektir. Hastalar ayr\u0131ca iyile\u015fmeyi desteklemek ve enfeksiyon riskini azaltmak i\u00e7in b\u00f6lgede iyi hijyen sa\u011flamal\u0131d\u0131r. <\/p>\n<h2>Sonu\u00e7lar ve Uzun Vadeli G\u00f6r\u00fcn\u00fcm<\/h2>\n<p>\u00c7o\u011fu hasta vajinoplasti sonras\u0131nda vajinal ton ve fonksiyonda \u00f6nemli iyile\u015fmeler bildirmektedir. Bununla birlikte, sonu\u00e7lar\u0131n bireyin anatomisine ve hedeflerine, ayr\u0131ca cerrah\u0131n beceri ve deneyimine ba\u011fl\u0131 olarak de\u011fi\u015febilece\u011fini unutmamak \u00f6nemlidir. Genel olarak, vajinoplastinin sonu\u00e7lar\u0131 uzun \u00f6m\u00fcrl\u00fcd\u00fcr ve hastan\u0131n ya\u015fam kalitesini \u00e7e\u015fitli \u015fekillerde iyile\u015ftirebilir. Hastalar iyi hijyen sa\u011flamaya devam etmeli ve optimum iyile\u015fme ve uzun vadeli sonu\u00e7lar elde etmek i\u00e7in cerrahlar\u0131n\u0131n tavsiyelerine uymal\u0131d\u0131r. <\/p>\n<h2>Nitelikli Bir Sa\u011flay\u0131c\u0131 Bulma<\/h2>\n<p>Vajinoplasti d\u00fc\u015f\u00fcn\u00fcld\u00fc\u011f\u00fcnde, bu prosed\u00fcrde uzmanla\u015fm\u0131\u015f nitelikli ve deneyimli bir sa\u011flay\u0131c\u0131 se\u00e7mek \u00f6nemlidir. Hastalar potansiyel sa\u011flay\u0131c\u0131lar\u0131 ara\u015ft\u0131rmal\u0131 ve kurul sertifikas\u0131, vajinoplasti yapma deneyimi ve ge\u00e7mi\u015f hastalardan olumlu yorumlar aramal\u0131d\u0131r. Hastalar ayr\u0131ca hedefleri ve endi\u015felerinin yan\u0131 s\u0131ra prosed\u00fcr\u00fcn riskleri ve faydalar\u0131n\u0131 tart\u0131\u015fmak i\u00e7in sa\u011flay\u0131c\u0131 ile bir kons\u00fcltasyon planlamal\u0131d\u0131r. Sa\u011flay\u0131c\u0131, hastan\u0131n bireysel anatomisini de\u011ferlendirebilir ve \u00f6zel ihtiya\u00e7lar\u0131na ve hedeflerine g\u00f6re \u00f6zelle\u015ftirilmi\u015f bir tedavi plan\u0131 \u00f6nerebilir. <\/p>\n<h2>Sonu\u00e7<\/h2>\n<p>Vajinoplasti, kad\u0131nlar\u0131n vajinalar\u0131n\u0131n i\u015flevini ve g\u00f6r\u00fcn\u00fcm\u00fcn\u00fc iyile\u015ftirmelerine yard\u0131mc\u0131 olabilecek g\u00fcvenli ve etkili bir prosed\u00fcrd\u00fcr. \u0130yile\u015ftirilmi\u015f cinsel his, idrar kontrol\u00fc ve \u00f6zg\u00fcven dahil olmak \u00fczere \u00e7ok say\u0131da fayda sunar. <\/p>\n<p>&nbsp;<\/p>\n<p>Vajinoplasti yapt\u0131rmay\u0131 d\u00fc\u015f\u00fcnen hastalar, potansiyel tedarik\u00e7ileri dikkatlice ara\u015ft\u0131rmal\u0131 ve cerrahla hedeflerini ve endi\u015felerini tart\u0131\u015fmal\u0131d\u0131r. Bilin\u00e7li bir karar vererek ve cerrah\u0131n bak\u0131m sonras\u0131 talimatlar\u0131n\u0131 izleyerek, hastalar daha fazla konfor, g\u00fcven ve esenlik duygusunun tad\u0131n\u0131 \u00e7\u0131karabilirler. <\/p>\n<p>&nbsp;<\/p>\n<p>Vajinoplasti, vajinay\u0131 ve \u00e7evresindeki kaslar\u0131 s\u0131k\u0131la\u015ft\u0131ran cerrahi bir prosed\u00fcrd\u00fcr. Ama\u00e7, cinsel i\u015flevi iyile\u015ftirmek ve \u00f6zg\u00fcveni art\u0131rmakt\u0131r. Vajinal do\u011fum, menopoz veya pelvik cerrahi ge\u00e7irmi\u015f kad\u0131nlar vajinal gev\u015feklik, cinsel tatminde azalma veya idrar ka\u00e7\u0131rma gibi sorunlar\u0131 ele almak i\u00e7in vajinoplasti isteyebilirler.  <\/p>\n<p>&nbsp;<\/p>\n<p>Prosed\u00fcr, fazla vajinal dokunun \u00e7\u0131kar\u0131lmas\u0131n\u0131 ve kaslar\u0131n ve \u00e7evresindeki yap\u0131lar\u0131n s\u0131k\u0131la\u015ft\u0131r\u0131lmas\u0131n\u0131 i\u00e7erir. Hastan\u0131n ihtiya\u00e7lar\u0131na ba\u011fl\u0131 olarak cerrah, vajina ve an\u00fcs aras\u0131ndaki b\u00f6lgenin s\u0131k\u0131la\u015ft\u0131r\u0131lmas\u0131n\u0131 i\u00e7eren bir perineoplasti de ger\u00e7ekle\u015ftirebilir. Vajinoplasti tipik olarak genel anestezi alt\u0131nda yap\u0131l\u0131r ve hastalar genellikle ayn\u0131 g\u00fcn eve d\u00f6nebilir. \u0130yile\u015fme s\u00fcresi ameliyat\u0131n kapsam\u0131na ba\u011fl\u0131 olarak de\u011fi\u015fir, ancak \u00e7o\u011fu kad\u0131n birka\u00e7 g\u00fcn i\u00e7inde normal aktivitelerine devam edebilir ve alt\u0131 hafta sonra cinsel aktiviteye d\u00f6nebilir. <\/p>\n<p>&nbsp;<\/p>\n<p>Vajinoplasti vajinal gev\u015feklik veya di\u011fer sorunlar\u0131 olan kad\u0131nlar i\u00e7in etkili bir \u00e7\u00f6z\u00fcm olabilirken, bunun herkese uyan tek bir \u00e7\u00f6z\u00fcm olmad\u0131\u011f\u0131n\u0131 unutmamak \u00f6nemlidir. Prosed\u00fcr\u00fc d\u00fc\u015f\u00fcnen kad\u0131nlar, hedeflerini ve endi\u015felerini kalifiye bir cerrahla tart\u0131\u015fmal\u0131 ve bireysel ihtiya\u00e7lar\u0131na g\u00f6re bilin\u00e7li bir karar vermelidir. Her ameliyat gibi vajinoplasti de kanama, enfeksiyon ve anestezi komplikasyonlar\u0131 gibi riskler ta\u015f\u0131r. Ancak bu riskler, vajinal rekonstr\u00fcktif cerrahi konusunda uzmanla\u015fm\u0131\u015f nitelikli bir cerrah se\u00e7ilerek ve ameliyat \u00f6ncesi ve sonras\u0131 t\u00fcm talimatlar dikkatle takip edilerek en aza indirilebilir. <\/p>\n<p>&nbsp;<\/p>\n<p>Prosed\u00fcr i\u00e7in ger\u00e7ek\u00e7i beklentilere sahip olmak da \u00f6nemlidir. Vajinoplasti bir\u00e7ok kad\u0131n i\u00e7in cinsel i\u015flevi ve ya\u015fam kalitesini iyile\u015ftirebilirken, cinsel tatminin garantisi veya her cinsel sorun i\u00e7in bir \u00e7\u00f6z\u00fcm de\u011fildir. Kad\u0131nlar, prosed\u00fcr\u00fcn neyi ba\u015farabilece\u011fini ve ba\u015faramayaca\u011f\u0131n\u0131 anlad\u0131klar\u0131ndan emin olmak i\u00e7in beklentilerini ve hedeflerini cerrahlar\u0131yla tart\u0131\u015fmal\u0131d\u0131r. Sonu\u00e7 olarak vajinoplasti, vajinal gev\u015feklik, cinsel tatminde azalma veya idrar ka\u00e7\u0131rma sorunu olan kad\u0131nlar i\u00e7in cinsel i\u015flevi iyile\u015ftirebilen ve \u00f6zg\u00fcveni art\u0131rabilen cerrahi bir prosed\u00fcrd\u00fcr. Her ameliyat gibi riskler ta\u015f\u0131sa da, nitelikli bir cerrah se\u00e7ilerek ve t\u00fcm ameliyat \u00f6ncesi ve sonras\u0131 talimatlar dikkatle takip edilerek bu riskler en aza indirilebilir. Vajinoplastiyi d\u00fc\u015f\u00fcnen kad\u0131nlar, bireysel ihtiya\u00e7lar\u0131na g\u00f6re bilin\u00e7li bir karar vermek i\u00e7in hedeflerini ve endi\u015felerini kalifiye bir cerrahla tart\u0131\u015fmal\u0131d\u0131r.  <\/p>\n<p> [\/vc_column_text][\/vc_column][vc_column width=&#8221;1\/3&#8243;][vc_column_text]<\/p>\n<h4 style=\"text-align: center;\">Hizmetlerimiz<\/h4>\n<p>[\/vc_column_text]<!-- radiantthemes-custom-menu --><div class=\"radiantthemes-custom-menu element-one rt3909409424 \"    ><ul id=\"menu-genital-area-aesthetic-turkce\" class=\"menu rt-mega-menu-transition-default\"><li id=\"menu-item-14487\" class=\"menu-item menu-item-type-post_type menu-item-object-page menu-flyout rt-mega-menu-hover item-14487\"><a  href=\"https:\/\/drkorkmaz.com\/tr\/g-shot\/\">G-Shot<\/a><\/li>\n<li id=\"menu-item-14503\" class=\"menu-item menu-item-type-post_type menu-item-object-page menu-flyout rt-mega-menu-hover item-14503\"><a  href=\"https:\/\/drkorkmaz.com\/tr\/o-shot\/\">O-Shot<\/a><\/li>\n<li id=\"menu-item-14504\" class=\"menu-item menu-item-type-post_type menu-item-object-page menu-flyout rt-mega-menu-hover item-14504\"><a  href=\"https:\/\/drkorkmaz.com\/tr\/hymenoplasti\/\">Hymenoplasti<\/a><\/li>\n<li id=\"menu-item-14505\" class=\"menu-item menu-item-type-post_type menu-item-object-page menu-flyout rt-mega-menu-hover item-14505\"><a  href=\"https:\/\/drkorkmaz.com\/tr\/labioplasti\/\">Labioplasti<\/a><\/li>\n<li id=\"menu-item-14506\" class=\"menu-item menu-item-type-post_type menu-item-object-page menu-flyout rt-mega-menu-hover item-14506\"><a  href=\"https:\/\/drkorkmaz.com\/tr\/vajinoplasti\/\">Vajinoplasti<\/a><\/li>\n<li id=\"menu-item-14507\" class=\"menu-item menu-item-type-post_type menu-item-object-page menu-flyout rt-mega-menu-hover item-14507\"><a  href=\"https:\/\/drkorkmaz.com\/tr\/penis-buyutme\/\">Penis B\u00fcy\u00fctme<\/a><\/li>\n<\/ul><\/div>\r<!-- radiantthemes-custom-menu -->\r[\/vc_column][\/vc_row]<\/p>\n","protected":false},"excerpt":{"rendered":"<p>[vc_row css=&#8221;.vc_custom_1680170257858{margin-top: 40px !important;}&#8221;][vc_column width=&#8221;2\/3&#8243;][vc_single_image image=&#8221;10637&#8243; img_size=&#8221;full&#8221;][vc_column_text]Vajinoplasti, vajinay\u0131 s\u0131k\u0131la\u015ft\u0131rmak ve kas tonusunu ve g\u00fcc\u00fcn\u00fc art\u0131rmak i\u00e7in tasarlanm\u0131\u015f cerrahi bir prosed\u00fcrd\u00fcr. Do\u011fum, ya\u015flanma veya di\u011fer fakt\u00f6rler nedeniyle vajinal gev\u015feklik ya\u015fayan kad\u0131nlar i\u00e7in yayg\u0131n bir prosed\u00fcrd\u00fcr. Bu makalede, vajinoplasti hakk\u0131nda bilmeniz gerekenleri, faydalar\u0131, riskleri, iyile\u015fmesi ve uzun vadeli g\u00f6r\u00fcn\u00fcm\u00fc de dahil olmak \u00fczere tart\u0131\u015faca\u011f\u0131z. Vajinoplastinin Faydalar\u0131 Vajinoplastinin [&hellip;]<\/p>\n","protected":false},"author":1,"featured_media":0,"parent":0,"menu_order":0,"comment_status":"closed","ping_status":"closed","template":"","meta":{"footnotes":""},"class_list":["post-13622","page","type-page","status-publish","hentry"],"rankMath":{"parentDomain":"drkorkmaz.com","noFollowDomains":[],"noFollowExcludeDomains":[],"noFollowExternalLinks":true,"featuredImageNotice":"\u00d6ne \u00e7\u0131kan g\u00f6rsel, Facebook ve di\u011fer sosyal medya siteleri taraf\u0131ndan al\u0131nabilmesi i\u00e7in en az 200 x 200 piksel olmal\u0131d\u0131r.","pluginReviewed":false,"postSettings":{"linkSuggestions":true,"useFocusKeyword":false},"frontEndScore":false,"postName":"vajinoplasti","permalinkFormat":"https:\/\/drkorkmaz.com\/tr\/%pagename%\/","showLockModifiedDate":true,"assessor":{"focusKeywordLink":"https:\/\/drkorkmaz.com\/wp-admin\/edit.php?focus_keyword=%focus_keyword%&post_type=%post_type%","hasTOCPlugin":false,"primaryTaxonomy":false,"serpData":{"title":"%title% %page%- In Turkey %sep% %sitename%","description":"","focusKeywords":"Vajinoplasti","pillarContent":false,"canonicalUrl":"","breadcrumbTitle":"","advancedRobots":{"max-snippet":"-1","max-video-preview":"-1","max-image-preview":"large"},"facebookTitle":"","facebookDescription":"","facebookImage":"","facebookImageID":"","facebookHasOverlay":false,"facebookImageOverlay":"","facebookAuthor":"","twitterCardType":"","twitterUseFacebook":true,"twitterTitle":"","twitterDescription":"","twitterImage":"","twitterImageID":"","twitterHasOverlay":false,"twitterImageOverlay":"","twitterPlayerUrl":"","twitterPlayerSize":"","twitterPlayerStream":"","twitterPlayerStreamCtype":"","twitterAppDescription":"","twitterAppIphoneName":"","twitterAppIphoneID":"","twitterAppIphoneUrl":"","twitterAppIpadName":"","twitterAppIpadID":"","twitterAppIpadUrl":"","twitterAppGoogleplayName":"","twitterAppGoogleplayID":"","twitterAppGoogleplayUrl":"","twitterAppCountry":"","robots":{"index":true},"twitterAuthor":"kullan\u0131c\u0131 ad\u0131","primaryTerm":0,"authorName":"admin","titleTemplate":"%title% %page% %sep% %sitename%","descriptionTemplate":"%excerpt%","showScoreFrontend":true,"lockModifiedDate":false},"powerWords":[],"diacritics":{"A":"[\\u0041\\u24B6\\uFF21\\u00C0\\u00C1\\u00C2\\u1EA6\\u1EA4\\u1EAA\\u1EA8\\u00C3\\u0100\\u0102\\u1EB0\\u1EAE\\u1EB4\\u1EB2\\u0226\\u01E0\\u00C4\\u01DE\\u1EA2\\u00C5\\u01FA\\u01CD\\u0200\\u0202\\u1EA0\\u1EAC\\u1EB6\\u1E00\\u0104\\u023A\\u2C6F]","AA":"[\\uA732]","AE":"[\\u00C6\\u01FC\\u01E2]","AO":"[\\uA734]","AU":"[\\uA736]","AV":"[\\uA738\\uA73A]","AY":"[\\uA73C]","B":"[\\u0042\\u24B7\\uFF22\\u1E02\\u1E04\\u1E06\\u0243\\u0182\\u0181]","C":"[\\u0043\\u24B8\\uFF23\\u0106\\u0108\\u010A\\u010C\\u00C7\\u1E08\\u0187\\u023B\\uA73E]","D":"[\\u0044\\u24B9\\uFF24\\u1E0A\\u010E\\u1E0C\\u1E10\\u1E12\\u1E0E\\u0110\\u018B\\u018A\\u0189\\uA779]","DZ":"[\\u01F1\\u01C4]","Dz":"[\\u01F2\\u01C5]","E":"[\\u0045\\u24BA\\uFF25\\u00C8\\u00C9\\u00CA\\u1EC0\\u1EBE\\u1EC4\\u1EC2\\u1EBC\\u0112\\u1E14\\u1E16\\u0114\\u0116\\u00CB\\u1EBA\\u011A\\u0204\\u0206\\u1EB8\\u1EC6\\u0228\\u1E1C\\u0118\\u1E18\\u1E1A\\u0190\\u018E]","F":"[\\u0046\\u24BB\\uFF26\\u1E1E\\u0191\\uA77B]","G":"[\\u0047\\u24BC\\uFF27\\u01F4\\u011C\\u1E20\\u011E\\u0120\\u01E6\\u0122\\u01E4\\u0193\\uA7A0\\uA77D\\uA77E]","H":"[\\u0048\\u24BD\\uFF28\\u0124\\u1E22\\u1E26\\u021E\\u1E24\\u1E28\\u1E2A\\u0126\\u2C67\\u2C75\\uA78D]","I":"[\\u0049\\u24BE\\uFF29\\u00CC\\u00CD\\u00CE\\u0128\\u012A\\u012C\\u0130\\u00CF\\u1E2E\\u1EC8\\u01CF\\u0208\\u020A\\u1ECA\\u012E\\u1E2C\\u0197]","J":"[\\u004A\\u24BF\\uFF2A\\u0134\\u0248]","K":"[\\u004B\\u24C0\\uFF2B\\u1E30\\u01E8\\u1E32\\u0136\\u1E34\\u0198\\u2C69\\uA740\\uA742\\uA744\\uA7A2]","L":"[\\u004C\\u24C1\\uFF2C\\u013F\\u0139\\u013D\\u1E36\\u1E38\\u013B\\u1E3C\\u1E3A\\u0141\\u023D\\u2C62\\u2C60\\uA748\\uA746\\uA780]","LJ":"[\\u01C7]","Lj":"[\\u01C8]","M":"[\\u004D\\u24C2\\uFF2D\\u1E3E\\u1E40\\u1E42\\u2C6E\\u019C]","N":"[\\u004E\\u24C3\\uFF2E\\u01F8\\u0143\\u00D1\\u1E44\\u0147\\u1E46\\u0145\\u1E4A\\u1E48\\u0220\\u019D\\uA790\\uA7A4]","NJ":"[\\u01CA]","Nj":"[\\u01CB]","O":"[\\u004F\\u24C4\\uFF2F\\u00D2\\u00D3\\u00D4\\u1ED2\\u1ED0\\u1ED6\\u1ED4\\u00D5\\u1E4C\\u022C\\u1E4E\\u014C\\u1E50\\u1E52\\u014E\\u022E\\u0230\\u00D6\\u022A\\u1ECE\\u0150\\u01D1\\u020C\\u020E\\u01A0\\u1EDC\\u1EDA\\u1EE0\\u1EDE\\u1EE2\\u1ECC\\u1ED8\\u01EA\\u01EC\\u00D8\\u01FE\\u0186\\u019F\\uA74A\\uA74C]","OI":"[\\u01A2]","OO":"[\\uA74E]","OU":"[\\u0222]","P":"[\\u0050\\u24C5\\uFF30\\u1E54\\u1E56\\u01A4\\u2C63\\uA750\\uA752\\uA754]","Q":"[\\u0051\\u24C6\\uFF31\\uA756\\uA758\\u024A]","R":"[\\u0052\\u24C7\\uFF32\\u0154\\u1E58\\u0158\\u0210\\u0212\\u1E5A\\u1E5C\\u0156\\u1E5E\\u024C\\u2C64\\uA75A\\uA7A6\\uA782]","S":"[\\u0053\\u24C8\\uFF33\\u1E9E\\u015A\\u1E64\\u015C\\u1E60\\u0160\\u1E66\\u1E62\\u1E68\\u0218\\u015E\\u2C7E\\uA7A8\\uA784]","T":"[\\u0054\\u24C9\\uFF34\\u1E6A\\u0164\\u1E6C\\u021A\\u0162\\u1E70\\u1E6E\\u0166\\u01AC\\u01AE\\u023E\\uA786]","TZ":"[\\uA728]","U":"[\\u0055\\u24CA\\uFF35\\u00D9\\u00DA\\u00DB\\u0168\\u1E78\\u016A\\u1E7A\\u016C\\u00DC\\u01DB\\u01D7\\u01D5\\u01D9\\u1EE6\\u016E\\u0170\\u01D3\\u0214\\u0216\\u01AF\\u1EEA\\u1EE8\\u1EEE\\u1EEC\\u1EF0\\u1EE4\\u1E72\\u0172\\u1E76\\u1E74\\u0244]","V":"[\\u0056\\u24CB\\uFF36\\u1E7C\\u1E7E\\u01B2\\uA75E\\u0245]","VY":"[\\uA760]","W":"[\\u0057\\u24CC\\uFF37\\u1E80\\u1E82\\u0174\\u1E86\\u1E84\\u1E88\\u2C72]","X":"[\\u0058\\u24CD\\uFF38\\u1E8A\\u1E8C]","Y":"[\\u0059\\u24CE\\uFF39\\u1EF2\\u00DD\\u0176\\u1EF8\\u0232\\u1E8E\\u0178\\u1EF6\\u1EF4\\u01B3\\u024E\\u1EFE]","Z":"[\\u005A\\u24CF\\uFF3A\\u0179\\u1E90\\u017B\\u017D\\u1E92\\u1E94\\u01B5\\u0224\\u2C7F\\u2C6B\\uA762]","a":"[\\u0061\\u24D0\\uFF41\\u1E9A\\u00E0\\u00E1\\u00E2\\u1EA7\\u1EA5\\u1EAB\\u1EA9\\u00E3\\u0101\\u0103\\u1EB1\\u1EAF\\u1EB5\\u1EB3\\u0227\\u01E1\\u00E4\\u01DF\\u1EA3\\u00E5\\u01FB\\u01CE\\u0201\\u0203\\u1EA1\\u1EAD\\u1EB7\\u1E01\\u0105\\u2C65\\u0250]","aa":"[\\uA733]","ae":"[\\u00E6\\u01FD\\u01E3]","ao":"[\\uA735]","au":"[\\uA737]","av":"[\\uA739\\uA73B]","ay":"[\\uA73D]","b":"[\\u0062\\u24D1\\uFF42\\u1E03\\u1E05\\u1E07\\u0180\\u0183\\u0253]","c":"[\\u0063\\u24D2\\uFF43\\u0107\\u0109\\u010B\\u010D\\u00E7\\u1E09\\u0188\\u023C\\uA73F\\u2184]","d":"[\\u0064\\u24D3\\uFF44\\u1E0B\\u010F\\u1E0D\\u1E11\\u1E13\\u1E0F\\u0111\\u018C\\u0256\\u0257\\uA77A]","dz":"[\\u01F3\\u01C6]","e":"[\\u0065\\u24D4\\uFF45\\u00E8\\u00E9\\u00EA\\u1EC1\\u1EBF\\u1EC5\\u1EC3\\u1EBD\\u0113\\u1E15\\u1E17\\u0115\\u0117\\u00EB\\u1EBB\\u011B\\u0205\\u0207\\u1EB9\\u1EC7\\u0229\\u1E1D\\u0119\\u1E19\\u1E1B\\u0247\\u025B\\u01DD]","f":"[\\u0066\\u24D5\\uFF46\\u1E1F\\u0192\\uA77C]","g":"[\\u0067\\u24D6\\uFF47\\u01F5\\u011D\\u1E21\\u011F\\u0121\\u01E7\\u0123\\u01E5\\u0260\\uA7A1\\u1D79\\uA77F]","h":"[\\u0068\\u24D7\\uFF48\\u0125\\u1E23\\u1E27\\u021F\\u1E25\\u1E29\\u1E2B\\u1E96\\u0127\\u2C68\\u2C76\\u0265]","hv":"[\\u0195]","i":"[\\u0069\\u24D8\\uFF49\\u00EC\\u00ED\\u00EE\\u0129\\u012B\\u012D\\u00EF\\u1E2F\\u1EC9\\u01D0\\u0209\\u020B\\u1ECB\\u012F\\u1E2D\\u0268\\u0131]","j":"[\\u006A\\u24D9\\uFF4A\\u0135\\u01F0\\u0249]","k":"[\\u006B\\u24DA\\uFF4B\\u1E31\\u01E9\\u1E33\\u0137\\u1E35\\u0199\\u2C6A\\uA741\\uA743\\uA745\\uA7A3]","l":"[\\u006C\\u24DB\\uFF4C\\u0140\\u013A\\u013E\\u1E37\\u1E39\\u013C\\u1E3D\\u1E3B\\u017F\\u0142\\u019A\\u026B\\u2C61\\uA749\\uA781\\uA747]","lj":"[\\u01C9]","m":"[\\u006D\\u24DC\\uFF4D\\u1E3F\\u1E41\\u1E43\\u0271\\u026F]","n":"[\\u006E\\u24DD\\uFF4E\\u01F9\\u0144\\u00F1\\u1E45\\u0148\\u1E47\\u0146\\u1E4B\\u1E49\\u019E\\u0272\\u0149\\uA791\\uA7A5]","nj":"[\\u01CC]","o":"[\\u006F\\u24DE\\uFF4F\\u00F2\\u00F3\\u00F4\\u1ED3\\u1ED1\\u1ED7\\u1ED5\\u00F5\\u1E4D\\u022D\\u1E4F\\u014D\\u1E51\\u1E53\\u014F\\u022F\\u0231\\u00F6\\u022B\\u1ECF\\u0151\\u01D2\\u020D\\u020F\\u01A1\\u1EDD\\u1EDB\\u1EE1\\u1EDF\\u1EE3\\u1ECD\\u1ED9\\u01EB\\u01ED\\u00F8\\u01FF\\u0254\\uA74B\\uA74D\\u0275]","oi":"[\\u01A3]","ou":"[\\u0223]","oo":"[\\uA74F]","p":"[\\u0070\\u24DF\\uFF50\\u1E55\\u1E57\\u01A5\\u1D7D\\uA751\\uA753\\uA755]","q":"[\\u0071\\u24E0\\uFF51\\u024B\\uA757\\uA759]","r":"[\\u0072\\u24E1\\uFF52\\u0155\\u1E59\\u0159\\u0211\\u0213\\u1E5B\\u1E5D\\u0157\\u1E5F\\u024D\\u027D\\uA75B\\uA7A7\\uA783]","s":"[\\u0073\\u24E2\\uFF53\\u015B\\u1E65\\u015D\\u1E61\\u0161\\u1E67\\u1E63\\u1E69\\u0219\\u015F\\u023F\\uA7A9\\uA785\\u1E9B]","ss":"[\\u00DF]","t":"[\\u0074\\u24E3\\uFF54\\u1E6B\\u1E97\\u0165\\u1E6D\\u021B\\u0163\\u1E71\\u1E6F\\u0167\\u01AD\\u0288\\u2C66\\uA787]","tz":"[\\uA729]","u":"[\\u0075\\u24E4\\uFF55\\u00F9\\u00FA\\u00FB\\u0169\\u1E79\\u016B\\u1E7B\\u016D\\u00FC\\u01DC\\u01D8\\u01D6\\u01DA\\u1EE7\\u016F\\u0171\\u01D4\\u0215\\u0217\\u01B0\\u1EEB\\u1EE9\\u1EEF\\u1EED\\u1EF1\\u1EE5\\u1E73\\u0173\\u1E77\\u1E75\\u0289]","v":"[\\u0076\\u24E5\\uFF56\\u1E7D\\u1E7F\\u028B\\uA75F\\u028C]","vy":"[\\uA761]","w":"[\\u0077\\u24E6\\uFF57\\u1E81\\u1E83\\u0175\\u1E87\\u1E85\\u1E98\\u1E89\\u2C73]","x":"[\\u0078\\u24E7\\uFF58\\u1E8B\\u1E8D]","y":"[\\u0079\\u24E8\\uFF59\\u1EF3\\u00FD\\u0177\\u1EF9\\u0233\\u1E8F\\u00FF\\u1EF7\\u1E99\\u1EF5\\u01B4\\u024F\\u1EFF]","z":"[\\u007A\\u24E9\\uFF5A\\u017A\\u1E91\\u017C\\u017E\\u1E93\\u1E95\\u01B6\\u0225\\u0240\\u2C6C\\uA763]"},"researchesTests":["contentHasTOC","contentHasShortParagraphs","contentHasAssets","keywordInTitle","keywordInMetaDescription","keywordInPermalink","keywordIn10Percent","keywordInContent","keywordInSubheadings","keywordInImageAlt","keywordDensity","keywordNotUsed","lengthContent","lengthPermalink","linksHasInternal","linksHasExternals","linksNotAllExternals","titleStartWithKeyword","titleSentiment","titleHasPowerWords","titleHasNumber","hasContentAI"],"hasRedirection":true,"hasBreadcrumb":true},"homeUrl":"https:\/\/drkorkmaz.com\/tr\/","objectID":13622,"objectType":"post","locale":"tr","localeFull":"tr_TR","overlayImages":{"play":{"name":"Oynatma simgesi","url":"https:\/\/drkorkmaz.com\/wp-content\/plugins\/seo-by-rank-math\/assets\/admin\/img\/icon-play.png","path":"\/home\/drkorkmaz\/public_html\/wp-content\/plugins\/seo-by-rank-math\/assets\/admin\/img\/icon-play.png","position":"middle_center"},"gif":{"name":"GIF simgesi","url":"https:\/\/drkorkmaz.com\/wp-content\/plugins\/seo-by-rank-math\/assets\/admin\/img\/icon-gif.png","path":"\/home\/drkorkmaz\/public_html\/wp-content\/plugins\/seo-by-rank-math\/assets\/admin\/img\/icon-gif.png","position":"middle_center"}},"defautOgImage":"https:\/\/drkorkmaz.com\/wp-content\/plugins\/seo-by-rank-math\/assets\/admin\/img\/social-placeholder.jpg","customPermalinks":true,"isUserRegistered":true,"autoSuggestKeywords":true,"connectSiteUrl":"https:\/\/rankmath.com\/auth?site=https%3A%2F%2Fdrkorkmaz.com%2Ftr%2F&r=https%3A%2F%2Fdrkorkmaz.com%2Ftr%2Fwp-json%2Fwp%2Fv2%2Fpages%2F13622%3Fnonce%3D5c013c5e49&pro=1","maxTags":100,"trendsIcon":"<svg viewBox=\"0 0 610 610\"><path d=\"M18.85,446,174.32,290.48l58.08,58.08L76.93,504a14.54,14.54,0,0,1-20.55,0L18.83,466.48a14.54,14.54,0,0,1,0-20.55Z\" style=\"fill:#4285f4\"\/><path d=\"M242.65,242.66,377.59,377.6l-47.75,47.75a14.54,14.54,0,0,1-20.55,0L174.37,290.43l47.75-47.75A14.52,14.52,0,0,1,242.65,242.66Z\" style=\"fill:#ea4335\"\/><polygon points=\"319.53 319.53 479.26 159.8 537.34 217.88 377.61 377.62 319.53 319.53\" style=\"fill:#fabb05\"\/><path d=\"M594.26,262.73V118.61h0a16.94,16.94,0,0,0-16.94-16.94H433.2a16.94,16.94,0,0,0-12,28.92L565.34,274.71h0a16.94,16.94,0,0,0,28.92-12Z\" style=\"fill:#34a853\"\/><rect width=\"610\" height=\"610\" style=\"fill:none\"\/><\/svg>","showScore":true,"siteFavIcon":"https:\/\/drkorkmaz.com\/wp-content\/uploads\/2023\/02\/cropped-favicon-1-32x32.png","canUser":{"general":false,"advanced":false,"snippet":false,"social":false,"analysis":false,"analytics":false,"content_ai":false},"isPro":true,"is_front_page":false,"trendsUpgradeLink":"https:\/\/rankmath.com\/pricing\/?utm_source=Plugin&utm_medium=CE%20General%20Tab%20Trends&utm_campaign=WP","trendsUpgradeLabel":"Y\u00fckseltin","trendsPreviewImage":"https:\/\/drkorkmaz.com\/wp-content\/plugins\/seo-by-rank-math\/assets\/admin\/img\/trends-preview.jpg","currentEditor":false,"homepageData":{"assessor":{"powerWords":[],"diacritics":true,"researchesTests":["contentHasTOC","contentHasShortParagraphs","contentHasAssets","keywordInTitle","keywordInMetaDescription","keywordInPermalink","keywordIn10Percent","keywordInContent","keywordInSubheadings","keywordInImageAlt","keywordDensity","keywordNotUsed","lengthContent","lengthPermalink","linksHasInternal","linksHasExternals","linksNotAllExternals","titleStartWithKeyword","titleSentiment","titleHasPowerWords","titleHasNumber","hasContentAI"],"hasBreadcrumb":true,"serpData":{"title":"%sitename% %page% %sep% %sitedesc%","description":"","titleTemplate":"%sitename% %page% %sep% %sitedesc%","descriptionTemplate":"","focusKeywords":"","breadcrumbTitle":"Home Page","robots":{"index":true},"advancedRobots":{"max-snippet":"-1","max-video-preview":"-1","max-image-preview":"large"},"facebookTitle":"","facebookDescription":"","facebookImage":"","facebookImageID":""}}},"tocTitle":"Table of Contents","tocExcludeHeadings":[],"listStyle":"ul"},"_links":{"self":[{"href":"https:\/\/drkorkmaz.com\/tr\/wp-json\/wp\/v2\/pages\/13622","targetHints":{"allow":["GET"]}}],"collection":[{"href":"https:\/\/drkorkmaz.com\/tr\/wp-json\/wp\/v2\/pages"}],"about":[{"href":"https:\/\/drkorkmaz.com\/tr\/wp-json\/wp\/v2\/types\/page"}],"author":[{"embeddable":true,"href":"https:\/\/drkorkmaz.com\/tr\/wp-json\/wp\/v2\/users\/1"}],"replies":[{"embeddable":true,"href":"https:\/\/drkorkmaz.com\/tr\/wp-json\/wp\/v2\/comments?post=13622"}],"version-history":[{"count":5,"href":"https:\/\/drkorkmaz.com\/tr\/wp-json\/wp\/v2\/pages\/13622\/revisions"}],"predecessor-version":[{"id":13627,"href":"https:\/\/drkorkmaz.com\/tr\/wp-json\/wp\/v2\/pages\/13622\/revisions\/13627"}],"wp:attachment":[{"href":"https:\/\/drkorkmaz.com\/tr\/wp-json\/wp\/v2\/media?parent=13622"}],"curies":[{"name":"wp","href":"https:\/\/api.w.org\/{rel}","templated":true}]}}