{"id":13634,"date":"2023-03-24T12:19:48","date_gmt":"2023-03-24T12:19:48","guid":{"rendered":"https:\/\/drkorkmaz.com\/goz-alti-torbasi-ameliyati\/"},"modified":"2024-12-20T22:59:57","modified_gmt":"2024-12-20T22:59:57","slug":"goz-alti-torbasi-ameliyati","status":"publish","type":"page","link":"https:\/\/drkorkmaz.com\/tr\/goz-alti-torbasi-ameliyati\/","title":{"rendered":"G\u00f6z Alt\u0131 Torbas\u0131 Ameliyat\u0131"},"content":{"rendered":"<p>[vc_row css=&#8221;.vc_custom_1679743032515{margin-top: 40px !important;}&#8221;][vc_column][vc_single_image image=&#8221;10506&#8243; img_size=&#8221;full&#8221;][vc_column_text]Alt g\u00f6z kapa\u011f\u0131 torbalar\u0131 olarak da bilinen g\u00f6z alt\u0131 torbalar\u0131, bir\u00e7ok insan i\u00e7in yayg\u0131n bir kozmetik sorundur. Bu torbalar ki\u015finin yorgun veya oldu\u011fundan daha ya\u015fl\u0131 g\u00f6r\u00fcnmesine neden olabilir ve makyaj veya di\u011fer cerrahi olmayan se\u00e7eneklerle gizlenmesi zor olabilir. Alt blefaroplasti olarak da bilinen g\u00f6z alt\u0131 torbas\u0131 ameliyat\u0131, alt g\u00f6z kapaklar\u0131n\u0131n g\u00f6r\u00fcn\u00fcm\u00fcn\u00fc \u00f6nemli \u00f6l\u00e7\u00fcde iyile\u015ftirebilen g\u00fcvenli ve etkili bir prosed\u00fcrd\u00fcr.  <\/p>\n<h2>G\u00f6z alt\u0131 torbalar\u0131 neden olur?<\/h2>\n<p>G\u00f6z alt\u0131 torbalar\u0131 genetik, ya\u015flanma ve ya\u015fam tarz\u0131 se\u00e7imleri gibi \u00e7e\u015fitli fakt\u00f6rlerden kaynaklanabilir. \u00c7o\u011fu durumda, g\u00f6z alt\u0131 torbalar\u0131 bu fakt\u00f6rlerin bir kombinasyonundan kaynaklan\u0131r. Genetik: Baz\u0131 insanlar g\u00f6z alt\u0131 torbalar\u0131 geli\u015ftirmeye yatk\u0131nd\u0131r. Bunun nedeni cilt kal\u0131nl\u0131\u011f\u0131, ya\u011f da\u011f\u0131l\u0131m\u0131 ve y\u00fcz kemik yap\u0131s\u0131 gibi fakt\u00f6rler olabilir. Ya\u015flanma: Ya\u015fland\u0131k\u00e7a g\u00f6z \u00e7evresindeki cilt elastikiyetini kaybeder ve incelir. Bu da normalde g\u00f6zleri tamponlayan ya\u011f\u0131n d\u0131\u015far\u0131 \u00e7\u0131kmas\u0131na ve g\u00f6z alt\u0131 torbalar\u0131na neden olabilir. Ya\u015fam tarz\u0131 se\u00e7imleri: Sigara, k\u00f6t\u00fc beslenme ve uyku eksikli\u011fi gibi ya\u015fam tarz\u0131 fakt\u00f6rleri de g\u00f6z alt\u0131 torbalar\u0131n\u0131n geli\u015fimine katk\u0131da bulunabilir. Bu fakt\u00f6rler iltihaplanmaya ve s\u0131v\u0131 tutulmas\u0131na neden olarak g\u00f6z alt\u0131 torbalar\u0131n\u0131 daha belirgin hale getirebilir. <\/p>\n<h2>G\u00f6z Alt\u0131 Torbas\u0131 Ameliyat\u0131 Nas\u0131l Yap\u0131l\u0131r?<\/h2>\n<p>G\u00f6z alt\u0131 torbas\u0131 ameliyat\u0131 tipik olarak sedasyon ile lokal anestezi kullan\u0131larak ayakta tedavi baz\u0131nda ger\u00e7ekle\u015ftirilir. \u0130\u015flem s\u0131ras\u0131nda cerrah ya alt g\u00f6z kapa\u011f\u0131ndan ya da kirpik \u00e7izgisinin hemen alt\u0131ndan kesiler a\u00e7ar. Daha sonra g\u00f6z alt\u0131 torbalar\u0131na neden olan fazla ya\u011f ve dokuyu al\u0131r veya yeniden konumland\u0131r\u0131r ve gerekirse cildi de s\u0131k\u0131la\u015ft\u0131rabilir.  <\/p>\n<h2>\u0130yile\u015fme ve Sonu\u00e7lar<\/h2>\n<p>G\u00f6z alt\u0131 torbas\u0131 ameliyat\u0131ndan sonra hastalar tipik olarak g\u00f6z \u00e7evresinde bir miktar morarma ve \u015fi\u015flik ya\u015farlar. Bu durum so\u011fuk kompres ve a\u011fr\u0131 kesici ila\u00e7larla kontrol alt\u0131na al\u0131nabilir. \u00c7o\u011fu hasta ameliyattan 7-10 g\u00fcn sonra i\u015fine ve di\u011fer normal aktivitelerine d\u00f6nebilir. G\u00f6z alt\u0131 torbas\u0131 ameliyat\u0131n\u0131n sonu\u00e7lar\u0131 tipik olarak uzun \u00f6m\u00fcrl\u00fcd\u00fcr ve \u00e7o\u011fu hasta alt g\u00f6z kapaklar\u0131n\u0131n g\u00f6r\u00fcn\u00fcm\u00fcnde \u00f6nemli bir iyile\u015fme ya\u015far.  <\/p>\n<h2>G\u00f6z alt\u0131 torbas\u0131 ameliyat\u0131 \u00fccreti ne kadar<\/h2>\n<p>Alt blefaroplasti olarak da bilinen g\u00f6z alt\u0131 torbas\u0131 ameliyat\u0131n\u0131n maliyeti, cerrah\u0131n uzmanl\u0131\u011f\u0131, ameliyat merkezinin co\u011frafi konumu ve gerekli prosed\u00fcr\u00fcn kapsam\u0131 gibi fakt\u00f6rlere ba\u011fl\u0131 olarak b\u00fcy\u00fck \u00f6l\u00e7\u00fcde de\u011fi\u015febilir. Ortalama olarak, Amerika Birle\u015fik Devletleri&#8217;nde g\u00f6z alt\u0131 torbas\u0131 ameliyat\u0131n\u0131n maliyeti 2.000 ila 7.000 $ veya daha fazla aras\u0131nda de\u011fi\u015febilir. Ancak, bunun yaln\u0131zca bir tahmin oldu\u011funu ve \u00f6zel ko\u015fullar\u0131n\u0131za ba\u011fl\u0131 olarak maliyetin daha y\u00fcksek veya daha d\u00fc\u015f\u00fck olabilece\u011fini unutmamak \u00f6nemlidir. Se\u00e7eneklerinize ba\u011fl\u0131 olarak, nitelikli bir plastik cerrah ile bir kons\u00fcltasyon planlaman\u0131z ve ameliyat\u0131n maliyeti i\u00e7in ki\u015fiselle\u015ftirilmi\u015f bir fiyat teklifi alman\u0131z \u00f6nerilir. Ayr\u0131ca, prosed\u00fcr\u00fcn plan\u0131n\u0131z kapsam\u0131nda olup olmad\u0131\u011f\u0131n\u0131 g\u00f6rmek i\u00e7in sigorta sa\u011flay\u0131c\u0131n\u0131za dan\u0131\u015fmal\u0131s\u0131n\u0131z.<\/p>\n<h2>G\u00f6z Alt\u0131 Torbas\u0131 Ameliyat\u0131 Sonras\u0131 \u0130yile\u015fme S\u00fcreci<\/h2>\n<p>Blefaroplasti olarak da bilinen g\u00f6z alt\u0131 torbas\u0131 ameliyat\u0131ndan sonra iyile\u015fme genellikle birka\u00e7 hafta s\u00fcrer. \u0130\u015fte iyile\u015fme s\u00fcrecinde uyulmas\u0131 gereken baz\u0131 genel kurallar: <\/p>\n<ol>\n<li>\u0130lk hafta dinlenin ve yorucu aktivitelerden ka\u00e7\u0131n\u0131n: V\u00fccudunuzun d\u00fczg\u00fcn bir \u015fekilde iyile\u015fmesi i\u00e7in ameliyattan sonra dinlenmeniz \u00f6nemlidir. Egzersiz yapmak, a\u011f\u0131r nesneler kald\u0131rmak veya e\u011filmek gibi kan bas\u0131nc\u0131n\u0131 art\u0131rabilecek aktivitelerden ka\u00e7\u0131n\u0131n. <\/li>\n<li>\u015ei\u015fli\u011fi azaltmak i\u00e7in so\u011fuk kompres uygulay\u0131n: So\u011fuk kompresler ameliyat sonras\u0131 \u015fi\u015flik ve morluklar\u0131 azaltmaya yard\u0131mc\u0131 olabilir. Temiz, yumu\u015fak bir bez veya buz torbas\u0131 kullan\u0131n ve etkilenen b\u00f6lgeye her seferinde 10-20 dakika boyunca uygulay\u0131n. <\/li>\n<li>\u0130la\u00e7 al\u0131n: Doktorunuz herhangi bir rahats\u0131zl\u0131\u011f\u0131 hafifletmek veya enfeksiyonu \u00f6nlemek i\u00e7in a\u011fr\u0131 kesici ila\u00e7lar veya antibiyotikler re\u00e7ete edebilir.<\/li>\n<li>Kesi b\u00f6lgesini temiz ve kuru tutun: Enfeksiyonu \u00f6nlemek i\u00e7in kesi b\u00f6lgesini temiz ve kuru tutmak \u00f6nemlidir. Doktorunuz iyile\u015fme s\u00fcrecinde kullan\u0131lmak \u00fczere \u00f6zel bir merhem veya g\u00f6z damlas\u0131 \u00f6nerebilir. <\/li>\n<li>Kontakt lens veya g\u00f6z makyaj\u0131 kullanmaktan ka\u00e7\u0131n\u0131n: Doktorunuz g\u00fcvenli oldu\u011funu s\u00f6yleyene kadar kontakt lens veya g\u00f6z makyaj\u0131 yapmaktan ka\u00e7\u0131n\u0131n.<\/li>\n<li>Doktorunuzla takip randevular\u0131na kat\u0131l\u0131n: Doktorunuz ilerlemenizi izlemek ve d\u00fczg\u00fcn bir \u015fekilde iyile\u015fti\u011finizden emin olmak i\u00e7in takip randevular\u0131 planlayacakt\u0131r.<\/li>\n<li>Sorunsuz ve ba\u015far\u0131l\u0131 bir iyile\u015fme sa\u011flamak i\u00e7in doktorunuzun talimatlar\u0131n\u0131 dikkatle takip etmeniz \u00f6nemlidir. \u0130yile\u015fme s\u00fcrecinde ola\u011fand\u0131\u015f\u0131 belirtiler ya\u015farsan\u0131z veya endi\u015feleriniz varsa derhal doktorunuzla ileti\u015fime ge\u00e7in. <\/li>\n<\/ol>\n<h2>G\u00f6z Alt\u0131 Torbalar\u0131 Ameliyat\u0131 \u00d6ncesi Nelere Dikkat Edilmelidir?<\/h2>\n<p>Alt blefaroplasti olarak da bilinen g\u00f6z alt\u0131 torbas\u0131 ameliyat\u0131n\u0131 d\u00fc\u015f\u00fcnmeden \u00f6nce birka\u00e7 \u015feyi ak\u0131lda tutmak \u00f6nemlidir: Ger\u00e7ek\u00e7i beklentiler: Ameliyat\u0131n sonucu hakk\u0131nda ger\u00e7ek\u00e7i beklentilere sahip olmak \u00e7ok \u00f6nemlidir. Alt blefaroplasti g\u00f6z alt\u0131 torbalar\u0131n\u0131n g\u00f6r\u00fcn\u00fcm\u00fcn\u00fc azaltabilir, ancak tamamen ortadan kald\u0131rmayabilir. Sa\u011fl\u0131k durumu: Ameliyattan \u00f6nce genel olarak sa\u011fl\u0131kl\u0131 olmal\u0131s\u0131n\u0131z. Cerrah\u0131n\u0131z\u0131 y\u00fcksek tansiyon veya diyabet gibi t\u0131bbi durumlar\u0131n yan\u0131 s\u0131ra ald\u0131\u011f\u0131n\u0131z ila\u00e7lar veya takviyeler hakk\u0131nda bilgilendirin. Ya\u015f: Ya\u015f: G\u00f6z alt\u0131 torbalar\u0131 her ya\u015ftan insan\u0131 etkileyebilse de, gen\u00e7 hastalar dolgu maddeleri veya lazer tedavileri gibi cerrahi olmayan tedavilerden daha fazla fayda g\u00f6rebilir. \u0130yile\u015fme s\u00fcresi: Ameliyattan sonra iyile\u015fmek i\u00e7in zamana ihtiyac\u0131n\u0131z olacakt\u0131r ve i\u015fe veya di\u011fer aktivitelere ara vermeniz gerekebilir. Ayr\u0131ca birka\u00e7 hafta boyunca yorucu egzersizlerden ka\u00e7\u0131nman\u0131z gerekecektir. Riskler ve komplikasyonlar: Her ameliyatta oldu\u011fu gibi g\u00f6z alt\u0131 torbas\u0131 ameliyat\u0131n\u0131n da riskleri vard\u0131r. Olas\u0131 komplikasyonlar aras\u0131nda enfeksiyon, kanama, yara izi ve g\u00f6rme de\u011fi\u015fiklikleri yer al\u0131r. Nitelikli bir cerraha g\u00f6r\u00fcn\u00fcn: M\u00fcmk\u00fcn olan en iyi sonucu elde etmek i\u00e7in, alt blefaroplasti konusunda geni\u015f deneyime sahip, kurul sertifikal\u0131 bir plastik cerrah se\u00e7mek \u00e7ok \u00f6nemlidir. G\u00f6z alt\u0131 torbas\u0131 ameliyat\u0131 olmaya karar vermeden \u00f6nce, endi\u015felerinizi ve hedeflerinizi cerrah\u0131n\u0131zla g\u00f6r\u00fc\u015fmeniz ve akl\u0131n\u0131za gelebilecek t\u00fcm sorular\u0131 sorman\u0131z \u00e7ok \u00f6nemlidir.<\/p>\n<p>[\/vc_column_text][\/vc_column][\/vc_row]<\/p>\n","protected":false},"excerpt":{"rendered":"<p>[vc_row css=&#8221;.vc_custom_1679743032515{margin-top: 40px !important;}&#8221;][vc_column][vc_single_image image=&#8221;10506&#8243; img_size=&#8221;full&#8221;][vc_column_text]Alt g\u00f6z kapa\u011f\u0131 torbalar\u0131 olarak da bilinen g\u00f6z alt\u0131 torbalar\u0131, bir\u00e7ok insan i\u00e7in yayg\u0131n bir kozmetik sorundur. Bu torbalar ki\u015finin yorgun veya oldu\u011fundan daha ya\u015fl\u0131 g\u00f6r\u00fcnmesine neden olabilir ve makyaj veya di\u011fer cerrahi olmayan se\u00e7eneklerle gizlenmesi zor olabilir. Alt blefaroplasti olarak da bilinen g\u00f6z alt\u0131 torbas\u0131 ameliyat\u0131, alt g\u00f6z kapaklar\u0131n\u0131n [&hellip;]<\/p>\n","protected":false},"author":1,"featured_media":0,"parent":0,"menu_order":0,"comment_status":"closed","ping_status":"closed","template":"","meta":{"footnotes":""},"class_list":["post-13634","page","type-page","status-publish","hentry"],"rankMath":{"parentDomain":"drkorkmaz.com","noFollowDomains":[],"noFollowExcludeDomains":[],"noFollowExternalLinks":true,"featuredImageNotice":"\u00d6ne \u00e7\u0131kan g\u00f6rsel, Facebook ve di\u011fer sosyal medya siteleri taraf\u0131ndan al\u0131nabilmesi i\u00e7in en az 200 x 200 piksel olmal\u0131d\u0131r.","pluginReviewed":false,"postSettings":{"linkSuggestions":true,"useFocusKeyword":false},"frontEndScore":false,"postName":"goz-alti-torbasi-ameliyati","permalinkFormat":"https:\/\/drkorkmaz.com\/tr\/%pagename%\/","showLockModifiedDate":true,"assessor":{"focusKeywordLink":"https:\/\/drkorkmaz.com\/wp-admin\/edit.php?focus_keyword=%focus_keyword%&post_type=%post_type%","hasTOCPlugin":false,"primaryTaxonomy":false,"serpData":{"title":"","description":"","focusKeywords":"G\u00f6z Alt\u0131 Torbas\u0131 Ameliyat\u0131","pillarContent":false,"canonicalUrl":"","breadcrumbTitle":"","advancedRobots":{"max-snippet":"-1","max-video-preview":"-1","max-image-preview":"large"},"facebookTitle":"","facebookDescription":"","facebookImage":"","facebookImageID":"","facebookHasOverlay":false,"facebookImageOverlay":"","facebookAuthor":"","twitterCardType":"","twitterUseFacebook":true,"twitterTitle":"","twitterDescription":"","twitterImage":"","twitterImageID":"","twitterHasOverlay":false,"twitterImageOverlay":"","twitterPlayerUrl":"","twitterPlayerSize":"","twitterPlayerStream":"","twitterPlayerStreamCtype":"","twitterAppDescription":"","twitterAppIphoneName":"","twitterAppIphoneID":"","twitterAppIphoneUrl":"","twitterAppIpadName":"","twitterAppIpadID":"","twitterAppIpadUrl":"","twitterAppGoogleplayName":"","twitterAppGoogleplayID":"","twitterAppGoogleplayUrl":"","twitterAppCountry":"","robots":{"index":true},"twitterAuthor":"kullan\u0131c\u0131 ad\u0131","primaryTerm":0,"authorName":"admin","titleTemplate":"%title% %page% %sep% %sitename%","descriptionTemplate":"%excerpt%","showScoreFrontend":true,"lockModifiedDate":false},"powerWords":[],"diacritics":{"A":"[\\u0041\\u24B6\\uFF21\\u00C0\\u00C1\\u00C2\\u1EA6\\u1EA4\\u1EAA\\u1EA8\\u00C3\\u0100\\u0102\\u1EB0\\u1EAE\\u1EB4\\u1EB2\\u0226\\u01E0\\u00C4\\u01DE\\u1EA2\\u00C5\\u01FA\\u01CD\\u0200\\u0202\\u1EA0\\u1EAC\\u1EB6\\u1E00\\u0104\\u023A\\u2C6F]","AA":"[\\uA732]","AE":"[\\u00C6\\u01FC\\u01E2]","AO":"[\\uA734]","AU":"[\\uA736]","AV":"[\\uA738\\uA73A]","AY":"[\\uA73C]","B":"[\\u0042\\u24B7\\uFF22\\u1E02\\u1E04\\u1E06\\u0243\\u0182\\u0181]","C":"[\\u0043\\u24B8\\uFF23\\u0106\\u0108\\u010A\\u010C\\u00C7\\u1E08\\u0187\\u023B\\uA73E]","D":"[\\u0044\\u24B9\\uFF24\\u1E0A\\u010E\\u1E0C\\u1E10\\u1E12\\u1E0E\\u0110\\u018B\\u018A\\u0189\\uA779]","DZ":"[\\u01F1\\u01C4]","Dz":"[\\u01F2\\u01C5]","E":"[\\u0045\\u24BA\\uFF25\\u00C8\\u00C9\\u00CA\\u1EC0\\u1EBE\\u1EC4\\u1EC2\\u1EBC\\u0112\\u1E14\\u1E16\\u0114\\u0116\\u00CB\\u1EBA\\u011A\\u0204\\u0206\\u1EB8\\u1EC6\\u0228\\u1E1C\\u0118\\u1E18\\u1E1A\\u0190\\u018E]","F":"[\\u0046\\u24BB\\uFF26\\u1E1E\\u0191\\uA77B]","G":"[\\u0047\\u24BC\\uFF27\\u01F4\\u011C\\u1E20\\u011E\\u0120\\u01E6\\u0122\\u01E4\\u0193\\uA7A0\\uA77D\\uA77E]","H":"[\\u0048\\u24BD\\uFF28\\u0124\\u1E22\\u1E26\\u021E\\u1E24\\u1E28\\u1E2A\\u0126\\u2C67\\u2C75\\uA78D]","I":"[\\u0049\\u24BE\\uFF29\\u00CC\\u00CD\\u00CE\\u0128\\u012A\\u012C\\u0130\\u00CF\\u1E2E\\u1EC8\\u01CF\\u0208\\u020A\\u1ECA\\u012E\\u1E2C\\u0197]","J":"[\\u004A\\u24BF\\uFF2A\\u0134\\u0248]","K":"[\\u004B\\u24C0\\uFF2B\\u1E30\\u01E8\\u1E32\\u0136\\u1E34\\u0198\\u2C69\\uA740\\uA742\\uA744\\uA7A2]","L":"[\\u004C\\u24C1\\uFF2C\\u013F\\u0139\\u013D\\u1E36\\u1E38\\u013B\\u1E3C\\u1E3A\\u0141\\u023D\\u2C62\\u2C60\\uA748\\uA746\\uA780]","LJ":"[\\u01C7]","Lj":"[\\u01C8]","M":"[\\u004D\\u24C2\\uFF2D\\u1E3E\\u1E40\\u1E42\\u2C6E\\u019C]","N":"[\\u004E\\u24C3\\uFF2E\\u01F8\\u0143\\u00D1\\u1E44\\u0147\\u1E46\\u0145\\u1E4A\\u1E48\\u0220\\u019D\\uA790\\uA7A4]","NJ":"[\\u01CA]","Nj":"[\\u01CB]","O":"[\\u004F\\u24C4\\uFF2F\\u00D2\\u00D3\\u00D4\\u1ED2\\u1ED0\\u1ED6\\u1ED4\\u00D5\\u1E4C\\u022C\\u1E4E\\u014C\\u1E50\\u1E52\\u014E\\u022E\\u0230\\u00D6\\u022A\\u1ECE\\u0150\\u01D1\\u020C\\u020E\\u01A0\\u1EDC\\u1EDA\\u1EE0\\u1EDE\\u1EE2\\u1ECC\\u1ED8\\u01EA\\u01EC\\u00D8\\u01FE\\u0186\\u019F\\uA74A\\uA74C]","OI":"[\\u01A2]","OO":"[\\uA74E]","OU":"[\\u0222]","P":"[\\u0050\\u24C5\\uFF30\\u1E54\\u1E56\\u01A4\\u2C63\\uA750\\uA752\\uA754]","Q":"[\\u0051\\u24C6\\uFF31\\uA756\\uA758\\u024A]","R":"[\\u0052\\u24C7\\uFF32\\u0154\\u1E58\\u0158\\u0210\\u0212\\u1E5A\\u1E5C\\u0156\\u1E5E\\u024C\\u2C64\\uA75A\\uA7A6\\uA782]","S":"[\\u0053\\u24C8\\uFF33\\u1E9E\\u015A\\u1E64\\u015C\\u1E60\\u0160\\u1E66\\u1E62\\u1E68\\u0218\\u015E\\u2C7E\\uA7A8\\uA784]","T":"[\\u0054\\u24C9\\uFF34\\u1E6A\\u0164\\u1E6C\\u021A\\u0162\\u1E70\\u1E6E\\u0166\\u01AC\\u01AE\\u023E\\uA786]","TZ":"[\\uA728]","U":"[\\u0055\\u24CA\\uFF35\\u00D9\\u00DA\\u00DB\\u0168\\u1E78\\u016A\\u1E7A\\u016C\\u00DC\\u01DB\\u01D7\\u01D5\\u01D9\\u1EE6\\u016E\\u0170\\u01D3\\u0214\\u0216\\u01AF\\u1EEA\\u1EE8\\u1EEE\\u1EEC\\u1EF0\\u1EE4\\u1E72\\u0172\\u1E76\\u1E74\\u0244]","V":"[\\u0056\\u24CB\\uFF36\\u1E7C\\u1E7E\\u01B2\\uA75E\\u0245]","VY":"[\\uA760]","W":"[\\u0057\\u24CC\\uFF37\\u1E80\\u1E82\\u0174\\u1E86\\u1E84\\u1E88\\u2C72]","X":"[\\u0058\\u24CD\\uFF38\\u1E8A\\u1E8C]","Y":"[\\u0059\\u24CE\\uFF39\\u1EF2\\u00DD\\u0176\\u1EF8\\u0232\\u1E8E\\u0178\\u1EF6\\u1EF4\\u01B3\\u024E\\u1EFE]","Z":"[\\u005A\\u24CF\\uFF3A\\u0179\\u1E90\\u017B\\u017D\\u1E92\\u1E94\\u01B5\\u0224\\u2C7F\\u2C6B\\uA762]","a":"[\\u0061\\u24D0\\uFF41\\u1E9A\\u00E0\\u00E1\\u00E2\\u1EA7\\u1EA5\\u1EAB\\u1EA9\\u00E3\\u0101\\u0103\\u1EB1\\u1EAF\\u1EB5\\u1EB3\\u0227\\u01E1\\u00E4\\u01DF\\u1EA3\\u00E5\\u01FB\\u01CE\\u0201\\u0203\\u1EA1\\u1EAD\\u1EB7\\u1E01\\u0105\\u2C65\\u0250]","aa":"[\\uA733]","ae":"[\\u00E6\\u01FD\\u01E3]","ao":"[\\uA735]","au":"[\\uA737]","av":"[\\uA739\\uA73B]","ay":"[\\uA73D]","b":"[\\u0062\\u24D1\\uFF42\\u1E03\\u1E05\\u1E07\\u0180\\u0183\\u0253]","c":"[\\u0063\\u24D2\\uFF43\\u0107\\u0109\\u010B\\u010D\\u00E7\\u1E09\\u0188\\u023C\\uA73F\\u2184]","d":"[\\u0064\\u24D3\\uFF44\\u1E0B\\u010F\\u1E0D\\u1E11\\u1E13\\u1E0F\\u0111\\u018C\\u0256\\u0257\\uA77A]","dz":"[\\u01F3\\u01C6]","e":"[\\u0065\\u24D4\\uFF45\\u00E8\\u00E9\\u00EA\\u1EC1\\u1EBF\\u1EC5\\u1EC3\\u1EBD\\u0113\\u1E15\\u1E17\\u0115\\u0117\\u00EB\\u1EBB\\u011B\\u0205\\u0207\\u1EB9\\u1EC7\\u0229\\u1E1D\\u0119\\u1E19\\u1E1B\\u0247\\u025B\\u01DD]","f":"[\\u0066\\u24D5\\uFF46\\u1E1F\\u0192\\uA77C]","g":"[\\u0067\\u24D6\\uFF47\\u01F5\\u011D\\u1E21\\u011F\\u0121\\u01E7\\u0123\\u01E5\\u0260\\uA7A1\\u1D79\\uA77F]","h":"[\\u0068\\u24D7\\uFF48\\u0125\\u1E23\\u1E27\\u021F\\u1E25\\u1E29\\u1E2B\\u1E96\\u0127\\u2C68\\u2C76\\u0265]","hv":"[\\u0195]","i":"[\\u0069\\u24D8\\uFF49\\u00EC\\u00ED\\u00EE\\u0129\\u012B\\u012D\\u00EF\\u1E2F\\u1EC9\\u01D0\\u0209\\u020B\\u1ECB\\u012F\\u1E2D\\u0268\\u0131]","j":"[\\u006A\\u24D9\\uFF4A\\u0135\\u01F0\\u0249]","k":"[\\u006B\\u24DA\\uFF4B\\u1E31\\u01E9\\u1E33\\u0137\\u1E35\\u0199\\u2C6A\\uA741\\uA743\\uA745\\uA7A3]","l":"[\\u006C\\u24DB\\uFF4C\\u0140\\u013A\\u013E\\u1E37\\u1E39\\u013C\\u1E3D\\u1E3B\\u017F\\u0142\\u019A\\u026B\\u2C61\\uA749\\uA781\\uA747]","lj":"[\\u01C9]","m":"[\\u006D\\u24DC\\uFF4D\\u1E3F\\u1E41\\u1E43\\u0271\\u026F]","n":"[\\u006E\\u24DD\\uFF4E\\u01F9\\u0144\\u00F1\\u1E45\\u0148\\u1E47\\u0146\\u1E4B\\u1E49\\u019E\\u0272\\u0149\\uA791\\uA7A5]","nj":"[\\u01CC]","o":"[\\u006F\\u24DE\\uFF4F\\u00F2\\u00F3\\u00F4\\u1ED3\\u1ED1\\u1ED7\\u1ED5\\u00F5\\u1E4D\\u022D\\u1E4F\\u014D\\u1E51\\u1E53\\u014F\\u022F\\u0231\\u00F6\\u022B\\u1ECF\\u0151\\u01D2\\u020D\\u020F\\u01A1\\u1EDD\\u1EDB\\u1EE1\\u1EDF\\u1EE3\\u1ECD\\u1ED9\\u01EB\\u01ED\\u00F8\\u01FF\\u0254\\uA74B\\uA74D\\u0275]","oi":"[\\u01A3]","ou":"[\\u0223]","oo":"[\\uA74F]","p":"[\\u0070\\u24DF\\uFF50\\u1E55\\u1E57\\u01A5\\u1D7D\\uA751\\uA753\\uA755]","q":"[\\u0071\\u24E0\\uFF51\\u024B\\uA757\\uA759]","r":"[\\u0072\\u24E1\\uFF52\\u0155\\u1E59\\u0159\\u0211\\u0213\\u1E5B\\u1E5D\\u0157\\u1E5F\\u024D\\u027D\\uA75B\\uA7A7\\uA783]","s":"[\\u0073\\u24E2\\uFF53\\u015B\\u1E65\\u015D\\u1E61\\u0161\\u1E67\\u1E63\\u1E69\\u0219\\u015F\\u023F\\uA7A9\\uA785\\u1E9B]","ss":"[\\u00DF]","t":"[\\u0074\\u24E3\\uFF54\\u1E6B\\u1E97\\u0165\\u1E6D\\u021B\\u0163\\u1E71\\u1E6F\\u0167\\u01AD\\u0288\\u2C66\\uA787]","tz":"[\\uA729]","u":"[\\u0075\\u24E4\\uFF55\\u00F9\\u00FA\\u00FB\\u0169\\u1E79\\u016B\\u1E7B\\u016D\\u00FC\\u01DC\\u01D8\\u01D6\\u01DA\\u1EE7\\u016F\\u0171\\u01D4\\u0215\\u0217\\u01B0\\u1EEB\\u1EE9\\u1EEF\\u1EED\\u1EF1\\u1EE5\\u1E73\\u0173\\u1E77\\u1E75\\u0289]","v":"[\\u0076\\u24E5\\uFF56\\u1E7D\\u1E7F\\u028B\\uA75F\\u028C]","vy":"[\\uA761]","w":"[\\u0077\\u24E6\\uFF57\\u1E81\\u1E83\\u0175\\u1E87\\u1E85\\u1E98\\u1E89\\u2C73]","x":"[\\u0078\\u24E7\\uFF58\\u1E8B\\u1E8D]","y":"[\\u0079\\u24E8\\uFF59\\u1EF3\\u00FD\\u0177\\u1EF9\\u0233\\u1E8F\\u00FF\\u1EF7\\u1E99\\u1EF5\\u01B4\\u024F\\u1EFF]","z":"[\\u007A\\u24E9\\uFF5A\\u017A\\u1E91\\u017C\\u017E\\u1E93\\u1E95\\u01B6\\u0225\\u0240\\u2C6C\\uA763]"},"researchesTests":["contentHasTOC","contentHasShortParagraphs","contentHasAssets","keywordInTitle","keywordInMetaDescription","keywordInPermalink","keywordIn10Percent","keywordInContent","keywordInSubheadings","keywordInImageAlt","keywordDensity","keywordNotUsed","lengthContent","lengthPermalink","linksHasInternal","linksHasExternals","linksNotAllExternals","titleStartWithKeyword","titleSentiment","titleHasPowerWords","titleHasNumber","hasContentAI"],"hasRedirection":true,"hasBreadcrumb":true},"homeUrl":"https:\/\/drkorkmaz.com\/tr\/","objectID":13634,"objectType":"post","locale":"tr","localeFull":"tr_TR","overlayImages":{"play":{"name":"Oynatma simgesi","url":"https:\/\/drkorkmaz.com\/wp-content\/plugins\/seo-by-rank-math\/assets\/admin\/img\/icon-play.png","path":"\/home\/drkorkmaz\/public_html\/wp-content\/plugins\/seo-by-rank-math\/assets\/admin\/img\/icon-play.png","position":"middle_center"},"gif":{"name":"GIF simgesi","url":"https:\/\/drkorkmaz.com\/wp-content\/plugins\/seo-by-rank-math\/assets\/admin\/img\/icon-gif.png","path":"\/home\/drkorkmaz\/public_html\/wp-content\/plugins\/seo-by-rank-math\/assets\/admin\/img\/icon-gif.png","position":"middle_center"}},"defautOgImage":"https:\/\/drkorkmaz.com\/wp-content\/plugins\/seo-by-rank-math\/assets\/admin\/img\/social-placeholder.jpg","customPermalinks":true,"isUserRegistered":true,"autoSuggestKeywords":true,"connectSiteUrl":"https:\/\/rankmath.com\/auth?site=https%3A%2F%2Fdrkorkmaz.com%2Ftr%2F&r=https%3A%2F%2Fdrkorkmaz.com%2Ftr%2Fwp-json%2Fwp%2Fv2%2Fpages%2F13634%3Fnonce%3De0d527d832&pro=1","maxTags":100,"trendsIcon":"<svg viewBox=\"0 0 610 610\"><path d=\"M18.85,446,174.32,290.48l58.08,58.08L76.93,504a14.54,14.54,0,0,1-20.55,0L18.83,466.48a14.54,14.54,0,0,1,0-20.55Z\" style=\"fill:#4285f4\"\/><path d=\"M242.65,242.66,377.59,377.6l-47.75,47.75a14.54,14.54,0,0,1-20.55,0L174.37,290.43l47.75-47.75A14.52,14.52,0,0,1,242.65,242.66Z\" style=\"fill:#ea4335\"\/><polygon points=\"319.53 319.53 479.26 159.8 537.34 217.88 377.61 377.62 319.53 319.53\" style=\"fill:#fabb05\"\/><path d=\"M594.26,262.73V118.61h0a16.94,16.94,0,0,0-16.94-16.94H433.2a16.94,16.94,0,0,0-12,28.92L565.34,274.71h0a16.94,16.94,0,0,0,28.92-12Z\" style=\"fill:#34a853\"\/><rect width=\"610\" height=\"610\" style=\"fill:none\"\/><\/svg>","showScore":true,"siteFavIcon":"https:\/\/drkorkmaz.com\/wp-content\/uploads\/2023\/02\/cropped-favicon-1-32x32.png","canUser":{"general":false,"advanced":false,"snippet":false,"social":false,"analysis":false,"analytics":false,"content_ai":false},"isPro":true,"is_front_page":false,"trendsUpgradeLink":"https:\/\/rankmath.com\/pricing\/?utm_source=Plugin&utm_medium=CE%20General%20Tab%20Trends&utm_campaign=WP","trendsUpgradeLabel":"Y\u00fckseltin","trendsPreviewImage":"https:\/\/drkorkmaz.com\/wp-content\/plugins\/seo-by-rank-math\/assets\/admin\/img\/trends-preview.jpg","currentEditor":false,"homepageData":{"assessor":{"powerWords":[],"diacritics":true,"researchesTests":["contentHasTOC","contentHasShortParagraphs","contentHasAssets","keywordInTitle","keywordInMetaDescription","keywordInPermalink","keywordIn10Percent","keywordInContent","keywordInSubheadings","keywordInImageAlt","keywordDensity","keywordNotUsed","lengthContent","lengthPermalink","linksHasInternal","linksHasExternals","linksNotAllExternals","titleStartWithKeyword","titleSentiment","titleHasPowerWords","titleHasNumber","hasContentAI"],"hasBreadcrumb":true,"serpData":{"title":"%sitename% %page% %sep% %sitedesc%","description":"","titleTemplate":"%sitename% %page% %sep% %sitedesc%","descriptionTemplate":"","focusKeywords":"","breadcrumbTitle":"Home Page","robots":{"index":true},"advancedRobots":{"max-snippet":"-1","max-video-preview":"-1","max-image-preview":"large"},"facebookTitle":"","facebookDescription":"","facebookImage":"","facebookImageID":""}}},"tocTitle":"Table of Contents","tocExcludeHeadings":[],"listStyle":"ul"},"_links":{"self":[{"href":"https:\/\/drkorkmaz.com\/tr\/wp-json\/wp\/v2\/pages\/13634","targetHints":{"allow":["GET"]}}],"collection":[{"href":"https:\/\/drkorkmaz.com\/tr\/wp-json\/wp\/v2\/pages"}],"about":[{"href":"https:\/\/drkorkmaz.com\/tr\/wp-json\/wp\/v2\/types\/page"}],"author":[{"embeddable":true,"href":"https:\/\/drkorkmaz.com\/tr\/wp-json\/wp\/v2\/users\/1"}],"replies":[{"embeddable":true,"href":"https:\/\/drkorkmaz.com\/tr\/wp-json\/wp\/v2\/comments?post=13634"}],"version-history":[{"count":2,"href":"https:\/\/drkorkmaz.com\/tr\/wp-json\/wp\/v2\/pages\/13634\/revisions"}],"predecessor-version":[{"id":13636,"href":"https:\/\/drkorkmaz.com\/tr\/wp-json\/wp\/v2\/pages\/13634\/revisions\/13636"}],"wp:attachment":[{"href":"https:\/\/drkorkmaz.com\/tr\/wp-json\/wp\/v2\/media?parent=13634"}],"curies":[{"name":"wp","href":"https:\/\/api.w.org\/{rel}","templated":true}]}}