{"id":13865,"date":"2023-03-20T08:29:28","date_gmt":"2023-03-20T08:29:28","guid":{"rendered":"https:\/\/drkorkmaz.com\/ozon-terapisi\/"},"modified":"2024-12-26T11:41:57","modified_gmt":"2024-12-26T11:41:57","slug":"ozon-terapisi","status":"publish","type":"page","link":"https:\/\/drkorkmaz.com\/tr\/ozon-terapisi\/","title":{"rendered":"Ozon Terapisi"},"content":{"rendered":"<p>[vc_row css=&#8221;.vc_custom_1680171034879{margin-top: 40px !important;}&#8221;][vc_column width=&#8221;2\/3&#8243;][vc_single_image image=&#8221;10929&#8243; img_size=&#8221;full&#8221;][vc_column_text]Ozon tedavisi, \u00e7e\u015fitli ko\u015fullar\u0131 tedavi etmek i\u00e7in ozon gaz\u0131n\u0131n kullan\u0131m\u0131n\u0131 i\u00e7eren bir alternatif t\u0131p \u015feklidir. Ozon, soludu\u011fumuz oksijende bulunan iki atom yerine \u00fc\u00e7 oksijen atomu i\u00e7eren bir oksijen molek\u00fcl\u00fc t\u00fcr\u00fcd\u00fcr. Kontroll\u00fc dozlarda uyguland\u0131\u011f\u0131nda ozon gaz\u0131n\u0131n v\u00fccut \u00fczerinde \u00e7e\u015fitli tedavi edici etkileri olabilir.<\/p>\n<p>  <\/p>\n<h2>Ozon Tedavisinin Faydalar\u0131<br \/><\/h2>\n<p>Ozon tedavisi, kronik a\u011fr\u0131, enfeksiyonlar ve hatta kanser dahil olmak \u00fczere \u00e7ok \u00e7e\u015fitli rahats\u0131zl\u0131klar\u0131n tedavisinde kullan\u0131lmaktad\u0131r. V\u00fccuttaki oksijen miktar\u0131n\u0131 art\u0131rarak \u00e7al\u0131\u015f\u0131r, bu da dola\u015f\u0131m\u0131 iyile\u015ftirmeye ve ba\u011f\u0131\u015f\u0131kl\u0131k sistemini g\u00fc\u00e7lendirmeye yard\u0131mc\u0131 olabilir. Ozon tedavisinin ayn\u0131 zamanda iltihaplanmay\u0131 azaltmaya ve iyile\u015fmeyi h\u0131zland\u0131rmaya yard\u0131mc\u0131 olabilecek anti-inflamatuar ve antioksidan \u00f6zelliklere sahip oldu\u011fu da g\u00f6sterilmi\u015ftir.<\/p>\n<p>  <\/p>\n<h2>Ozon Terapisi Nas\u0131l \u00c7al\u0131\u015f\u0131r?<\/h2>\n<p>\u0130ntraven\u00f6z (IV) ozon tedavisi, ozon sauna tedavisi ve ozon enjeksiyonlar\u0131 dahil olmak \u00fczere ozon tedavisini uygulaman\u0131n birka\u00e7 farkl\u0131 y\u00f6ntemi vard\u0131r. IV ozon terapisi, ozon gaz\u0131n\u0131n do\u011frudan kan dola\u015f\u0131m\u0131na enjeksiyonunu i\u00e7erirken, ozon sauna terapisi, ozon gaz\u0131 ile a\u015f\u0131lanm\u0131\u015f bir saunada oturmay\u0131 i\u00e7erir. Ozon enjeksiyonlar\u0131, ozon gaz\u0131n\u0131n eklemler veya kaslar gibi v\u00fccudun belirli b\u00f6lgelerine enjekte edilmesini i\u00e7erir. Ozon tedavisi, kullan\u0131lan y\u00f6ntem ne olursa olsun v\u00fccuttaki oksijen miktar\u0131n\u0131 art\u0131rarak \u00e7al\u0131\u015f\u0131r. Bu artan oksijen dola\u015f\u0131m\u0131n iyile\u015ftirilmesine, ba\u011f\u0131\u015f\u0131kl\u0131k sisteminin g\u00fc\u00e7lendirilmesine ve iyile\u015fmenin desteklenmesine yard\u0131mc\u0131 olabilir. Ozon tedavisinin ayn\u0131 zamanda iltihaplanmay\u0131 azaltmaya ve iyile\u015fmeyi h\u0131zland\u0131rmaya yard\u0131mc\u0131 olabilecek anti-inflamatuar ve antioksidan \u00f6zelliklere sahip oldu\u011fu da g\u00f6sterilmi\u015ftir.<\/p>\n<p>  <\/p>\n<h2>Ozon Tedavisi \u0130le Tedavi Edilen Durumlar<\/h2>\n<p>Ozon tedavisi kronik a\u011fr\u0131, enfeksiyonlar ve hatta kanser dahil olmak \u00fczere \u00e7e\u015fitli durumlar\u0131n tedavisinde kullan\u0131lm\u0131\u015ft\u0131r. Artrit ve s\u0131rt a\u011fr\u0131s\u0131 gibi kas-iskelet sistemi rahats\u0131zl\u0131klar\u0131n\u0131n tedavisinde \u00f6zellikle etkili oldu\u011fu g\u00f6sterilmi\u015ftir. Ozon terapisinin antibakteriyel ve antiviral \u00f6zelliklere sahip oldu\u011fu g\u00f6sterildi\u011finden enfeksiyonlar\u0131 tedavi etmek i\u00e7in de kullan\u0131labilir. Ozon terapisi ayn\u0131 zamanda otoimm\u00fcn hastal\u0131klar, alerjiler ve hatta di\u015f enfeksiyonlar\u0131 dahil olmak \u00fczere bir dizi ba\u015fka rahats\u0131zl\u0131\u011f\u0131n tedavisinde de kullan\u0131lmaktad\u0131r. Hatta baz\u0131 \u00e7al\u0131\u015fmalar, ozon tedavisinin belirli kanser t\u00fcrlerinin tedavisinde faydal\u0131 olabilece\u011fini \u00f6ne s\u00fcrse de bu bulgular\u0131n do\u011frulanmas\u0131 i\u00e7in daha fazla ara\u015ft\u0131rmaya ihtiya\u00e7 vard\u0131r.<\/p>\n<p>  <\/p>\n<h2>Ozon Tedavisi G\u00fcvenli midir?<\/h2>\n<p>Ozon tedavisinin genellikle e\u011fitimli bir sa\u011fl\u0131k uzman\u0131 taraf\u0131ndan uyguland\u0131\u011f\u0131nda g\u00fcvenli oldu\u011fu kabul edilir. Ancak her t\u0131bbi tedavide oldu\u011fu gibi ozon tedavisinin de baz\u0131 riskleri vard\u0131r. Ozon tedavisinin en s\u0131k g\u00f6r\u00fclen yan etkileri ba\u015f a\u011fr\u0131s\u0131, yorgunluk ve hafif ate\u015ftir. Nadir durumlarda ozon tedavisi akci\u011fer hasar\u0131 veya kan p\u0131ht\u0131la\u015fmas\u0131 gibi daha ciddi yan etkilere de neden olabilir. Ozon tedavisine ba\u015flamadan \u00f6nce, bunun \u00f6zel ihtiya\u00e7lar\u0131n\u0131z i\u00e7in g\u00fcvenli ve uygun bir tedavi se\u00e7ene\u011fi olup olmad\u0131\u011f\u0131n\u0131 belirlemek i\u00e7in bir sa\u011fl\u0131k uzman\u0131yla konu\u015fman\u0131z \u00f6nemlidir. Ozon tedavisi herkese, \u00f6zellikle de hamile olanlara veya solunum problemleri gibi belirli t\u0131bbi rahats\u0131zl\u0131klar\u0131 olanlara \u00f6nerilmez.<\/p>\n<p>   <\/p>\n<h2>Sonu\u00e7 olarak<\/h2>\n<p>Ozon tedavisi, \u00e7e\u015fitli ko\u015fullar\u0131 tedavi etmek i\u00e7in ozon gaz\u0131n\u0131n kullan\u0131m\u0131n\u0131 i\u00e7eren bir alternatif t\u0131p \u015feklidir. V\u00fccuttaki oksijen miktar\u0131n\u0131 art\u0131rarak \u00e7al\u0131\u015f\u0131r; bu da dola\u015f\u0131m\u0131n iyile\u015ftirilmesine, ba\u011f\u0131\u015f\u0131kl\u0131k sisteminin g\u00fc\u00e7lendirilmesine ve iyile\u015fmenin desteklenmesine yard\u0131mc\u0131 olabilir. Ozon tedavisinin kronik a\u011fr\u0131, enfeksiyonlar ve hatta kanser dahil olmak \u00fczere bir dizi durumun tedavisinde etkili oldu\u011fu g\u00f6sterilmi\u015ftir. Ancak her t\u0131bbi tedavi gibi ozon tedavisinin de baz\u0131 riskleri vard\u0131r ve herkese \u00f6nerilmez. Ozon tedavisini d\u00fc\u015f\u00fcn\u00fcyorsan\u0131z, bunun \u00f6zel ihtiya\u00e7lar\u0131n\u0131z i\u00e7in g\u00fcvenli ve uygun bir tedavi se\u00e7ene\u011fi olup olmad\u0131\u011f\u0131n\u0131 belirlemek i\u00e7in bir sa\u011fl\u0131k uzman\u0131yla konu\u015fman\u0131z \u00f6nemlidir.<\/p>\n<p>    <\/p>\n<h2>Ozon Terapisinin Faydalar\u0131:<br \/><\/h2>\n<ul>\n<li>Ba\u011f\u0131\u015f\u0131kl\u0131k sistemini g\u00fc\u00e7lendirir: Ozon tedavisi, enfeksiyon ve hastal\u0131klarla sava\u015fmaktan sorumlu olan beyaz kan h\u00fccrelerinin \u00fcretimini art\u0131r\u0131r. Bu da ba\u011f\u0131\u015f\u0131kl\u0131k sistemini g\u00fc\u00e7lendirmeye yard\u0131mc\u0131 olur ve v\u00fccudun enfeksiyonlara ve hastal\u0131klara kar\u015f\u0131 sava\u015fma yetene\u011fini art\u0131r\u0131r.\n<p> <\/li>\n<li>Dola\u015f\u0131m\u0131 iyile\u015ftirir: Ozon tedavisi kandaki oksijen seviyesini art\u0131rarak kan dola\u015f\u0131m\u0131n\u0131 iyile\u015ftirir. Bu, inflamasyonu ve \u015fi\u015fli\u011fi azaltmaya yard\u0131mc\u0131 olur ve h\u00fccrelere besin ve oksijen da\u011f\u0131t\u0131m\u0131n\u0131 iyile\u015ftirir.\n<p> <\/li>\n<li>A\u011fr\u0131y\u0131 ve iltihab\u0131 azalt\u0131r: Ozon tedavisinin artrit, s\u0131rt a\u011fr\u0131s\u0131 ve spor yaralanmalar\u0131 dahil olmak \u00fczere \u00e7e\u015fitli durumlarda a\u011fr\u0131y\u0131 ve iltihab\u0131 azaltt\u0131\u011f\u0131 g\u00f6sterilmi\u015ftir.\n<p><\/li>\n<li>Yara iyile\u015fmesini art\u0131r\u0131r: Ozon tedavisi, etkilenen b\u00f6lgeye kan ak\u0131\u015f\u0131n\u0131 art\u0131rarak ve cilt ile ba\u011f dokusunun \u00f6nemli bir bile\u015feni olan kolajen \u00fcretimini te\u015fvik ederek yara iyile\u015fmesinin artmas\u0131na yard\u0131mc\u0131 olur.\n<p><\/li>\n<li>Detoksifikasyonu destekler: Ozon tedavisinin, antioksidan \u00fcretimini art\u0131rarak ve karaci\u011feri toksinleri yok etmesi i\u00e7in uyararak v\u00fccudun detoksifikasyonuna yard\u0131mc\u0131 oldu\u011fu g\u00f6sterilmi\u015ftir.\n<p><\/li>\n<li>Cilt sa\u011fl\u0131\u011f\u0131n\u0131 iyile\u015ftirir: Ozon tedavisinin ince \u00e7izgilerin ve k\u0131r\u0131\u015f\u0131kl\u0131klar\u0131n g\u00f6r\u00fcn\u00fcm\u00fcn\u00fc azaltarak, cilt tonunu ve dokusunu iyile\u015ftirerek, yara izlerinin ve di\u011fer lekelerin g\u00f6r\u00fcn\u00fcm\u00fcn\u00fc azaltarak cilt sa\u011fl\u0131\u011f\u0131n\u0131 iyile\u015ftirdi\u011fi g\u00f6sterilmi\u015ftir.\n<p><\/li>\n<\/ul>\n<p>&nbsp;<\/p>\n<p>Ozon tedavisi \u00e7e\u015fitli sa\u011fl\u0131k ko\u015fullar\u0131 i\u00e7in g\u00fcvenli ve etkili bir tedavi se\u00e7ene\u011fidir. Bununla birlikte, bu terapinin do\u011fru \u015fekilde yap\u0131ld\u0131\u011f\u0131ndan emin olmak i\u00e7in bu terapiyi uygulama konusunda deneyime sahip kalifiye bir uygulay\u0131c\u0131y\u0131 aramak \u00f6nemlidir.<\/p>\n<p> <\/p>\n<p>&nbsp;<\/p>\n<p>Ozon tedavisini d\u00fc\u015f\u00fcn\u00fcyorsan\u0131z, bunun sizin i\u00e7in uygun bir tedavi se\u00e7ene\u011fi olup olmad\u0131\u011f\u0131n\u0131 belirlemek i\u00e7in \u00f6ncelikle sa\u011fl\u0131k uzman\u0131n\u0131zla g\u00f6r\u00fc\u015fmeyi unutmay\u0131n. Bu tedavinin potansiyel yararlar\u0131n\u0131 ve risklerini anlaman\u0131za yard\u0131mc\u0131 olabilirler ve b\u00f6lgenizde kalifiye bir uygulay\u0131c\u0131 bulman\u0131zda size rehberlik edebilirler.<\/p>\n<p> <\/p>\n<p>&nbsp;<\/p>\n<p>\u00d6zetle ozon tedavisi, \u00e7e\u015fitli sa\u011fl\u0131k durumlar\u0131n\u0131n tedavisine yard\u0131mc\u0131 olmak i\u00e7in onlarca y\u0131ld\u0131r kullan\u0131lan do\u011fal ve g\u00fcvenli bir alternatif tedavidir. V\u00fccudun do\u011fal iyile\u015fme s\u00fcre\u00e7lerini geli\u015ftirerek a\u011fr\u0131 ve iltihab\u0131n azalt\u0131lmas\u0131na, yara iyile\u015fmesinin desteklenmesine ve genel sa\u011fl\u0131k ve refah\u0131n iyile\u015ftirilmesine yard\u0131mc\u0131 olabilir.<\/p>\n<p> [\/vc_column_text][\/vc_column][vc_column width=&#8221;1\/3&#8243;][vc_column_text]<\/p>\n<h4 style=\"text-align: center;\">Hizmetlerimiz<\/h4>\n<p>[\/vc_column_text]<!-- radiantthemes-custom-menu --><div class=\"radiantthemes-custom-menu element-one rt1842066230 \"    ><ul id=\"menu-medical-aesthetic-turkce\" class=\"menu rt-mega-menu-transition-default\"><li id=\"menu-item-14517\" class=\"menu-item menu-item-type-post_type menu-item-object-page menu-flyout rt-mega-menu-hover item-14517\"><a  href=\"https:\/\/drkorkmaz.com\/tr\/odak-ultrason\/\">Odak Ultrason<\/a><\/li>\n<li id=\"menu-item-14518\" class=\"menu-item menu-item-type-post_type menu-item-object-page menu-flyout rt-mega-menu-hover item-14518\"><a  href=\"https:\/\/drkorkmaz.com\/tr\/ameliyatsiz-yuz-germe\/\">Ameliyats\u0131z Y\u00fcz Germe<\/a><\/li>\n<li id=\"menu-item-14519\" class=\"menu-item menu-item-type-post_type menu-item-object-page menu-flyout rt-mega-menu-hover item-14519\"><a  href=\"https:\/\/drkorkmaz.com\/tr\/ozon-terapisi\/\">Ozon Terapisi<\/a><\/li>\n<\/ul><\/div>\r<!-- radiantthemes-custom-menu -->\r[\/vc_column][\/vc_row]<\/p>\n","protected":false},"excerpt":{"rendered":"<p>[vc_row css=&#8221;.vc_custom_1680171034879{margin-top: 40px !important;}&#8221;][vc_column width=&#8221;2\/3&#8243;][vc_single_image image=&#8221;10929&#8243; img_size=&#8221;full&#8221;][vc_column_text]Ozon tedavisi, \u00e7e\u015fitli ko\u015fullar\u0131 tedavi etmek i\u00e7in ozon gaz\u0131n\u0131n kullan\u0131m\u0131n\u0131 i\u00e7eren bir alternatif t\u0131p \u015feklidir. Ozon, soludu\u011fumuz oksijende bulunan iki atom yerine \u00fc\u00e7 oksijen atomu i\u00e7eren bir oksijen molek\u00fcl\u00fc t\u00fcr\u00fcd\u00fcr. Kontroll\u00fc dozlarda uyguland\u0131\u011f\u0131nda ozon gaz\u0131n\u0131n v\u00fccut \u00fczerinde \u00e7e\u015fitli tedavi edici etkileri olabilir. Ozon Tedavisinin Faydalar\u0131 Ozon tedavisi, kronik a\u011fr\u0131, [&hellip;]<\/p>\n","protected":false},"author":1,"featured_media":12989,"parent":0,"menu_order":0,"comment_status":"closed","ping_status":"closed","template":"","meta":{"footnotes":""},"class_list":["post-13865","page","type-page","status-publish","has-post-thumbnail","hentry"],"rankMath":{"parentDomain":"drkorkmaz.com","noFollowDomains":[],"noFollowExcludeDomains":[],"noFollowExternalLinks":true,"featuredImageNotice":"\u00d6ne \u00e7\u0131kan g\u00f6rsel, Facebook ve di\u011fer sosyal medya siteleri taraf\u0131ndan al\u0131nabilmesi i\u00e7in en az 200 x 200 piksel olmal\u0131d\u0131r.","pluginReviewed":false,"postSettings":{"linkSuggestions":true,"useFocusKeyword":false},"frontEndScore":false,"postName":"ozon-terapisi","permalinkFormat":"https:\/\/drkorkmaz.com\/tr\/%pagename%\/","showLockModifiedDate":true,"assessor":{"focusKeywordLink":"https:\/\/drkorkmaz.com\/wp-admin\/edit.php?focus_keyword=%focus_keyword%&post_type=%post_type%","hasTOCPlugin":false,"primaryTaxonomy":false,"serpData":{"title":"%title% %page%- Aesthetics Clinics in Istanbul %sep% %sitename%","description":"","focusKeywords":"Ozon Terapisi","pillarContent":false,"canonicalUrl":"","breadcrumbTitle":"","advancedRobots":{"max-snippet":"-1","max-video-preview":"-1","max-image-preview":"large"},"facebookTitle":"","facebookDescription":"","facebookImage":"","facebookImageID":"","facebookHasOverlay":false,"facebookImageOverlay":"","facebookAuthor":"","twitterCardType":"","twitterUseFacebook":true,"twitterTitle":"","twitterDescription":"","twitterImage":"","twitterImageID":"","twitterHasOverlay":false,"twitterImageOverlay":"","twitterPlayerUrl":"","twitterPlayerSize":"","twitterPlayerStream":"","twitterPlayerStreamCtype":"","twitterAppDescription":"","twitterAppIphoneName":"","twitterAppIphoneID":"","twitterAppIphoneUrl":"","twitterAppIpadName":"","twitterAppIpadID":"","twitterAppIpadUrl":"","twitterAppGoogleplayName":"","twitterAppGoogleplayID":"","twitterAppGoogleplayUrl":"","twitterAppCountry":"","robots":{"index":true},"twitterAuthor":"kullan\u0131c\u0131 ad\u0131","primaryTerm":0,"authorName":"admin","titleTemplate":"%title% %page% %sep% %sitename%","descriptionTemplate":"%excerpt%","showScoreFrontend":true,"lockModifiedDate":false},"powerWords":[],"diacritics":{"A":"[\\u0041\\u24B6\\uFF21\\u00C0\\u00C1\\u00C2\\u1EA6\\u1EA4\\u1EAA\\u1EA8\\u00C3\\u0100\\u0102\\u1EB0\\u1EAE\\u1EB4\\u1EB2\\u0226\\u01E0\\u00C4\\u01DE\\u1EA2\\u00C5\\u01FA\\u01CD\\u0200\\u0202\\u1EA0\\u1EAC\\u1EB6\\u1E00\\u0104\\u023A\\u2C6F]","AA":"[\\uA732]","AE":"[\\u00C6\\u01FC\\u01E2]","AO":"[\\uA734]","AU":"[\\uA736]","AV":"[\\uA738\\uA73A]","AY":"[\\uA73C]","B":"[\\u0042\\u24B7\\uFF22\\u1E02\\u1E04\\u1E06\\u0243\\u0182\\u0181]","C":"[\\u0043\\u24B8\\uFF23\\u0106\\u0108\\u010A\\u010C\\u00C7\\u1E08\\u0187\\u023B\\uA73E]","D":"[\\u0044\\u24B9\\uFF24\\u1E0A\\u010E\\u1E0C\\u1E10\\u1E12\\u1E0E\\u0110\\u018B\\u018A\\u0189\\uA779]","DZ":"[\\u01F1\\u01C4]","Dz":"[\\u01F2\\u01C5]","E":"[\\u0045\\u24BA\\uFF25\\u00C8\\u00C9\\u00CA\\u1EC0\\u1EBE\\u1EC4\\u1EC2\\u1EBC\\u0112\\u1E14\\u1E16\\u0114\\u0116\\u00CB\\u1EBA\\u011A\\u0204\\u0206\\u1EB8\\u1EC6\\u0228\\u1E1C\\u0118\\u1E18\\u1E1A\\u0190\\u018E]","F":"[\\u0046\\u24BB\\uFF26\\u1E1E\\u0191\\uA77B]","G":"[\\u0047\\u24BC\\uFF27\\u01F4\\u011C\\u1E20\\u011E\\u0120\\u01E6\\u0122\\u01E4\\u0193\\uA7A0\\uA77D\\uA77E]","H":"[\\u0048\\u24BD\\uFF28\\u0124\\u1E22\\u1E26\\u021E\\u1E24\\u1E28\\u1E2A\\u0126\\u2C67\\u2C75\\uA78D]","I":"[\\u0049\\u24BE\\uFF29\\u00CC\\u00CD\\u00CE\\u0128\\u012A\\u012C\\u0130\\u00CF\\u1E2E\\u1EC8\\u01CF\\u0208\\u020A\\u1ECA\\u012E\\u1E2C\\u0197]","J":"[\\u004A\\u24BF\\uFF2A\\u0134\\u0248]","K":"[\\u004B\\u24C0\\uFF2B\\u1E30\\u01E8\\u1E32\\u0136\\u1E34\\u0198\\u2C69\\uA740\\uA742\\uA744\\uA7A2]","L":"[\\u004C\\u24C1\\uFF2C\\u013F\\u0139\\u013D\\u1E36\\u1E38\\u013B\\u1E3C\\u1E3A\\u0141\\u023D\\u2C62\\u2C60\\uA748\\uA746\\uA780]","LJ":"[\\u01C7]","Lj":"[\\u01C8]","M":"[\\u004D\\u24C2\\uFF2D\\u1E3E\\u1E40\\u1E42\\u2C6E\\u019C]","N":"[\\u004E\\u24C3\\uFF2E\\u01F8\\u0143\\u00D1\\u1E44\\u0147\\u1E46\\u0145\\u1E4A\\u1E48\\u0220\\u019D\\uA790\\uA7A4]","NJ":"[\\u01CA]","Nj":"[\\u01CB]","O":"[\\u004F\\u24C4\\uFF2F\\u00D2\\u00D3\\u00D4\\u1ED2\\u1ED0\\u1ED6\\u1ED4\\u00D5\\u1E4C\\u022C\\u1E4E\\u014C\\u1E50\\u1E52\\u014E\\u022E\\u0230\\u00D6\\u022A\\u1ECE\\u0150\\u01D1\\u020C\\u020E\\u01A0\\u1EDC\\u1EDA\\u1EE0\\u1EDE\\u1EE2\\u1ECC\\u1ED8\\u01EA\\u01EC\\u00D8\\u01FE\\u0186\\u019F\\uA74A\\uA74C]","OI":"[\\u01A2]","OO":"[\\uA74E]","OU":"[\\u0222]","P":"[\\u0050\\u24C5\\uFF30\\u1E54\\u1E56\\u01A4\\u2C63\\uA750\\uA752\\uA754]","Q":"[\\u0051\\u24C6\\uFF31\\uA756\\uA758\\u024A]","R":"[\\u0052\\u24C7\\uFF32\\u0154\\u1E58\\u0158\\u0210\\u0212\\u1E5A\\u1E5C\\u0156\\u1E5E\\u024C\\u2C64\\uA75A\\uA7A6\\uA782]","S":"[\\u0053\\u24C8\\uFF33\\u1E9E\\u015A\\u1E64\\u015C\\u1E60\\u0160\\u1E66\\u1E62\\u1E68\\u0218\\u015E\\u2C7E\\uA7A8\\uA784]","T":"[\\u0054\\u24C9\\uFF34\\u1E6A\\u0164\\u1E6C\\u021A\\u0162\\u1E70\\u1E6E\\u0166\\u01AC\\u01AE\\u023E\\uA786]","TZ":"[\\uA728]","U":"[\\u0055\\u24CA\\uFF35\\u00D9\\u00DA\\u00DB\\u0168\\u1E78\\u016A\\u1E7A\\u016C\\u00DC\\u01DB\\u01D7\\u01D5\\u01D9\\u1EE6\\u016E\\u0170\\u01D3\\u0214\\u0216\\u01AF\\u1EEA\\u1EE8\\u1EEE\\u1EEC\\u1EF0\\u1EE4\\u1E72\\u0172\\u1E76\\u1E74\\u0244]","V":"[\\u0056\\u24CB\\uFF36\\u1E7C\\u1E7E\\u01B2\\uA75E\\u0245]","VY":"[\\uA760]","W":"[\\u0057\\u24CC\\uFF37\\u1E80\\u1E82\\u0174\\u1E86\\u1E84\\u1E88\\u2C72]","X":"[\\u0058\\u24CD\\uFF38\\u1E8A\\u1E8C]","Y":"[\\u0059\\u24CE\\uFF39\\u1EF2\\u00DD\\u0176\\u1EF8\\u0232\\u1E8E\\u0178\\u1EF6\\u1EF4\\u01B3\\u024E\\u1EFE]","Z":"[\\u005A\\u24CF\\uFF3A\\u0179\\u1E90\\u017B\\u017D\\u1E92\\u1E94\\u01B5\\u0224\\u2C7F\\u2C6B\\uA762]","a":"[\\u0061\\u24D0\\uFF41\\u1E9A\\u00E0\\u00E1\\u00E2\\u1EA7\\u1EA5\\u1EAB\\u1EA9\\u00E3\\u0101\\u0103\\u1EB1\\u1EAF\\u1EB5\\u1EB3\\u0227\\u01E1\\u00E4\\u01DF\\u1EA3\\u00E5\\u01FB\\u01CE\\u0201\\u0203\\u1EA1\\u1EAD\\u1EB7\\u1E01\\u0105\\u2C65\\u0250]","aa":"[\\uA733]","ae":"[\\u00E6\\u01FD\\u01E3]","ao":"[\\uA735]","au":"[\\uA737]","av":"[\\uA739\\uA73B]","ay":"[\\uA73D]","b":"[\\u0062\\u24D1\\uFF42\\u1E03\\u1E05\\u1E07\\u0180\\u0183\\u0253]","c":"[\\u0063\\u24D2\\uFF43\\u0107\\u0109\\u010B\\u010D\\u00E7\\u1E09\\u0188\\u023C\\uA73F\\u2184]","d":"[\\u0064\\u24D3\\uFF44\\u1E0B\\u010F\\u1E0D\\u1E11\\u1E13\\u1E0F\\u0111\\u018C\\u0256\\u0257\\uA77A]","dz":"[\\u01F3\\u01C6]","e":"[\\u0065\\u24D4\\uFF45\\u00E8\\u00E9\\u00EA\\u1EC1\\u1EBF\\u1EC5\\u1EC3\\u1EBD\\u0113\\u1E15\\u1E17\\u0115\\u0117\\u00EB\\u1EBB\\u011B\\u0205\\u0207\\u1EB9\\u1EC7\\u0229\\u1E1D\\u0119\\u1E19\\u1E1B\\u0247\\u025B\\u01DD]","f":"[\\u0066\\u24D5\\uFF46\\u1E1F\\u0192\\uA77C]","g":"[\\u0067\\u24D6\\uFF47\\u01F5\\u011D\\u1E21\\u011F\\u0121\\u01E7\\u0123\\u01E5\\u0260\\uA7A1\\u1D79\\uA77F]","h":"[\\u0068\\u24D7\\uFF48\\u0125\\u1E23\\u1E27\\u021F\\u1E25\\u1E29\\u1E2B\\u1E96\\u0127\\u2C68\\u2C76\\u0265]","hv":"[\\u0195]","i":"[\\u0069\\u24D8\\uFF49\\u00EC\\u00ED\\u00EE\\u0129\\u012B\\u012D\\u00EF\\u1E2F\\u1EC9\\u01D0\\u0209\\u020B\\u1ECB\\u012F\\u1E2D\\u0268\\u0131]","j":"[\\u006A\\u24D9\\uFF4A\\u0135\\u01F0\\u0249]","k":"[\\u006B\\u24DA\\uFF4B\\u1E31\\u01E9\\u1E33\\u0137\\u1E35\\u0199\\u2C6A\\uA741\\uA743\\uA745\\uA7A3]","l":"[\\u006C\\u24DB\\uFF4C\\u0140\\u013A\\u013E\\u1E37\\u1E39\\u013C\\u1E3D\\u1E3B\\u017F\\u0142\\u019A\\u026B\\u2C61\\uA749\\uA781\\uA747]","lj":"[\\u01C9]","m":"[\\u006D\\u24DC\\uFF4D\\u1E3F\\u1E41\\u1E43\\u0271\\u026F]","n":"[\\u006E\\u24DD\\uFF4E\\u01F9\\u0144\\u00F1\\u1E45\\u0148\\u1E47\\u0146\\u1E4B\\u1E49\\u019E\\u0272\\u0149\\uA791\\uA7A5]","nj":"[\\u01CC]","o":"[\\u006F\\u24DE\\uFF4F\\u00F2\\u00F3\\u00F4\\u1ED3\\u1ED1\\u1ED7\\u1ED5\\u00F5\\u1E4D\\u022D\\u1E4F\\u014D\\u1E51\\u1E53\\u014F\\u022F\\u0231\\u00F6\\u022B\\u1ECF\\u0151\\u01D2\\u020D\\u020F\\u01A1\\u1EDD\\u1EDB\\u1EE1\\u1EDF\\u1EE3\\u1ECD\\u1ED9\\u01EB\\u01ED\\u00F8\\u01FF\\u0254\\uA74B\\uA74D\\u0275]","oi":"[\\u01A3]","ou":"[\\u0223]","oo":"[\\uA74F]","p":"[\\u0070\\u24DF\\uFF50\\u1E55\\u1E57\\u01A5\\u1D7D\\uA751\\uA753\\uA755]","q":"[\\u0071\\u24E0\\uFF51\\u024B\\uA757\\uA759]","r":"[\\u0072\\u24E1\\uFF52\\u0155\\u1E59\\u0159\\u0211\\u0213\\u1E5B\\u1E5D\\u0157\\u1E5F\\u024D\\u027D\\uA75B\\uA7A7\\uA783]","s":"[\\u0073\\u24E2\\uFF53\\u015B\\u1E65\\u015D\\u1E61\\u0161\\u1E67\\u1E63\\u1E69\\u0219\\u015F\\u023F\\uA7A9\\uA785\\u1E9B]","ss":"[\\u00DF]","t":"[\\u0074\\u24E3\\uFF54\\u1E6B\\u1E97\\u0165\\u1E6D\\u021B\\u0163\\u1E71\\u1E6F\\u0167\\u01AD\\u0288\\u2C66\\uA787]","tz":"[\\uA729]","u":"[\\u0075\\u24E4\\uFF55\\u00F9\\u00FA\\u00FB\\u0169\\u1E79\\u016B\\u1E7B\\u016D\\u00FC\\u01DC\\u01D8\\u01D6\\u01DA\\u1EE7\\u016F\\u0171\\u01D4\\u0215\\u0217\\u01B0\\u1EEB\\u1EE9\\u1EEF\\u1EED\\u1EF1\\u1EE5\\u1E73\\u0173\\u1E77\\u1E75\\u0289]","v":"[\\u0076\\u24E5\\uFF56\\u1E7D\\u1E7F\\u028B\\uA75F\\u028C]","vy":"[\\uA761]","w":"[\\u0077\\u24E6\\uFF57\\u1E81\\u1E83\\u0175\\u1E87\\u1E85\\u1E98\\u1E89\\u2C73]","x":"[\\u0078\\u24E7\\uFF58\\u1E8B\\u1E8D]","y":"[\\u0079\\u24E8\\uFF59\\u1EF3\\u00FD\\u0177\\u1EF9\\u0233\\u1E8F\\u00FF\\u1EF7\\u1E99\\u1EF5\\u01B4\\u024F\\u1EFF]","z":"[\\u007A\\u24E9\\uFF5A\\u017A\\u1E91\\u017C\\u017E\\u1E93\\u1E95\\u01B6\\u0225\\u0240\\u2C6C\\uA763]"},"researchesTests":["contentHasTOC","contentHasShortParagraphs","contentHasAssets","keywordInTitle","keywordInMetaDescription","keywordInPermalink","keywordIn10Percent","keywordInContent","keywordInSubheadings","keywordInImageAlt","keywordDensity","keywordNotUsed","lengthContent","lengthPermalink","linksHasInternal","linksHasExternals","linksNotAllExternals","titleStartWithKeyword","titleSentiment","titleHasPowerWords","titleHasNumber","hasContentAI"],"hasRedirection":true,"hasBreadcrumb":true},"homeUrl":"https:\/\/drkorkmaz.com\/tr\/","objectID":13865,"objectType":"post","locale":"tr","localeFull":"tr_TR","overlayImages":{"play":{"name":"Oynatma simgesi","url":"https:\/\/drkorkmaz.com\/wp-content\/plugins\/seo-by-rank-math\/assets\/admin\/img\/icon-play.png","path":"\/home\/drkorkmaz\/public_html\/wp-content\/plugins\/seo-by-rank-math\/assets\/admin\/img\/icon-play.png","position":"middle_center"},"gif":{"name":"GIF simgesi","url":"https:\/\/drkorkmaz.com\/wp-content\/plugins\/seo-by-rank-math\/assets\/admin\/img\/icon-gif.png","path":"\/home\/drkorkmaz\/public_html\/wp-content\/plugins\/seo-by-rank-math\/assets\/admin\/img\/icon-gif.png","position":"middle_center"}},"defautOgImage":"https:\/\/drkorkmaz.com\/wp-content\/plugins\/seo-by-rank-math\/assets\/admin\/img\/social-placeholder.jpg","customPermalinks":true,"isUserRegistered":true,"autoSuggestKeywords":true,"connectSiteUrl":"https:\/\/rankmath.com\/auth?site=https%3A%2F%2Fdrkorkmaz.com%2Ftr%2F&r=https%3A%2F%2Fdrkorkmaz.com%2Ftr%2Fwp-json%2Fwp%2Fv2%2Fpages%2F13865%3Fnonce%3D5c013c5e49&pro=1","maxTags":100,"trendsIcon":"<svg viewBox=\"0 0 610 610\"><path d=\"M18.85,446,174.32,290.48l58.08,58.08L76.93,504a14.54,14.54,0,0,1-20.55,0L18.83,466.48a14.54,14.54,0,0,1,0-20.55Z\" style=\"fill:#4285f4\"\/><path d=\"M242.65,242.66,377.59,377.6l-47.75,47.75a14.54,14.54,0,0,1-20.55,0L174.37,290.43l47.75-47.75A14.52,14.52,0,0,1,242.65,242.66Z\" style=\"fill:#ea4335\"\/><polygon points=\"319.53 319.53 479.26 159.8 537.34 217.88 377.61 377.62 319.53 319.53\" style=\"fill:#fabb05\"\/><path d=\"M594.26,262.73V118.61h0a16.94,16.94,0,0,0-16.94-16.94H433.2a16.94,16.94,0,0,0-12,28.92L565.34,274.71h0a16.94,16.94,0,0,0,28.92-12Z\" style=\"fill:#34a853\"\/><rect width=\"610\" height=\"610\" style=\"fill:none\"\/><\/svg>","showScore":true,"siteFavIcon":"https:\/\/drkorkmaz.com\/wp-content\/uploads\/2023\/02\/cropped-favicon-1-32x32.png","canUser":{"general":false,"advanced":false,"snippet":false,"social":false,"analysis":false,"analytics":false,"content_ai":false},"isPro":true,"is_front_page":false,"trendsUpgradeLink":"https:\/\/rankmath.com\/pricing\/?utm_source=Plugin&utm_medium=CE%20General%20Tab%20Trends&utm_campaign=WP","trendsUpgradeLabel":"Y\u00fckseltin","trendsPreviewImage":"https:\/\/drkorkmaz.com\/wp-content\/plugins\/seo-by-rank-math\/assets\/admin\/img\/trends-preview.jpg","currentEditor":false,"homepageData":{"assessor":{"powerWords":[],"diacritics":true,"researchesTests":["contentHasTOC","contentHasShortParagraphs","contentHasAssets","keywordInTitle","keywordInMetaDescription","keywordInPermalink","keywordIn10Percent","keywordInContent","keywordInSubheadings","keywordInImageAlt","keywordDensity","keywordNotUsed","lengthContent","lengthPermalink","linksHasInternal","linksHasExternals","linksNotAllExternals","titleStartWithKeyword","titleSentiment","titleHasPowerWords","titleHasNumber","hasContentAI"],"hasBreadcrumb":true,"serpData":{"title":"%sitename% %page% %sep% %sitedesc%","description":"","titleTemplate":"%sitename% %page% %sep% %sitedesc%","descriptionTemplate":"","focusKeywords":"","breadcrumbTitle":"Home Page","robots":{"index":true},"advancedRobots":{"max-snippet":"-1","max-video-preview":"-1","max-image-preview":"large"},"facebookTitle":"","facebookDescription":"","facebookImage":"","facebookImageID":""}}},"tocTitle":"Table of Contents","tocExcludeHeadings":[],"listStyle":"ul"},"_links":{"self":[{"href":"https:\/\/drkorkmaz.com\/tr\/wp-json\/wp\/v2\/pages\/13865","targetHints":{"allow":["GET"]}}],"collection":[{"href":"https:\/\/drkorkmaz.com\/tr\/wp-json\/wp\/v2\/pages"}],"about":[{"href":"https:\/\/drkorkmaz.com\/tr\/wp-json\/wp\/v2\/types\/page"}],"author":[{"embeddable":true,"href":"https:\/\/drkorkmaz.com\/tr\/wp-json\/wp\/v2\/users\/1"}],"replies":[{"embeddable":true,"href":"https:\/\/drkorkmaz.com\/tr\/wp-json\/wp\/v2\/comments?post=13865"}],"version-history":[{"count":2,"href":"https:\/\/drkorkmaz.com\/tr\/wp-json\/wp\/v2\/pages\/13865\/revisions"}],"predecessor-version":[{"id":13867,"href":"https:\/\/drkorkmaz.com\/tr\/wp-json\/wp\/v2\/pages\/13865\/revisions\/13867"}],"wp:featuredmedia":[{"embeddable":true,"href":"https:\/\/drkorkmaz.com\/tr\/wp-json\/wp\/v2\/media\/12989"}],"wp:attachment":[{"href":"https:\/\/drkorkmaz.com\/tr\/wp-json\/wp\/v2\/media?parent=13865"}],"curies":[{"name":"wp","href":"https:\/\/api.w.org\/{rel}","templated":true}]}}