{"id":14012,"date":"2023-01-27T07:56:24","date_gmt":"2023-01-27T07:56:24","guid":{"rendered":"https:\/\/drkorkmaz.com\/karin-germe-abdominoplasti\/"},"modified":"2024-12-26T12:09:20","modified_gmt":"2024-12-26T12:09:20","slug":"karin-germe-abdominoplasti","status":"publish","type":"page","link":"https:\/\/drkorkmaz.com\/tr\/karin-germe-abdominoplasti\/","title":{"rendered":"Kar\u0131n Germe (Abdominoplasti)"},"content":{"rendered":"<p>[vc_row css=&#8221;.vc_custom_1674474394396{margin-top: 40px !important;}&#8221;][vc_column width=&#8221;2\/3&#8243;][vc_column_text]Abdominoplasti olarak da bilinen <strong>kar\u0131n germe,<\/strong> kar\u0131ndaki fazla deri ve ya\u011flar\u0131 alan ve daha p\u00fcr\u00fczs\u00fcz, daha d\u00fcz bir kar\u0131n olu\u015fturmak i\u00e7in kar\u0131n kaslar\u0131n\u0131 s\u0131k\u0131la\u015ft\u0131ran bir kozmetik cerrahi prosed\u00fcr\u00fcd\u00fcr. Bu prosed\u00fcr, hamilelik, \u00f6nemli \u00f6l\u00e7\u00fcde kilo kayb\u0131 veya ya\u015flanma nedeniyle gev\u015femi\u015f, sarkm\u0131\u015f cilde ve zay\u0131flam\u0131\u015f kar\u0131n kaslar\u0131na sahip hem erkekler hem de kad\u0131nlar aras\u0131nda pop\u00fclerdir. Kar\u0131n germe ameliyat\u0131n\u0131 d\u00fc\u015f\u00fcn\u00fcyorsan\u0131z, prosed\u00fcr\u00fc, faydalar\u0131n\u0131 ve risklerini ve iyile\u015fme s\u0131ras\u0131nda neler beklemeniz gerekti\u011fini anlamak \u00f6nemlidir. \u0130\u015fte bilmeniz gerekenler. <\/p>\n<h2>Prosed\u00fcr<\/h2>\n<p><strong>Kar\u0131n germe<\/strong> ameliyat\u0131 genellikle genel anestezi alt\u0131nda yap\u0131l\u0131r ve prosed\u00fcr\u00fcn kapsam\u0131na ba\u011fl\u0131 olarak 2 ila 5 saat aras\u0131nda s\u00fcrebilir. Cerrah\u0131n\u0131z alt kar\u0131n b\u00f6lgesinde, kas\u0131k b\u00f6lgesinin \u00fczerinde yatay bir kesi yapacak ve kar\u0131n b\u00f6lgesindeki fazla deri ve ya\u011f\u0131 alacakt\u0131r. Kar\u0131n kaslar\u0131 s\u0131k\u0131la\u015ft\u0131r\u0131lacak ve daha s\u0131k\u0131 ve belirgin bir orta b\u00f6l\u00fcm olu\u015fturmak i\u00e7in birbirine dikilecektir. Kalan deri daha sonra a\u015fa\u011f\u0131 \u00e7ekilir ve yerine dikilerek daha p\u00fcr\u00fczs\u00fcz, daha d\u00fcz bir kar\u0131n olu\u015fturulur.   <\/p>\n<h2>Avantajlar<\/h2>\n<p>Kar\u0131n germe ameliyat\u0131n\u0131n ana faydas\u0131 daha s\u0131k\u0131 ve d\u00fcz bir kar\u0131n b\u00f6lgesidir. Bu prosed\u00fcr, tipik olarak fazla deri ile birlikte \u00e7\u0131kar\u0131ld\u0131klar\u0131 i\u00e7in alt kar\u0131n b\u00f6lgesindeki \u00e7atlaklar\u0131n ve yara izlerinin g\u00f6r\u00fcn\u00fcm\u00fcn\u00fc de iyile\u015ftirebilir. S\u0131k\u0131la\u015ft\u0131r\u0131lm\u0131\u015f kar\u0131n kaslar\u0131 omurgaya ek destek sa\u011flad\u0131\u011f\u0131ndan, kar\u0131n germe ameliyat\u0131 duru\u015fu da iyile\u015ftirebilir ve s\u0131rt a\u011fr\u0131s\u0131n\u0131 hafifletebilir.  <\/p>\n<h2>Riskler<\/h2>\n<p>Her ameliyat gibi kar\u0131n germe ameliyat\u0131 da riskler ta\u015f\u0131r. Baz\u0131 yayg\u0131n riskler aras\u0131nda kanama, enfeksiyon ve anesteziye kar\u015f\u0131 advers reaksiyonlar yer al\u0131r. Baz\u0131 durumlarda hastalar s\u0131v\u0131 birikimi, k\u00f6t\u00fc yara iyile\u015fmesi veya kar\u0131n b\u00f6lgesinde uyu\u015fukluk ya\u015fayabilir. Komplikasyon riskinizi en aza indirmek i\u00e7in bu riskleri cerrah\u0131n\u0131zla g\u00f6r\u00fc\u015fmeniz ve ameliyat sonras\u0131 t\u00fcm talimatlara uyman\u0131z \u00f6nemlidir.   <\/p>\n<h2>Kurtarma<\/h2>\n<p>Kar\u0131n germe ameliyat\u0131ndan sonra iyile\u015fme birka\u00e7 hafta s\u00fcrebilir. \u015ei\u015fli\u011fi azaltmak ve iyile\u015fen dokular\u0131 desteklemek i\u00e7in bir kompresyon giysisi giymeniz gerekecektir. En az 4 ila 6 hafta boyunca yorucu aktivitelerden ka\u00e7\u0131nmal\u0131 ve en az 6 hafta boyunca a\u011f\u0131r bir \u015fey kald\u0131rmaktan ka\u00e7\u0131nmal\u0131s\u0131n\u0131z. \u00c7o\u011fu hasta 2 ila 4 hafta i\u00e7inde i\u015fine ve normal faaliyetlerine d\u00f6nebilir, ancak nihai sonu\u00e7lar\u0131n g\u00f6r\u00fcn\u00fcr hale gelmesi birka\u00e7 ay s\u00fcrebilir.[\/vc_column_text][vc_single_image image=&#8221;10319&#8243; img_size=&#8221;full&#8221;][vc_column_text]<\/p>\n<h2>Sonu\u00e7<\/h2>\n<p>Kar\u0131n germe ameliyat\u0131 gev\u015femi\u015f, sarkm\u0131\u015f cilde ve zay\u0131flam\u0131\u015f kar\u0131n kaslar\u0131na sahip hastalar i\u00e7in dramatik sonu\u00e7lar sa\u011flayabilir. Kar\u0131n germe ameliyat\u0131n\u0131n sizin i\u00e7in do\u011fru olup olmad\u0131\u011f\u0131na karar vermeden \u00f6nce prosed\u00fcr\u00fc, faydalar\u0131n\u0131 ve risklerini ve iyile\u015fme s\u00fcrecinde neler beklemeniz gerekti\u011fini anlamak \u00f6nemlidir. Kar\u0131n germe ameliyat\u0131 olmay\u0131 d\u00fc\u015f\u00fcn\u00fcyorsan\u0131z, s\u00fcre\u00e7 boyunca size rehberlik edebilecek ve m\u00fcmk\u00fcn olan en iyi sonu\u00e7lar\u0131 elde etmenize yard\u0131mc\u0131 olabilecek nitelikli ve deneyimli bir plastik cerraha dan\u0131\u015ft\u0131\u011f\u0131n\u0131zdan emin olun. <\/p>\n<h2>Kar\u0131n Germe (Abdominoplasti): Sizin i\u00e7in Do\u011fru mu?<\/h2>\n<p>Kar\u0131n germe veya abdominoplasti, kar\u0131n b\u00f6lgesindeki fazla deri ve ya\u011f\u0131 alan ve daha d\u00fcz, p\u00fcr\u00fczs\u00fcz bir kar\u0131n olu\u015fturmak i\u00e7in kaslar\u0131 s\u0131k\u0131la\u015ft\u0131ran cerrahi bir prosed\u00fcrd\u00fcr. Bu prosed\u00fcr, \u00f6nemli miktarda kilo vermi\u015f veya hamilelik veya ya\u015flanma nedeniyle fazla deri ve ya\u011fa sahip erkekler ve kad\u0131nlar aras\u0131nda pop\u00fclerdir. Kar\u0131n germe yapt\u0131rmay\u0131 d\u00fc\u015f\u00fcn\u00fcyorsan\u0131z, karar\u0131n\u0131z\u0131 vermeden \u00f6nce bilmeniz gereken birka\u00e7 \u015fey vard\u0131r. <\/p>\n<h2>Kar\u0131n Germe \u0130\u00e7in Kimler \u0130yi Bir Adayd\u0131r?<\/h2>\n<p>Kar\u0131n germe i\u00e7in en iyi adaylar, genel sa\u011fl\u0131k durumu iyi olan ve prosed\u00fcr\u00fcn sonucu i\u00e7in ger\u00e7ek\u00e7i beklentileri olan bireylerdir. Kar\u0131n germe bir kilo verme ameliyat\u0131 olmad\u0131\u011f\u0131ndan, ideal kilonuzda veya ideal kilonuza yak\u0131n olmal\u0131s\u0131n\u0131z. <\/p>\n<h3>Ayr\u0131ca, kar\u0131n germe ameliyat\u0131 i\u00e7in iyi bir aday olabilirsiniz:<\/h3>\n<ol>\n<li>Kar\u0131n b\u00f6lgesinde gev\u015fek veya sark\u0131k deri<\/li>\n<li>Diyet ve egzersize diren\u00e7li a\u015f\u0131r\u0131 ya\u011f<\/li>\n<li>Ayr\u0131lm\u0131\u015f veya zay\u0131flam\u0131\u015f kar\u0131n kaslar\u0131 (diastasis recti)<\/li>\n<\/ol>\n<p>Kar\u0131n germe i\u015fleminin genel anestezi ve \u00f6nemli bir iyile\u015fme d\u00f6nemi gerektiren b\u00fcy\u00fck bir cerrahi prosed\u00fcr oldu\u011funu unutmamak \u00f6nemlidir. \u0130\u015flemden sonraki birka\u00e7 hafta boyunca i\u015ften izin almaya ve yorucu aktivitelerden ka\u00e7\u0131nmaya haz\u0131rl\u0131kl\u0131 olmal\u0131s\u0131n\u0131z. <\/p>\n<h2>Kar\u0131n Germe \u0130\u015flemi S\u0131ras\u0131nda Sizi Neler Bekler?<\/h2>\n<p>Kar\u0131n germe prosed\u00fcr\u00fc s\u0131ras\u0131nda cerrah\u0131n\u0131z alt kar\u0131n b\u00f6lgeniz boyunca bir kesi a\u00e7acak ve fazla deri ve ya\u011f\u0131 alacakt\u0131r. Ayr\u0131ca daha p\u00fcr\u00fczs\u00fcz, daha tonlu bir g\u00f6r\u00fcn\u00fcm olu\u015fturmak i\u00e7in altta yatan kaslar\u0131 da s\u0131k\u0131la\u015ft\u0131rabilirler. Kesi\u011fin uzunlu\u011fu ve yeri, prosed\u00fcr\u00fcn kapsam\u0131na ve bireysel ihtiya\u00e7lar\u0131n\u0131za ba\u011fl\u0131 olacakt\u0131r. Baz\u0131 durumlarda, daha k\u00fc\u00e7\u00fck bir kesi ve daha az kapsaml\u0131 bir ameliyat i\u00e7eren mini bir kar\u0131n germe yap\u0131labilir. \u0130\u015flemden sonra iyile\u015fme odas\u0131nda izleneceksiniz ve bir gece hastanede kalman\u0131z gerekebilir. \u015ei\u015fli\u011fi en aza indirmek ve iyile\u015fme s\u00fcrecini desteklemek i\u00e7in bir kompresyon giysisi giymeniz gerekecektir. <\/p>\n<h2>\u0130yile\u015fme ve Sonu\u00e7lar<\/h2>\n<p>Kar\u0131n germe i\u015fleminden sonra iyile\u015fme birka\u00e7 hafta s\u00fcrebilir ve bu s\u00fcre zarf\u0131nda yorucu aktivitelerden ve a\u011f\u0131r kald\u0131rmaktan ka\u00e7\u0131nman\u0131z gerekecektir. \u0130\u015flemi takip eden g\u00fcnler ve haftalarda bir miktar \u015fi\u015flik, morarma ve rahats\u0131zl\u0131k da ya\u015fayabilirsiniz. Zamanla, \u015fi\u015flik azald\u0131k\u00e7a ve v\u00fccudunuz iyile\u015ftik\u00e7e, kar\u0131n germe i\u015fleminizin tam sonu\u00e7lar\u0131n\u0131 g\u00f6rmeye ba\u015flayacaks\u0131n\u0131z. Daha d\u00fcz, p\u00fcr\u00fczs\u00fcz bir kar\u0131n ve kar\u0131n b\u00f6lgesinde daha tonlu bir g\u00f6r\u00fcn\u00fcm fark etmelisiniz. Prosed\u00fcr\u00fcn uzun vadeli ba\u015far\u0131s\u0131n\u0131 sa\u011flamak i\u00e7in kar\u0131n germe i\u015fleminizden sonra sa\u011fl\u0131kl\u0131 bir diyet ve egzersiz rutini s\u00fcrd\u00fcrmek \u00f6nemlidir. <\/p>\n<h2>Kar\u0131n Germe Sizin \u0130\u00e7in Do\u011fru mu?<\/h2>\n<p>Kar\u0131n germe yapt\u0131rmay\u0131 d\u00fc\u015f\u00fcn\u00fcyorsan\u0131z, hedeflerinizi ve beklentilerinizi nitelikli bir plastik cerrahla g\u00f6r\u00fc\u015fmeniz \u00f6nemlidir. Prosed\u00fcr\u00fcn sizin i\u00e7in do\u011fru olup olmad\u0131\u011f\u0131n\u0131 belirlemenize ve istedi\u011finiz sonu\u00e7lar\u0131 elde etmenize yard\u0131mc\u0131 olacak ki\u015fiselle\u015ftirilmi\u015f bir tedavi plan\u0131 olu\u015fturman\u0131za yard\u0131mc\u0131 olabilirler. G\u00fcn\u00fcn sonunda kar\u0131n germe, kar\u0131n b\u00f6lgesindeki fazla deri ve ya\u011f ile m\u00fccadele edenler i\u00e7in hayat de\u011fi\u015ftiren bir prosed\u00fcr olabilir. Daha d\u00fcz, daha s\u0131k\u0131 bir kar\u0131na do\u011fru bir sonraki ad\u0131m\u0131 atmaya haz\u0131rsan\u0131z, kar\u0131n germe hakk\u0131nda daha fazla bilgi edinmek ve sizin i\u00e7in do\u011fru olup olmad\u0131\u011f\u0131n\u0131 \u00f6\u011frenmek i\u00e7in kalifiye bir plastik cerrahla ileti\u015fime ge\u00e7in.[\/vc_column_text][\/vc_column][vc_column width=&#8221;1\/3&#8243;][vc_column_text]<\/p>\n<h4 style=\"text-align: center;\">Hizmetlerimiz<\/h4>\n<p>[\/vc_column_text]<!-- radiantthemes-custom-menu --><div class=\"radiantthemes-custom-menu element-one rt3310886010 \"    ><ul id=\"menu-body-aesthetic\" class=\"menu rt-mega-menu-transition-default\"><li id=\"menu-item-10327\" class=\"menu-item menu-item-type-post_type menu-item-object-page menu-flyout rt-mega-menu-hover item-10327\"><a  href=\"https:\/\/drkorkmaz.com\/buttock-aesthetics\/\">Buttock Aesthetics<\/a><\/li>\n<li id=\"menu-item-10323\" class=\"menu-item menu-item-type-post_type menu-item-object-page menu-flyout rt-mega-menu-hover item-10323\"><a  href=\"https:\/\/drkorkmaz.com\/leg-aesthetics\/\">Leg Aesthetics<\/a><\/li>\n<li id=\"menu-item-10324\" class=\"menu-item menu-item-type-post_type menu-item-object-page menu-flyout rt-mega-menu-hover item-10324\"><a  href=\"https:\/\/drkorkmaz.com\/liposuction\/\">Liposuction<\/a><\/li>\n<li id=\"menu-item-10325\" class=\"menu-item menu-item-type-post_type menu-item-object-page menu-flyout rt-mega-menu-hover item-10325\"><a  href=\"https:\/\/drkorkmaz.com\/tummy-tuck-abdominoplasty\/\">Tummy Tuck (Abdominoplasty)<\/a><\/li>\n<li id=\"menu-item-10326\" class=\"menu-item menu-item-type-post_type menu-item-object-page menu-flyout rt-mega-menu-hover item-10326\"><a  href=\"https:\/\/drkorkmaz.com\/upper-arm-aesthetics\/\">Upper Arm Aesthetics<\/a><\/li>\n<\/ul><\/div>\r<!-- radiantthemes-custom-menu -->\r[\/vc_column][\/vc_row]<\/p>\n","protected":false},"excerpt":{"rendered":"<p>[vc_row css=&#8221;.vc_custom_1674474394396{margin-top: 40px !important;}&#8221;][vc_column width=&#8221;2\/3&#8243;][vc_column_text]Abdominoplasti olarak da bilinen kar\u0131n germe, kar\u0131ndaki fazla deri ve ya\u011flar\u0131 alan ve daha p\u00fcr\u00fczs\u00fcz, daha d\u00fcz bir kar\u0131n olu\u015fturmak i\u00e7in kar\u0131n kaslar\u0131n\u0131 s\u0131k\u0131la\u015ft\u0131ran bir kozmetik cerrahi prosed\u00fcr\u00fcd\u00fcr. Bu prosed\u00fcr, hamilelik, \u00f6nemli \u00f6l\u00e7\u00fcde kilo kayb\u0131 veya ya\u015flanma nedeniyle gev\u015femi\u015f, sarkm\u0131\u015f cilde ve zay\u0131flam\u0131\u015f kar\u0131n kaslar\u0131na sahip hem erkekler hem de kad\u0131nlar [&hellip;]<\/p>\n","protected":false},"author":1,"featured_media":12809,"parent":0,"menu_order":0,"comment_status":"closed","ping_status":"closed","template":"","meta":{"footnotes":""},"class_list":["post-14012","page","type-page","status-publish","has-post-thumbnail","hentry"],"rankMath":{"parentDomain":"drkorkmaz.com","noFollowDomains":[],"noFollowExcludeDomains":[],"noFollowExternalLinks":true,"featuredImageNotice":"\u00d6ne \u00e7\u0131kan g\u00f6rsel, Facebook ve di\u011fer sosyal medya siteleri taraf\u0131ndan al\u0131nabilmesi i\u00e7in en az 200 x 200 piksel olmal\u0131d\u0131r.","pluginReviewed":false,"postSettings":{"linkSuggestions":true,"useFocusKeyword":false},"frontEndScore":false,"postName":"karin-germe-abdominoplasti","permalinkFormat":"https:\/\/drkorkmaz.com\/tr\/%pagename%\/","showLockModifiedDate":true,"assessor":{"focusKeywordLink":"https:\/\/drkorkmaz.com\/wp-admin\/edit.php?focus_keyword=%focus_keyword%&post_type=%post_type%","hasTOCPlugin":false,"primaryTaxonomy":false,"serpData":{"title":"%title% %page% T\u00fcrkiye'de %sep% %sitename%","description":"","focusKeywords":"Kar\u0131n Germe","pillarContent":false,"canonicalUrl":"","breadcrumbTitle":"","advancedRobots":{"max-snippet":"-1","max-video-preview":"-1","max-image-preview":"large"},"facebookTitle":"","facebookDescription":"","facebookImage":"","facebookImageID":"","facebookHasOverlay":false,"facebookImageOverlay":"","facebookAuthor":"","twitterCardType":"","twitterUseFacebook":true,"twitterTitle":"","twitterDescription":"","twitterImage":"","twitterImageID":"","twitterHasOverlay":false,"twitterImageOverlay":"","twitterPlayerUrl":"","twitterPlayerSize":"","twitterPlayerStream":"","twitterPlayerStreamCtype":"","twitterAppDescription":"","twitterAppIphoneName":"","twitterAppIphoneID":"","twitterAppIphoneUrl":"","twitterAppIpadName":"","twitterAppIpadID":"","twitterAppIpadUrl":"","twitterAppGoogleplayName":"","twitterAppGoogleplayID":"","twitterAppGoogleplayUrl":"","twitterAppCountry":"","robots":{"index":true},"twitterAuthor":"kullan\u0131c\u0131 ad\u0131","primaryTerm":0,"authorName":"admin","titleTemplate":"%title% %page% %sep% %sitename%","descriptionTemplate":"%excerpt%","showScoreFrontend":true,"lockModifiedDate":false},"powerWords":[],"diacritics":{"A":"[\\u0041\\u24B6\\uFF21\\u00C0\\u00C1\\u00C2\\u1EA6\\u1EA4\\u1EAA\\u1EA8\\u00C3\\u0100\\u0102\\u1EB0\\u1EAE\\u1EB4\\u1EB2\\u0226\\u01E0\\u00C4\\u01DE\\u1EA2\\u00C5\\u01FA\\u01CD\\u0200\\u0202\\u1EA0\\u1EAC\\u1EB6\\u1E00\\u0104\\u023A\\u2C6F]","AA":"[\\uA732]","AE":"[\\u00C6\\u01FC\\u01E2]","AO":"[\\uA734]","AU":"[\\uA736]","AV":"[\\uA738\\uA73A]","AY":"[\\uA73C]","B":"[\\u0042\\u24B7\\uFF22\\u1E02\\u1E04\\u1E06\\u0243\\u0182\\u0181]","C":"[\\u0043\\u24B8\\uFF23\\u0106\\u0108\\u010A\\u010C\\u00C7\\u1E08\\u0187\\u023B\\uA73E]","D":"[\\u0044\\u24B9\\uFF24\\u1E0A\\u010E\\u1E0C\\u1E10\\u1E12\\u1E0E\\u0110\\u018B\\u018A\\u0189\\uA779]","DZ":"[\\u01F1\\u01C4]","Dz":"[\\u01F2\\u01C5]","E":"[\\u0045\\u24BA\\uFF25\\u00C8\\u00C9\\u00CA\\u1EC0\\u1EBE\\u1EC4\\u1EC2\\u1EBC\\u0112\\u1E14\\u1E16\\u0114\\u0116\\u00CB\\u1EBA\\u011A\\u0204\\u0206\\u1EB8\\u1EC6\\u0228\\u1E1C\\u0118\\u1E18\\u1E1A\\u0190\\u018E]","F":"[\\u0046\\u24BB\\uFF26\\u1E1E\\u0191\\uA77B]","G":"[\\u0047\\u24BC\\uFF27\\u01F4\\u011C\\u1E20\\u011E\\u0120\\u01E6\\u0122\\u01E4\\u0193\\uA7A0\\uA77D\\uA77E]","H":"[\\u0048\\u24BD\\uFF28\\u0124\\u1E22\\u1E26\\u021E\\u1E24\\u1E28\\u1E2A\\u0126\\u2C67\\u2C75\\uA78D]","I":"[\\u0049\\u24BE\\uFF29\\u00CC\\u00CD\\u00CE\\u0128\\u012A\\u012C\\u0130\\u00CF\\u1E2E\\u1EC8\\u01CF\\u0208\\u020A\\u1ECA\\u012E\\u1E2C\\u0197]","J":"[\\u004A\\u24BF\\uFF2A\\u0134\\u0248]","K":"[\\u004B\\u24C0\\uFF2B\\u1E30\\u01E8\\u1E32\\u0136\\u1E34\\u0198\\u2C69\\uA740\\uA742\\uA744\\uA7A2]","L":"[\\u004C\\u24C1\\uFF2C\\u013F\\u0139\\u013D\\u1E36\\u1E38\\u013B\\u1E3C\\u1E3A\\u0141\\u023D\\u2C62\\u2C60\\uA748\\uA746\\uA780]","LJ":"[\\u01C7]","Lj":"[\\u01C8]","M":"[\\u004D\\u24C2\\uFF2D\\u1E3E\\u1E40\\u1E42\\u2C6E\\u019C]","N":"[\\u004E\\u24C3\\uFF2E\\u01F8\\u0143\\u00D1\\u1E44\\u0147\\u1E46\\u0145\\u1E4A\\u1E48\\u0220\\u019D\\uA790\\uA7A4]","NJ":"[\\u01CA]","Nj":"[\\u01CB]","O":"[\\u004F\\u24C4\\uFF2F\\u00D2\\u00D3\\u00D4\\u1ED2\\u1ED0\\u1ED6\\u1ED4\\u00D5\\u1E4C\\u022C\\u1E4E\\u014C\\u1E50\\u1E52\\u014E\\u022E\\u0230\\u00D6\\u022A\\u1ECE\\u0150\\u01D1\\u020C\\u020E\\u01A0\\u1EDC\\u1EDA\\u1EE0\\u1EDE\\u1EE2\\u1ECC\\u1ED8\\u01EA\\u01EC\\u00D8\\u01FE\\u0186\\u019F\\uA74A\\uA74C]","OI":"[\\u01A2]","OO":"[\\uA74E]","OU":"[\\u0222]","P":"[\\u0050\\u24C5\\uFF30\\u1E54\\u1E56\\u01A4\\u2C63\\uA750\\uA752\\uA754]","Q":"[\\u0051\\u24C6\\uFF31\\uA756\\uA758\\u024A]","R":"[\\u0052\\u24C7\\uFF32\\u0154\\u1E58\\u0158\\u0210\\u0212\\u1E5A\\u1E5C\\u0156\\u1E5E\\u024C\\u2C64\\uA75A\\uA7A6\\uA782]","S":"[\\u0053\\u24C8\\uFF33\\u1E9E\\u015A\\u1E64\\u015C\\u1E60\\u0160\\u1E66\\u1E62\\u1E68\\u0218\\u015E\\u2C7E\\uA7A8\\uA784]","T":"[\\u0054\\u24C9\\uFF34\\u1E6A\\u0164\\u1E6C\\u021A\\u0162\\u1E70\\u1E6E\\u0166\\u01AC\\u01AE\\u023E\\uA786]","TZ":"[\\uA728]","U":"[\\u0055\\u24CA\\uFF35\\u00D9\\u00DA\\u00DB\\u0168\\u1E78\\u016A\\u1E7A\\u016C\\u00DC\\u01DB\\u01D7\\u01D5\\u01D9\\u1EE6\\u016E\\u0170\\u01D3\\u0214\\u0216\\u01AF\\u1EEA\\u1EE8\\u1EEE\\u1EEC\\u1EF0\\u1EE4\\u1E72\\u0172\\u1E76\\u1E74\\u0244]","V":"[\\u0056\\u24CB\\uFF36\\u1E7C\\u1E7E\\u01B2\\uA75E\\u0245]","VY":"[\\uA760]","W":"[\\u0057\\u24CC\\uFF37\\u1E80\\u1E82\\u0174\\u1E86\\u1E84\\u1E88\\u2C72]","X":"[\\u0058\\u24CD\\uFF38\\u1E8A\\u1E8C]","Y":"[\\u0059\\u24CE\\uFF39\\u1EF2\\u00DD\\u0176\\u1EF8\\u0232\\u1E8E\\u0178\\u1EF6\\u1EF4\\u01B3\\u024E\\u1EFE]","Z":"[\\u005A\\u24CF\\uFF3A\\u0179\\u1E90\\u017B\\u017D\\u1E92\\u1E94\\u01B5\\u0224\\u2C7F\\u2C6B\\uA762]","a":"[\\u0061\\u24D0\\uFF41\\u1E9A\\u00E0\\u00E1\\u00E2\\u1EA7\\u1EA5\\u1EAB\\u1EA9\\u00E3\\u0101\\u0103\\u1EB1\\u1EAF\\u1EB5\\u1EB3\\u0227\\u01E1\\u00E4\\u01DF\\u1EA3\\u00E5\\u01FB\\u01CE\\u0201\\u0203\\u1EA1\\u1EAD\\u1EB7\\u1E01\\u0105\\u2C65\\u0250]","aa":"[\\uA733]","ae":"[\\u00E6\\u01FD\\u01E3]","ao":"[\\uA735]","au":"[\\uA737]","av":"[\\uA739\\uA73B]","ay":"[\\uA73D]","b":"[\\u0062\\u24D1\\uFF42\\u1E03\\u1E05\\u1E07\\u0180\\u0183\\u0253]","c":"[\\u0063\\u24D2\\uFF43\\u0107\\u0109\\u010B\\u010D\\u00E7\\u1E09\\u0188\\u023C\\uA73F\\u2184]","d":"[\\u0064\\u24D3\\uFF44\\u1E0B\\u010F\\u1E0D\\u1E11\\u1E13\\u1E0F\\u0111\\u018C\\u0256\\u0257\\uA77A]","dz":"[\\u01F3\\u01C6]","e":"[\\u0065\\u24D4\\uFF45\\u00E8\\u00E9\\u00EA\\u1EC1\\u1EBF\\u1EC5\\u1EC3\\u1EBD\\u0113\\u1E15\\u1E17\\u0115\\u0117\\u00EB\\u1EBB\\u011B\\u0205\\u0207\\u1EB9\\u1EC7\\u0229\\u1E1D\\u0119\\u1E19\\u1E1B\\u0247\\u025B\\u01DD]","f":"[\\u0066\\u24D5\\uFF46\\u1E1F\\u0192\\uA77C]","g":"[\\u0067\\u24D6\\uFF47\\u01F5\\u011D\\u1E21\\u011F\\u0121\\u01E7\\u0123\\u01E5\\u0260\\uA7A1\\u1D79\\uA77F]","h":"[\\u0068\\u24D7\\uFF48\\u0125\\u1E23\\u1E27\\u021F\\u1E25\\u1E29\\u1E2B\\u1E96\\u0127\\u2C68\\u2C76\\u0265]","hv":"[\\u0195]","i":"[\\u0069\\u24D8\\uFF49\\u00EC\\u00ED\\u00EE\\u0129\\u012B\\u012D\\u00EF\\u1E2F\\u1EC9\\u01D0\\u0209\\u020B\\u1ECB\\u012F\\u1E2D\\u0268\\u0131]","j":"[\\u006A\\u24D9\\uFF4A\\u0135\\u01F0\\u0249]","k":"[\\u006B\\u24DA\\uFF4B\\u1E31\\u01E9\\u1E33\\u0137\\u1E35\\u0199\\u2C6A\\uA741\\uA743\\uA745\\uA7A3]","l":"[\\u006C\\u24DB\\uFF4C\\u0140\\u013A\\u013E\\u1E37\\u1E39\\u013C\\u1E3D\\u1E3B\\u017F\\u0142\\u019A\\u026B\\u2C61\\uA749\\uA781\\uA747]","lj":"[\\u01C9]","m":"[\\u006D\\u24DC\\uFF4D\\u1E3F\\u1E41\\u1E43\\u0271\\u026F]","n":"[\\u006E\\u24DD\\uFF4E\\u01F9\\u0144\\u00F1\\u1E45\\u0148\\u1E47\\u0146\\u1E4B\\u1E49\\u019E\\u0272\\u0149\\uA791\\uA7A5]","nj":"[\\u01CC]","o":"[\\u006F\\u24DE\\uFF4F\\u00F2\\u00F3\\u00F4\\u1ED3\\u1ED1\\u1ED7\\u1ED5\\u00F5\\u1E4D\\u022D\\u1E4F\\u014D\\u1E51\\u1E53\\u014F\\u022F\\u0231\\u00F6\\u022B\\u1ECF\\u0151\\u01D2\\u020D\\u020F\\u01A1\\u1EDD\\u1EDB\\u1EE1\\u1EDF\\u1EE3\\u1ECD\\u1ED9\\u01EB\\u01ED\\u00F8\\u01FF\\u0254\\uA74B\\uA74D\\u0275]","oi":"[\\u01A3]","ou":"[\\u0223]","oo":"[\\uA74F]","p":"[\\u0070\\u24DF\\uFF50\\u1E55\\u1E57\\u01A5\\u1D7D\\uA751\\uA753\\uA755]","q":"[\\u0071\\u24E0\\uFF51\\u024B\\uA757\\uA759]","r":"[\\u0072\\u24E1\\uFF52\\u0155\\u1E59\\u0159\\u0211\\u0213\\u1E5B\\u1E5D\\u0157\\u1E5F\\u024D\\u027D\\uA75B\\uA7A7\\uA783]","s":"[\\u0073\\u24E2\\uFF53\\u015B\\u1E65\\u015D\\u1E61\\u0161\\u1E67\\u1E63\\u1E69\\u0219\\u015F\\u023F\\uA7A9\\uA785\\u1E9B]","ss":"[\\u00DF]","t":"[\\u0074\\u24E3\\uFF54\\u1E6B\\u1E97\\u0165\\u1E6D\\u021B\\u0163\\u1E71\\u1E6F\\u0167\\u01AD\\u0288\\u2C66\\uA787]","tz":"[\\uA729]","u":"[\\u0075\\u24E4\\uFF55\\u00F9\\u00FA\\u00FB\\u0169\\u1E79\\u016B\\u1E7B\\u016D\\u00FC\\u01DC\\u01D8\\u01D6\\u01DA\\u1EE7\\u016F\\u0171\\u01D4\\u0215\\u0217\\u01B0\\u1EEB\\u1EE9\\u1EEF\\u1EED\\u1EF1\\u1EE5\\u1E73\\u0173\\u1E77\\u1E75\\u0289]","v":"[\\u0076\\u24E5\\uFF56\\u1E7D\\u1E7F\\u028B\\uA75F\\u028C]","vy":"[\\uA761]","w":"[\\u0077\\u24E6\\uFF57\\u1E81\\u1E83\\u0175\\u1E87\\u1E85\\u1E98\\u1E89\\u2C73]","x":"[\\u0078\\u24E7\\uFF58\\u1E8B\\u1E8D]","y":"[\\u0079\\u24E8\\uFF59\\u1EF3\\u00FD\\u0177\\u1EF9\\u0233\\u1E8F\\u00FF\\u1EF7\\u1E99\\u1EF5\\u01B4\\u024F\\u1EFF]","z":"[\\u007A\\u24E9\\uFF5A\\u017A\\u1E91\\u017C\\u017E\\u1E93\\u1E95\\u01B6\\u0225\\u0240\\u2C6C\\uA763]"},"researchesTests":["contentHasTOC","contentHasShortParagraphs","contentHasAssets","keywordInTitle","keywordInMetaDescription","keywordInPermalink","keywordIn10Percent","keywordInContent","keywordInSubheadings","keywordInImageAlt","keywordDensity","keywordNotUsed","lengthContent","lengthPermalink","linksHasInternal","linksHasExternals","linksNotAllExternals","titleStartWithKeyword","titleSentiment","titleHasPowerWords","titleHasNumber","hasContentAI"],"hasRedirection":true,"hasBreadcrumb":true},"homeUrl":"https:\/\/drkorkmaz.com\/tr\/","objectID":14012,"objectType":"post","locale":"tr","localeFull":"tr_TR","overlayImages":{"play":{"name":"Oynatma simgesi","url":"https:\/\/drkorkmaz.com\/wp-content\/plugins\/seo-by-rank-math\/assets\/admin\/img\/icon-play.png","path":"\/home\/drkorkmaz\/public_html\/wp-content\/plugins\/seo-by-rank-math\/assets\/admin\/img\/icon-play.png","position":"middle_center"},"gif":{"name":"GIF simgesi","url":"https:\/\/drkorkmaz.com\/wp-content\/plugins\/seo-by-rank-math\/assets\/admin\/img\/icon-gif.png","path":"\/home\/drkorkmaz\/public_html\/wp-content\/plugins\/seo-by-rank-math\/assets\/admin\/img\/icon-gif.png","position":"middle_center"}},"defautOgImage":"https:\/\/drkorkmaz.com\/wp-content\/plugins\/seo-by-rank-math\/assets\/admin\/img\/social-placeholder.jpg","customPermalinks":true,"isUserRegistered":true,"autoSuggestKeywords":true,"connectSiteUrl":"https:\/\/rankmath.com\/auth?site=https%3A%2F%2Fdrkorkmaz.com%2Ftr%2F&r=https%3A%2F%2Fdrkorkmaz.com%2Ftr%2Fwp-json%2Fwp%2Fv2%2Fpages%2F14012%3Fnonce%3D5c013c5e49&pro=1","maxTags":100,"trendsIcon":"<svg viewBox=\"0 0 610 610\"><path d=\"M18.85,446,174.32,290.48l58.08,58.08L76.93,504a14.54,14.54,0,0,1-20.55,0L18.83,466.48a14.54,14.54,0,0,1,0-20.55Z\" style=\"fill:#4285f4\"\/><path d=\"M242.65,242.66,377.59,377.6l-47.75,47.75a14.54,14.54,0,0,1-20.55,0L174.37,290.43l47.75-47.75A14.52,14.52,0,0,1,242.65,242.66Z\" style=\"fill:#ea4335\"\/><polygon points=\"319.53 319.53 479.26 159.8 537.34 217.88 377.61 377.62 319.53 319.53\" style=\"fill:#fabb05\"\/><path d=\"M594.26,262.73V118.61h0a16.94,16.94,0,0,0-16.94-16.94H433.2a16.94,16.94,0,0,0-12,28.92L565.34,274.71h0a16.94,16.94,0,0,0,28.92-12Z\" style=\"fill:#34a853\"\/><rect width=\"610\" height=\"610\" style=\"fill:none\"\/><\/svg>","showScore":true,"siteFavIcon":"https:\/\/drkorkmaz.com\/wp-content\/uploads\/2023\/02\/cropped-favicon-1-32x32.png","canUser":{"general":false,"advanced":false,"snippet":false,"social":false,"analysis":false,"analytics":false,"content_ai":false},"isPro":true,"is_front_page":false,"trendsUpgradeLink":"https:\/\/rankmath.com\/pricing\/?utm_source=Plugin&utm_medium=CE%20General%20Tab%20Trends&utm_campaign=WP","trendsUpgradeLabel":"Y\u00fckseltin","trendsPreviewImage":"https:\/\/drkorkmaz.com\/wp-content\/plugins\/seo-by-rank-math\/assets\/admin\/img\/trends-preview.jpg","currentEditor":false,"homepageData":{"assessor":{"powerWords":[],"diacritics":true,"researchesTests":["contentHasTOC","contentHasShortParagraphs","contentHasAssets","keywordInTitle","keywordInMetaDescription","keywordInPermalink","keywordIn10Percent","keywordInContent","keywordInSubheadings","keywordInImageAlt","keywordDensity","keywordNotUsed","lengthContent","lengthPermalink","linksHasInternal","linksHasExternals","linksNotAllExternals","titleStartWithKeyword","titleSentiment","titleHasPowerWords","titleHasNumber","hasContentAI"],"hasBreadcrumb":true,"serpData":{"title":"%sitename% %page% %sep% %sitedesc%","description":"","titleTemplate":"%sitename% %page% %sep% %sitedesc%","descriptionTemplate":"","focusKeywords":"","breadcrumbTitle":"Home Page","robots":{"index":true},"advancedRobots":{"max-snippet":"-1","max-video-preview":"-1","max-image-preview":"large"},"facebookTitle":"","facebookDescription":"","facebookImage":"","facebookImageID":""}}},"tocTitle":"Table of Contents","tocExcludeHeadings":[],"listStyle":"ul"},"_links":{"self":[{"href":"https:\/\/drkorkmaz.com\/tr\/wp-json\/wp\/v2\/pages\/14012","targetHints":{"allow":["GET"]}}],"collection":[{"href":"https:\/\/drkorkmaz.com\/tr\/wp-json\/wp\/v2\/pages"}],"about":[{"href":"https:\/\/drkorkmaz.com\/tr\/wp-json\/wp\/v2\/types\/page"}],"author":[{"embeddable":true,"href":"https:\/\/drkorkmaz.com\/tr\/wp-json\/wp\/v2\/users\/1"}],"replies":[{"embeddable":true,"href":"https:\/\/drkorkmaz.com\/tr\/wp-json\/wp\/v2\/comments?post=14012"}],"version-history":[{"count":2,"href":"https:\/\/drkorkmaz.com\/tr\/wp-json\/wp\/v2\/pages\/14012\/revisions"}],"predecessor-version":[{"id":14014,"href":"https:\/\/drkorkmaz.com\/tr\/wp-json\/wp\/v2\/pages\/14012\/revisions\/14014"}],"wp:featuredmedia":[{"embeddable":true,"href":"https:\/\/drkorkmaz.com\/tr\/wp-json\/wp\/v2\/media\/12809"}],"wp:attachment":[{"href":"https:\/\/drkorkmaz.com\/tr\/wp-json\/wp\/v2\/media?parent=14012"}],"curies":[{"name":"wp","href":"https:\/\/api.w.org\/{rel}","templated":true}]}}